{"id":8,"date":"2019-01-11T10:14:57","date_gmt":"2019-01-11T09:14:57","guid":{"rendered":"http:\/\/dd-design.ch\/?page_id=8"},"modified":"2025-05-25T19:14:01","modified_gmt":"2025-05-25T17:14:01","slug":"a-propos-de","status":"publish","type":"page","link":"https:\/\/dd-design.ch\/?page_id=8","title":{"rendered":"\u00c0 propos de"},"content":{"rendered":"<h4 data-start=\"399\" data-end=\"484\"><strong data-start=\"403\" data-end=\"484\">DD Design \u2013 Mobilier et luminaires design pour particuliers et professionnels<\/strong><\/h4>\n<p data-start=\"486\" data-end=\"882\"><strong data-start=\"486\" data-end=\"499\">DD Design<\/strong> est une entreprise sp\u00e9cialis\u00e9e dans la vente et la conception de <strong data-start=\"565\" data-end=\"590\">mobilier contemporain<\/strong>, de <strong data-start=\"595\" data-end=\"616\">luminaires design<\/strong> et de <strong data-start=\"623\" data-end=\"661\">solutions d\u2019am\u00e9nagement sur mesure<\/strong>. Que vous soyez un <strong data-start=\"681\" data-end=\"696\">particulier<\/strong> \u00e0 la recherche d\u2019un int\u00e9rieur \u00e9l\u00e9gant ou un <strong data-start=\"741\" data-end=\"758\">professionnel<\/strong> souhaitant optimiser ses espaces de travail, nous vous proposons des <strong data-start=\"828\" data-end=\"854\">produits haut de gamme<\/strong> adapt\u00e9s \u00e0 tous vos besoins.<\/p>\n<h4 data-start=\"884\" data-end=\"943\"><strong data-start=\"889\" data-end=\"943\">Mobilier et luminaires pour int\u00e9rieur et ext\u00e9rieur<\/strong><\/h4>\n<p data-start=\"945\" data-end=\"1114\">Notre <strong data-start=\"951\" data-end=\"971\">catalogue design<\/strong> comprend une <strong data-start=\"985\" data-end=\"1025\">vaste gamme de meubles contemporains<\/strong>, luminaires, et accessoires pour embellir votre <strong data-start=\"1074\" data-end=\"1087\">int\u00e9rieur<\/strong> ou votre <strong data-start=\"1097\" data-end=\"1110\">ext\u00e9rieur<\/strong> :<\/p>\n<ul data-start=\"1115\" data-end=\"1303\">\n<li data-start=\"1115\" data-end=\"1162\">\n<p data-start=\"1117\" data-end=\"1162\">Canap\u00e9s, tables, chaises, rangements design<\/p>\n<\/li>\n<li data-start=\"1163\" data-end=\"1213\">\n<p data-start=\"1165\" data-end=\"1213\">Suspensions, lampes \u00e0 poser, appliques murales<\/p>\n<\/li>\n<li data-start=\"1214\" data-end=\"1262\">\n<p data-start=\"1216\" data-end=\"1262\">Mobilier d\u2019ext\u00e9rieur r\u00e9sistant et esth\u00e9tique<\/p>\n<\/li>\n<li data-start=\"1263\" data-end=\"1303\">\n<p data-start=\"1265\" data-end=\"1303\">Accessoires d\u00e9co pour la touche finale<\/p>\n<\/li>\n<\/ul>\n<p data-start=\"1305\" data-end=\"1411\">Chaque produit est soigneusement s\u00e9lectionn\u00e9 pour sa <strong data-start=\"1358\" data-end=\"1369\">qualit\u00e9<\/strong>, son <strong data-start=\"1375\" data-end=\"1385\">design<\/strong> et sa <strong data-start=\"1392\" data-end=\"1410\">fonctionnalit\u00e9<\/strong>.<\/p>\n<h4 data-start=\"1413\" data-end=\"1458\"><strong data-start=\"1418\" data-end=\"1458\">Am\u00e9nagement professionnel sur mesure<\/strong><\/h4>\n<p data-start=\"1460\" data-end=\"1760\">Nous accompagnons les <strong data-start=\"1482\" data-end=\"1497\">entreprises<\/strong> dans l\u2019<strong data-start=\"1505\" data-end=\"1531\">am\u00e9nagement de bureaux<\/strong>, espaces de coworking, h\u00f4tels, restaurants ou commerces. Gr\u00e2ce \u00e0 notre <strong data-start=\"1603\" data-end=\"1638\">expertise en design d\u2019int\u00e9rieur<\/strong>, nous cr\u00e9ons des <strong data-start=\"1656\" data-end=\"1717\">espaces de travail ergonomiques, modernes et accueillants<\/strong>, en ad\u00e9quation avec votre image de marque.<\/p>\n<h4 data-start=\"1762\" data-end=\"1797\"><strong data-start=\"1767\" data-end=\"1797\">Un accompagnement de A \u00e0 Z<\/strong><\/h4>\n<p data-start=\"1799\" data-end=\"1823\">Notre valeur ajout\u00e9e :<\/p>\n<ul data-start=\"1824\" data-end=\"2115\">\n<li data-start=\"1824\" data-end=\"1901\">\n<p data-start=\"1826\" data-end=\"1901\">Collaboration avec des <strong data-start=\"1849\" data-end=\"1871\">fabricants leaders<\/strong> et <strong data-start=\"1875\" data-end=\"1899\">artisans sp\u00e9cialis\u00e9s<\/strong><\/p>\n<\/li>\n<li data-start=\"1902\" data-end=\"1950\">\n<p data-start=\"1904\" data-end=\"1950\">Conseil personnalis\u00e9 et \u00e9tude de vos besoins<\/p>\n<\/li>\n<li data-start=\"1951\" data-end=\"2016\">\n<p data-start=\"1953\" data-end=\"2016\">Propositions adapt\u00e9es \u00e0 votre <strong data-start=\"1983\" data-end=\"1993\">budget<\/strong> et \u00e0 votre <strong data-start=\"2005\" data-end=\"2014\">style<\/strong><\/p>\n<\/li>\n<li data-start=\"2017\" data-end=\"2115\">\n<p data-start=\"2019\" data-end=\"2115\">Pr\u00e9sentation de votre projet avec <strong data-start=\"2053\" data-end=\"2066\">rendus 3D<\/strong>, bient\u00f4t disponibles en <strong data-start=\"2091\" data-end=\"2115\">r\u00e9alit\u00e9 virtuelle 4D<\/strong><\/p>\n<\/li>\n<\/ul>\n<h4 data-start=\"2117\" data-end=\"2154\"><strong data-start=\"2122\" data-end=\"2154\">Pourquoi choisir DD-Design ?<\/strong><\/h4>\n<ul data-start=\"2155\" data-end=\"2401\">\n<li data-start=\"2155\" data-end=\"2224\">\n<p data-start=\"2157\" data-end=\"2224\">Expertise en <strong data-start=\"2170\" data-end=\"2192\">design d\u2019int\u00e9rieur<\/strong> et <strong data-start=\"2196\" data-end=\"2222\">mobilier haut de gamme<\/strong><\/p>\n<\/li>\n<li data-start=\"2225\" data-end=\"2273\">\n<p data-start=\"2227\" data-end=\"2273\">Produits de qualit\u00e9, esth\u00e9tiques et durables<\/p>\n<\/li>\n<li data-start=\"2274\" data-end=\"2334\">\n<p data-start=\"2276\" data-end=\"2334\">Suivi complet, de la <strong data-start=\"2297\" data-end=\"2311\">conception<\/strong> \u00e0 l\u2019<strong data-start=\"2316\" data-end=\"2332\">installation<\/strong><\/p>\n<\/li>\n<li data-start=\"2335\" data-end=\"2401\">\n<p data-start=\"2337\" data-end=\"2401\">Solutions personnalis\u00e9es pour <strong data-start=\"2367\" data-end=\"2401\">particuliers et professionnels<\/strong><\/p>\n<\/li>\n<\/ul>\n<pre><em>\u00ab\u00a0<strong>Prendre soin de notre int\u00e9rieur c\u2019est lui rendre \nson \u00e2me mais aussi une fa\u00e7on de prendre soin de soi<\/strong>\u00bb\nDD design.<\/em><\/pre>\n","protected":false},"excerpt":{"rendered":"<p>DD Design \u2013 Mobilier et luminaires design pour particuliers et professionnels DD Design est une entreprise sp\u00e9cialis\u00e9e dans la vente et la conception de mobilier contemporain, de luminaires design et &hellip; <\/p>\n<p class=\"link-more\"><a href=\"https:\/\/dd-design.ch\/?page_id=8\" class=\"more-link\">Continuer la lecture<span class=\"screen-reader-text\"> de &laquo;&nbsp;\u00c0 propos de&nbsp;&raquo;<\/span><\/a><\/p>\n","protected":false},"author":1,"featured_media":838,"parent":0,"menu_order":0,"comment_status":"closed","ping_status":"closed","template":"","meta":{"_monsterinsights_skip_tracking":false,"_monsterinsights_sitenote_active":false,"_monsterinsights_sitenote_note":"","_monsterinsights_sitenote_category":0,"_price":"","_stock":"","_tribe_ticket_header":"","_tribe_default_ticket_provider":"","_tribe_ticket_capacity":"0","_ticket_start_date":"","_ticket_end_date":"","_tribe_ticket_show_description":"","_tribe_ticket_show_not_going":false,"_tribe_ticket_use_global_stock":"","_tribe_ticket_global_stock_level":"","_global_stock_mode":"","_global_stock_cap":"","_tribe_rsvp_for_event":"","_tribe_ticket_going_count":"","_tribe_ticket_not_going_count":"","_tribe_tickets_list":"[]","_tribe_ticket_has_attendee_info_fields":false,"footnotes":"","_tec_slr_enabled":"","_tec_slr_layout":""},"class_list":["post-8","page","type-page","status-publish","has-post-thumbnail","hentry"],"yoast_head":"<!-- This site is optimized with the Yoast SEO plugin v27.3 - https:\/\/yoast.com\/product\/yoast-seo-wordpress\/ -->\n<title>\u00c0 propos de - DD-Design<\/title>\n<meta name=\"robots\" content=\"index, follow, max-snippet:-1, max-image-preview:large, max-video-preview:-1\" \/>\n<link rel=\"canonical\" href=\"https:\/\/dd-design.ch\/?page_id=8\" \/>\n<meta property=\"og:locale\" content=\"fr_FR\" \/>\n<meta property=\"og:type\" content=\"article\" \/>\n<meta property=\"og:title\" content=\"\u00c0 propos de - DD-Design\" \/>\n<meta property=\"og:description\" content=\"DD Design \u2013 Mobilier et luminaires design pour particuliers et professionnels DD Design est une entreprise sp\u00e9cialis\u00e9e dans la vente et la conception de mobilier contemporain, de luminaires design et &hellip; Continuer la lecture de &laquo;&nbsp;\u00c0 propos de&nbsp;&raquo;\" \/>\n<meta property=\"og:url\" content=\"https:\/\/dd-design.ch\/?page_id=8\" \/>\n<meta property=\"og:site_name\" content=\"DD-Design\" \/>\n<meta property=\"article:publisher\" content=\"https:\/\/www.facebook.com\/dddesignch\" \/>\n<meta property=\"article:modified_time\" content=\"2025-05-25T17:14:01+00:00\" \/>\n<meta property=\"og:image\" content=\"https:\/\/dd-design.ch\/wp-content\/uploads\/2020\/04\/living-13-dd-design.jpg\" \/>\n\t<meta property=\"og:image:width\" content=\"1500\" \/>\n\t<meta property=\"og:image:height\" content=\"851\" \/>\n\t<meta property=\"og:image:type\" content=\"image\/jpeg\" \/>\n<meta name=\"twitter:card\" content=\"summary_large_image\" \/>\n<meta name=\"twitter:label1\" content=\"Dur\u00e9e de lecture estim\u00e9e\" \/>\n\t<meta name=\"twitter:data1\" content=\"2 minutes\" \/>\n<script type=\"application\/ld+json\" class=\"yoast-schema-graph\">{\"@context\":\"https:\\\/\\\/schema.org\",\"@graph\":[{\"@type\":\"WebPage\",\"@id\":\"https:\\\/\\\/dd-design.ch\\\/?page_id=8\",\"url\":\"https:\\\/\\\/dd-design.ch\\\/?page_id=8\",\"name\":\"\u00c0 propos de - DD-Design\",\"isPartOf\":{\"@id\":\"https:\\\/\\\/dd-design.ch\\\/#website\"},\"primaryImageOfPage\":{\"@id\":\"https:\\\/\\\/dd-design.ch\\\/?page_id=8#primaryimage\"},\"image\":{\"@id\":\"https:\\\/\\\/dd-design.ch\\\/?page_id=8#primaryimage\"},\"thumbnailUrl\":\"https:\\\/\\\/dd-design.ch\\\/wp-content\\\/uploads\\\/2020\\\/04\\\/living-13-dd-design.jpg\",\"datePublished\":\"2019-01-11T09:14:57+00:00\",\"dateModified\":\"2025-05-25T17:14:01+00:00\",\"breadcrumb\":{\"@id\":\"https:\\\/\\\/dd-design.ch\\\/?page_id=8#breadcrumb\"},\"inLanguage\":\"fr-FR\",\"potentialAction\":[{\"@type\":\"ReadAction\",\"target\":[\"https:\\\/\\\/dd-design.ch\\\/?page_id=8\"]}]},{\"@type\":\"ImageObject\",\"inLanguage\":\"fr-FR\",\"@id\":\"https:\\\/\\\/dd-design.ch\\\/?page_id=8#primaryimage\",\"url\":\"https:\\\/\\\/dd-design.ch\\\/wp-content\\\/uploads\\\/2020\\\/04\\\/living-13-dd-design.jpg\",\"contentUrl\":\"https:\\\/\\\/dd-design.ch\\\/wp-content\\\/uploads\\\/2020\\\/04\\\/living-13-dd-design.jpg\",\"width\":1500,\"height\":851,\"caption\":\"dd-design\"},{\"@type\":\"BreadcrumbList\",\"@id\":\"https:\\\/\\\/dd-design.ch\\\/?page_id=8#breadcrumb\",\"itemListElement\":[{\"@type\":\"ListItem\",\"position\":1,\"name\":\"Accueil\",\"item\":\"https:\\\/\\\/dd-design.ch\\\/\"},{\"@type\":\"ListItem\",\"position\":2,\"name\":\"\u00c0 propos de\"}]},{\"@type\":\"WebSite\",\"@id\":\"https:\\\/\\\/dd-design.ch\\\/#website\",\"url\":\"https:\\\/\\\/dd-design.ch\\\/\",\"name\":\"DD-Design\",\"description\":\"L&#039;excellence s&#039;installe chez vous\",\"publisher\":{\"@id\":\"https:\\\/\\\/dd-design.ch\\\/#organization\"},\"potentialAction\":[{\"@type\":\"SearchAction\",\"target\":{\"@type\":\"EntryPoint\",\"urlTemplate\":\"https:\\\/\\\/dd-design.ch\\\/?s={search_term_string}\"},\"query-input\":{\"@type\":\"PropertyValueSpecification\",\"valueRequired\":true,\"valueName\":\"search_term_string\"}}],\"inLanguage\":\"fr-FR\"},{\"@type\":\"Organization\",\"@id\":\"https:\\\/\\\/dd-design.ch\\\/#organization\",\"name\":\"DD-Design\",\"url\":\"https:\\\/\\\/dd-design.ch\\\/\",\"logo\":{\"@type\":\"ImageObject\",\"inLanguage\":\"fr-FR\",\"@id\":\"https:\\\/\\\/dd-design.ch\\\/#\\\/schema\\\/logo\\\/image\\\/\",\"url\":\"http:\\\/\\\/dd-design.ch\\\/wp-content\\\/uploads\\\/2019\\\/01\\\/logo-DD-design.png\",\"contentUrl\":\"http:\\\/\\\/dd-design.ch\\\/wp-content\\\/uploads\\\/2019\\\/01\\\/logo-DD-design.png\",\"width\":772,\"height\":624,\"caption\":\"DD-Design\"},\"image\":{\"@id\":\"https:\\\/\\\/dd-design.ch\\\/#\\\/schema\\\/logo\\\/image\\\/\"},\"sameAs\":[\"https:\\\/\\\/www.facebook.com\\\/dddesignch\",\"https:\\\/\\\/www.instagram.com\\\/dddesignch\",\"https:\\\/\\\/www.linkedin.com\\\/in\\\/dd-design\"]}]}<\/script>\n<!-- \/ Yoast SEO plugin. -->","yoast_head_json":{"title":"\u00c0 propos de - DD-Design","robots":{"index":"index","follow":"follow","max-snippet":"max-snippet:-1","max-image-preview":"max-image-preview:large","max-video-preview":"max-video-preview:-1"},"canonical":"https:\/\/dd-design.ch\/?page_id=8","og_locale":"fr_FR","og_type":"article","og_title":"\u00c0 propos de - DD-Design","og_description":"DD Design \u2013 Mobilier et luminaires design pour particuliers et professionnels DD Design est une entreprise sp\u00e9cialis\u00e9e dans la vente et la conception de mobilier contemporain, de luminaires design et &hellip; Continuer la lecture de &laquo;&nbsp;\u00c0 propos de&nbsp;&raquo;","og_url":"https:\/\/dd-design.ch\/?page_id=8","og_site_name":"DD-Design","article_publisher":"https:\/\/www.facebook.com\/dddesignch","article_modified_time":"2025-05-25T17:14:01+00:00","og_image":[{"width":1500,"height":851,"url":"https:\/\/dd-design.ch\/wp-content\/uploads\/2020\/04\/living-13-dd-design.jpg","type":"image\/jpeg"}],"twitter_card":"summary_large_image","twitter_misc":{"Dur\u00e9e de lecture estim\u00e9e":"2 minutes"},"schema":{"@context":"https:\/\/schema.org","@graph":[{"@type":"WebPage","@id":"https:\/\/dd-design.ch\/?page_id=8","url":"https:\/\/dd-design.ch\/?page_id=8","name":"\u00c0 propos de - DD-Design","isPartOf":{"@id":"https:\/\/dd-design.ch\/#website"},"primaryImageOfPage":{"@id":"https:\/\/dd-design.ch\/?page_id=8#primaryimage"},"image":{"@id":"https:\/\/dd-design.ch\/?page_id=8#primaryimage"},"thumbnailUrl":"https:\/\/dd-design.ch\/wp-content\/uploads\/2020\/04\/living-13-dd-design.jpg","datePublished":"2019-01-11T09:14:57+00:00","dateModified":"2025-05-25T17:14:01+00:00","breadcrumb":{"@id":"https:\/\/dd-design.ch\/?page_id=8#breadcrumb"},"inLanguage":"fr-FR","potentialAction":[{"@type":"ReadAction","target":["https:\/\/dd-design.ch\/?page_id=8"]}]},{"@type":"ImageObject","inLanguage":"fr-FR","@id":"https:\/\/dd-design.ch\/?page_id=8#primaryimage","url":"https:\/\/dd-design.ch\/wp-content\/uploads\/2020\/04\/living-13-dd-design.jpg","contentUrl":"https:\/\/dd-design.ch\/wp-content\/uploads\/2020\/04\/living-13-dd-design.jpg","width":1500,"height":851,"caption":"dd-design"},{"@type":"BreadcrumbList","@id":"https:\/\/dd-design.ch\/?page_id=8#breadcrumb","itemListElement":[{"@type":"ListItem","position":1,"name":"Accueil","item":"https:\/\/dd-design.ch\/"},{"@type":"ListItem","position":2,"name":"\u00c0 propos de"}]},{"@type":"WebSite","@id":"https:\/\/dd-design.ch\/#website","url":"https:\/\/dd-design.ch\/","name":"DD-Design","description":"L&#039;excellence s&#039;installe chez vous","publisher":{"@id":"https:\/\/dd-design.ch\/#organization"},"potentialAction":[{"@type":"SearchAction","target":{"@type":"EntryPoint","urlTemplate":"https:\/\/dd-design.ch\/?s={search_term_string}"},"query-input":{"@type":"PropertyValueSpecification","valueRequired":true,"valueName":"search_term_string"}}],"inLanguage":"fr-FR"},{"@type":"Organization","@id":"https:\/\/dd-design.ch\/#organization","name":"DD-Design","url":"https:\/\/dd-design.ch\/","logo":{"@type":"ImageObject","inLanguage":"fr-FR","@id":"https:\/\/dd-design.ch\/#\/schema\/logo\/image\/","url":"http:\/\/dd-design.ch\/wp-content\/uploads\/2019\/01\/logo-DD-design.png","contentUrl":"http:\/\/dd-design.ch\/wp-content\/uploads\/2019\/01\/logo-DD-design.png","width":772,"height":624,"caption":"DD-Design"},"image":{"@id":"https:\/\/dd-design.ch\/#\/schema\/logo\/image\/"},"sameAs":["https:\/\/www.facebook.com\/dddesignch","https:\/\/www.instagram.com\/dddesignch","https:\/\/www.linkedin.com\/in\/dd-design"]}]}},"featured_image_src":"https:\/\/dd-design.ch\/wp-content\/uploads\/2020\/04\/living-13-dd-design-600x400.jpg","featured_image_src_square":"https:\/\/dd-design.ch\/wp-content\/uploads\/2020\/04\/living-13-dd-design-600x600.jpg","jetpack_sharing_enabled":true,"ticketed":false,"_links":{"self":[{"href":"https:\/\/dd-design.ch\/index.php?rest_route=\/wp\/v2\/pages\/8","targetHints":{"allow":["GET"]}}],"collection":[{"href":"https:\/\/dd-design.ch\/index.php?rest_route=\/wp\/v2\/pages"}],"about":[{"href":"https:\/\/dd-design.ch\/index.php?rest_route=\/wp\/v2\/types\/page"}],"author":[{"embeddable":true,"href":"https:\/\/dd-design.ch\/index.php?rest_route=\/wp\/v2\/users\/1"}],"replies":[{"embeddable":true,"href":"https:\/\/dd-design.ch\/index.php?rest_route=%2Fwp%2Fv2%2Fcomments&post=8"}],"version-history":[{"count":19,"href":"https:\/\/dd-design.ch\/index.php?rest_route=\/wp\/v2\/pages\/8\/revisions"}],"predecessor-version":[{"id":2081,"href":"https:\/\/dd-design.ch\/index.php?rest_route=\/wp\/v2\/pages\/8\/revisions\/2081"}],"wp:featuredmedia":[{"embeddable":true,"href":"https:\/\/dd-design.ch\/index.php?rest_route=\/wp\/v2\/media\/838"}],"wp:attachment":[{"href":"https:\/\/dd-design.ch\/index.php?rest_route=%2Fwp%2Fv2%2Fmedia&parent=8"}],"curies":[{"name":"wp","href":"https:\/\/api.w.org\/{rel}","templated":true}]}}