{"id":7,"date":"2019-01-11T10:14:57","date_gmt":"2019-01-11T09:14:57","guid":{"rendered":"http:\/\/dd-design.ch\/?page_id=7"},"modified":"2025-05-25T19:10:56","modified_gmt":"2025-05-25T17:10:56","slug":"accueil","status":"publish","type":"page","link":"https:\/\/dd-design.ch\/","title":{"rendered":"Accueil"},"content":{"rendered":"<h4 data-start=\"103\" data-end=\"157\">Bienvenue sur le site de DD-DESIGN, donnez vie \u00e0 vos id\u00e9es avec notre s\u00e9lection design<\/h4>\n<p data-start=\"159\" data-end=\"396\"><strong data-start=\"159\" data-end=\"223\">D\u00e9couvrez une s\u00e9lection exclusive de notre gamme de produits<\/strong> : mobilier, luminaires, solutions sur mesure pour l\u2019int\u00e9rieur et l\u2019ext\u00e9rieur. Laissez-vous inspirer par des cr\u00e9ations uniques alliant <strong data-start=\"358\" data-end=\"395\">design, confort et fonctionnalit\u00e9<\/strong>.<\/p>\n<p data-start=\"398\" data-end=\"674\">Nous sommes \u00e0 votre \u00e9coute pour <strong data-start=\"430\" data-end=\"466\">concevoir un projet personnalis\u00e9<\/strong>, fid\u00e8le \u00e0 vos envies et \u00e0 vos exigences les plus pr\u00e9cises. Que vous soyez un particulier ou un professionnel, nous vous accompagnons \u00e0 chaque \u00e9tape, avec <strong data-start=\"621\" data-end=\"673\">des solutions cr\u00e9atives, \u00e9l\u00e9gantes et sur mesure<\/strong>.<\/p>\n<p data-start=\"354\" data-end=\"454\"><em data-start=\"354\" data-end=\"442\">\u00ab Prendre soin de notre int\u00e9rieur, c\u2019est lui rendre son \u00e2me\u2026 et prendre soin de soi. \u00bb<\/em> \u2014 DD-Design<\/p>\n","protected":false},"excerpt":{"rendered":"<p>Bienvenue sur le site de DD-DESIGN, donnez vie \u00e0 vos id\u00e9es avec notre s\u00e9lection design D\u00e9couvrez une s\u00e9lection exclusive de notre gamme de produits : mobilier, luminaires, solutions sur mesure &hellip; <\/p>\n<p class=\"link-more\"><a href=\"https:\/\/dd-design.ch\/\" class=\"more-link\">Continuer la lecture<span class=\"screen-reader-text\"> de &laquo;&nbsp;Accueil&nbsp;&raquo;<\/span><\/a><\/p>\n","protected":false},"author":1,"featured_media":1870,"parent":0,"menu_order":0,"comment_status":"closed","ping_status":"closed","template":"","meta":{"_monsterinsights_skip_tracking":false,"_monsterinsights_sitenote_active":false,"_monsterinsights_sitenote_note":"","_monsterinsights_sitenote_category":0,"_price":"","_stock":"","_tribe_ticket_header":"","_tribe_default_ticket_provider":"","_tribe_ticket_capacity":"0","_ticket_start_date":"","_ticket_end_date":"","_tribe_ticket_show_description":"","_tribe_ticket_show_not_going":false,"_tribe_ticket_use_global_stock":"","_tribe_ticket_global_stock_level":"","_global_stock_mode":"","_global_stock_cap":"","_tribe_rsvp_for_event":"","_tribe_ticket_going_count":"","_tribe_ticket_not_going_count":"","_tribe_tickets_list":"[]","_tribe_ticket_has_attendee_info_fields":false,"footnotes":"","_tec_slr_enabled":"","_tec_slr_layout":""},"class_list":["post-7","page","type-page","status-publish","has-post-thumbnail","hentry"],"yoast_head":"<!-- This site is optimized with the Yoast SEO plugin v26.6 - https:\/\/yoast.com\/wordpress\/plugins\/seo\/ -->\n<title>Accueil - DD-Design<\/title>\n<meta name=\"robots\" content=\"index, follow, max-snippet:-1, max-image-preview:large, max-video-preview:-1\" \/>\n<link rel=\"canonical\" href=\"https:\/\/dd-design.ch\/\" \/>\n<meta property=\"og:locale\" content=\"fr_FR\" \/>\n<meta property=\"og:type\" content=\"article\" \/>\n<meta property=\"og:title\" content=\"Accueil - DD-Design\" \/>\n<meta property=\"og:description\" content=\"Bienvenue sur le site de DD-DESIGN, donnez vie \u00e0 vos id\u00e9es avec notre s\u00e9lection design D\u00e9couvrez une s\u00e9lection exclusive de notre gamme de produits : mobilier, luminaires, solutions sur mesure &hellip; Continuer la lecture de &laquo;&nbsp;Accueil&nbsp;&raquo;\" \/>\n<meta property=\"og:url\" content=\"https:\/\/dd-design.ch\/\" \/>\n<meta property=\"og:site_name\" content=\"DD-Design\" \/>\n<meta property=\"article:publisher\" content=\"https:\/\/www.facebook.com\/dddesignch\" \/>\n<meta property=\"article:modified_time\" content=\"2025-05-25T17:10:56+00:00\" \/>\n<meta property=\"og:image\" content=\"https:\/\/dd-design.ch\/wp-content\/uploads\/2024\/05\/smartworking_B_aperto_2020_DD-Design-scaled.jpeg\" \/>\n\t<meta property=\"og:image:width\" content=\"2560\" \/>\n\t<meta property=\"og:image:height\" content=\"1547\" \/>\n\t<meta property=\"og:image:type\" content=\"image\/jpeg\" \/>\n<meta name=\"twitter:card\" content=\"summary_large_image\" \/>\n<meta name=\"twitter:label1\" content=\"Dur\u00e9e de lecture estim\u00e9e\" \/>\n\t<meta name=\"twitter:data1\" content=\"1 minute\" \/>\n<script type=\"application\/ld+json\" class=\"yoast-schema-graph\">{\"@context\":\"https:\/\/schema.org\",\"@graph\":[{\"@type\":\"WebPage\",\"@id\":\"https:\/\/dd-design.ch\/\",\"url\":\"https:\/\/dd-design.ch\/\",\"name\":\"Accueil - DD-Design\",\"isPartOf\":{\"@id\":\"https:\/\/dd-design.ch\/#website\"},\"primaryImageOfPage\":{\"@id\":\"https:\/\/dd-design.ch\/#primaryimage\"},\"image\":{\"@id\":\"https:\/\/dd-design.ch\/#primaryimage\"},\"thumbnailUrl\":\"https:\/\/dd-design.ch\/wp-content\/uploads\/2024\/05\/smartworking_B_aperto_2020_DD-Design-scaled.jpeg\",\"datePublished\":\"2019-01-11T09:14:57+00:00\",\"dateModified\":\"2025-05-25T17:10:56+00:00\",\"breadcrumb\":{\"@id\":\"https:\/\/dd-design.ch\/#breadcrumb\"},\"inLanguage\":\"fr-FR\",\"potentialAction\":[{\"@type\":\"ReadAction\",\"target\":[\"https:\/\/dd-design.ch\/\"]}]},{\"@type\":\"ImageObject\",\"inLanguage\":\"fr-FR\",\"@id\":\"https:\/\/dd-design.ch\/#primaryimage\",\"url\":\"https:\/\/dd-design.ch\/wp-content\/uploads\/2024\/05\/smartworking_B_aperto_2020_DD-Design-scaled.jpeg\",\"contentUrl\":\"https:\/\/dd-design.ch\/wp-content\/uploads\/2024\/05\/smartworking_B_aperto_2020_DD-Design-scaled.jpeg\",\"width\":2560,\"height\":1547},{\"@type\":\"BreadcrumbList\",\"@id\":\"https:\/\/dd-design.ch\/#breadcrumb\",\"itemListElement\":[{\"@type\":\"ListItem\",\"position\":1,\"name\":\"Accueil\",\"item\":\"https:\/\/dd-design.ch\/\"},{\"@type\":\"ListItem\",\"position\":2,\"name\":\"Accueil\"}]},{\"@type\":\"WebSite\",\"@id\":\"https:\/\/dd-design.ch\/#website\",\"url\":\"https:\/\/dd-design.ch\/\",\"name\":\"DD-Design\",\"description\":\"L&#039;excellence s&#039;installe chez vous\",\"publisher\":{\"@id\":\"https:\/\/dd-design.ch\/#organization\"},\"potentialAction\":[{\"@type\":\"SearchAction\",\"target\":{\"@type\":\"EntryPoint\",\"urlTemplate\":\"https:\/\/dd-design.ch\/?s={search_term_string}\"},\"query-input\":{\"@type\":\"PropertyValueSpecification\",\"valueRequired\":true,\"valueName\":\"search_term_string\"}}],\"inLanguage\":\"fr-FR\"},{\"@type\":\"Organization\",\"@id\":\"https:\/\/dd-design.ch\/#organization\",\"name\":\"DD-Design\",\"url\":\"https:\/\/dd-design.ch\/\",\"logo\":{\"@type\":\"ImageObject\",\"inLanguage\":\"fr-FR\",\"@id\":\"https:\/\/dd-design.ch\/#\/schema\/logo\/image\/\",\"url\":\"http:\/\/dd-design.ch\/wp-content\/uploads\/2019\/01\/logo-DD-design.png\",\"contentUrl\":\"http:\/\/dd-design.ch\/wp-content\/uploads\/2019\/01\/logo-DD-design.png\",\"width\":772,\"height\":624,\"caption\":\"DD-Design\"},\"image\":{\"@id\":\"https:\/\/dd-design.ch\/#\/schema\/logo\/image\/\"},\"sameAs\":[\"https:\/\/www.facebook.com\/dddesignch\",\"https:\/\/www.instagram.com\/dddesignch\",\"https:\/\/www.linkedin.com\/in\/dd-design\"]}]}<\/script>\n<!-- \/ Yoast SEO plugin. -->","yoast_head_json":{"title":"Accueil - DD-Design","robots":{"index":"index","follow":"follow","max-snippet":"max-snippet:-1","max-image-preview":"max-image-preview:large","max-video-preview":"max-video-preview:-1"},"canonical":"https:\/\/dd-design.ch\/","og_locale":"fr_FR","og_type":"article","og_title":"Accueil - DD-Design","og_description":"Bienvenue sur le site de DD-DESIGN, donnez vie \u00e0 vos id\u00e9es avec notre s\u00e9lection design D\u00e9couvrez une s\u00e9lection exclusive de notre gamme de produits : mobilier, luminaires, solutions sur mesure &hellip; Continuer la lecture de &laquo;&nbsp;Accueil&nbsp;&raquo;","og_url":"https:\/\/dd-design.ch\/","og_site_name":"DD-Design","article_publisher":"https:\/\/www.facebook.com\/dddesignch","article_modified_time":"2025-05-25T17:10:56+00:00","og_image":[{"width":2560,"height":1547,"url":"https:\/\/dd-design.ch\/wp-content\/uploads\/2024\/05\/smartworking_B_aperto_2020_DD-Design-scaled.jpeg","type":"image\/jpeg"}],"twitter_card":"summary_large_image","twitter_misc":{"Dur\u00e9e de lecture estim\u00e9e":"1 minute"},"schema":{"@context":"https:\/\/schema.org","@graph":[{"@type":"WebPage","@id":"https:\/\/dd-design.ch\/","url":"https:\/\/dd-design.ch\/","name":"Accueil - DD-Design","isPartOf":{"@id":"https:\/\/dd-design.ch\/#website"},"primaryImageOfPage":{"@id":"https:\/\/dd-design.ch\/#primaryimage"},"image":{"@id":"https:\/\/dd-design.ch\/#primaryimage"},"thumbnailUrl":"https:\/\/dd-design.ch\/wp-content\/uploads\/2024\/05\/smartworking_B_aperto_2020_DD-Design-scaled.jpeg","datePublished":"2019-01-11T09:14:57+00:00","dateModified":"2025-05-25T17:10:56+00:00","breadcrumb":{"@id":"https:\/\/dd-design.ch\/#breadcrumb"},"inLanguage":"fr-FR","potentialAction":[{"@type":"ReadAction","target":["https:\/\/dd-design.ch\/"]}]},{"@type":"ImageObject","inLanguage":"fr-FR","@id":"https:\/\/dd-design.ch\/#primaryimage","url":"https:\/\/dd-design.ch\/wp-content\/uploads\/2024\/05\/smartworking_B_aperto_2020_DD-Design-scaled.jpeg","contentUrl":"https:\/\/dd-design.ch\/wp-content\/uploads\/2024\/05\/smartworking_B_aperto_2020_DD-Design-scaled.jpeg","width":2560,"height":1547},{"@type":"BreadcrumbList","@id":"https:\/\/dd-design.ch\/#breadcrumb","itemListElement":[{"@type":"ListItem","position":1,"name":"Accueil","item":"https:\/\/dd-design.ch\/"},{"@type":"ListItem","position":2,"name":"Accueil"}]},{"@type":"WebSite","@id":"https:\/\/dd-design.ch\/#website","url":"https:\/\/dd-design.ch\/","name":"DD-Design","description":"L&#039;excellence s&#039;installe chez vous","publisher":{"@id":"https:\/\/dd-design.ch\/#organization"},"potentialAction":[{"@type":"SearchAction","target":{"@type":"EntryPoint","urlTemplate":"https:\/\/dd-design.ch\/?s={search_term_string}"},"query-input":{"@type":"PropertyValueSpecification","valueRequired":true,"valueName":"search_term_string"}}],"inLanguage":"fr-FR"},{"@type":"Organization","@id":"https:\/\/dd-design.ch\/#organization","name":"DD-Design","url":"https:\/\/dd-design.ch\/","logo":{"@type":"ImageObject","inLanguage":"fr-FR","@id":"https:\/\/dd-design.ch\/#\/schema\/logo\/image\/","url":"http:\/\/dd-design.ch\/wp-content\/uploads\/2019\/01\/logo-DD-design.png","contentUrl":"http:\/\/dd-design.ch\/wp-content\/uploads\/2019\/01\/logo-DD-design.png","width":772,"height":624,"caption":"DD-Design"},"image":{"@id":"https:\/\/dd-design.ch\/#\/schema\/logo\/image\/"},"sameAs":["https:\/\/www.facebook.com\/dddesignch","https:\/\/www.instagram.com\/dddesignch","https:\/\/www.linkedin.com\/in\/dd-design"]}]}},"featured_image_src":"https:\/\/dd-design.ch\/wp-content\/uploads\/2024\/05\/smartworking_B_aperto_2020_DD-Design-scaled.jpeg","featured_image_src_square":"https:\/\/dd-design.ch\/wp-content\/uploads\/2024\/05\/smartworking_B_aperto_2020_DD-Design-scaled.jpeg","jetpack_sharing_enabled":true,"ticketed":false,"_links":{"self":[{"href":"https:\/\/dd-design.ch\/index.php?rest_route=\/wp\/v2\/pages\/7","targetHints":{"allow":["GET"]}}],"collection":[{"href":"https:\/\/dd-design.ch\/index.php?rest_route=\/wp\/v2\/pages"}],"about":[{"href":"https:\/\/dd-design.ch\/index.php?rest_route=\/wp\/v2\/types\/page"}],"author":[{"embeddable":true,"href":"https:\/\/dd-design.ch\/index.php?rest_route=\/wp\/v2\/users\/1"}],"replies":[{"embeddable":true,"href":"https:\/\/dd-design.ch\/index.php?rest_route=%2Fwp%2Fv2%2Fcomments&post=7"}],"version-history":[{"count":11,"href":"https:\/\/dd-design.ch\/index.php?rest_route=\/wp\/v2\/pages\/7\/revisions"}],"predecessor-version":[{"id":2080,"href":"https:\/\/dd-design.ch\/index.php?rest_route=\/wp\/v2\/pages\/7\/revisions\/2080"}],"wp:featuredmedia":[{"embeddable":true,"href":"https:\/\/dd-design.ch\/index.php?rest_route=\/wp\/v2\/media\/1870"}],"wp:attachment":[{"href":"https:\/\/dd-design.ch\/index.php?rest_route=%2Fwp%2Fv2%2Fmedia&parent=7"}],"curies":[{"name":"wp","href":"https:\/\/api.w.org\/{rel}","templated":true}]}}