{"id":240,"date":"2019-01-23T20:51:36","date_gmt":"2019-01-23T19:51:36","guid":{"rendered":"http:\/\/dd-design.ch\/?page_id=240"},"modified":"2019-03-08T13:56:48","modified_gmt":"2019-03-08T12:56:48","slug":"blog-2","status":"publish","type":"page","link":"https:\/\/dd-design.ch\/?page_id=240","title":{"rendered":"Blog"},"content":{"rendered":"\n<h2 class=\"wp-block-heading\"><strong>Canap\u00e9 FILIPH AIR<\/strong><\/h2>\n\n\n\n<p>Je voulais vous faire d\u00e9couvrir le canap\u00e9 \u00ab&nbsp;Filiph Air \u00bbde Art Nova, qui m\u2019a compl\u00e8tement s\u00e9duite et qui est sans aucun doute mon \u00ab&nbsp;<strong><em>coup de c\u0153ur&nbsp;<\/em><\/strong>\u00bb. Ce canap\u00e9 s\u00e9duit non seulement par sa l\u00e9g\u00e8ret\u00e9, sa fonctionnalit\u00e9, mais aussi pour son look design, sophistiqu\u00e9, ainsi que sa sensation de \u00ab&nbsp;<em>flying on a cloud<\/em> \u00bb qui sort de l\u2019ordinaire et qui le rend unique, ce qui lui a valu de remporter un prestigieux prix pour le design en 2018.<\/p>\n\n\n\n<p><em>Myriam, DD-Design<\/em>,&nbsp;Janvier 2019<\/p>\n\n\n\n<ul class=\"wp-block-gallery columns-1 is-cropped wp-block-gallery-1 is-layout-flex wp-block-gallery-is-layout-flex\"><li class=\"blocks-gallery-item\"><figure><img decoding=\"async\" width=\"980\" height=\"753\" data-attachment-id=\"243\" data-permalink=\"https:\/\/dd-design.ch\/?attachment_id=243\" data-orig-file=\"https:\/\/dd-design.ch\/wp-content\/uploads\/2019\/01\/canap\u00e9-Filiph-dd-design-red-dot-award-2018-.jpg\" data-orig-size=\"980,753\" data-comments-opened=\"1\" data-image-meta=\"{&quot;aperture&quot;:&quot;0&quot;,&quot;credit&quot;:&quot;&quot;,&quot;camera&quot;:&quot;&quot;,&quot;caption&quot;:&quot;&quot;,&quot;created_timestamp&quot;:&quot;0&quot;,&quot;copyright&quot;:&quot;&quot;,&quot;focal_length&quot;:&quot;0&quot;,&quot;iso&quot;:&quot;0&quot;,&quot;shutter_speed&quot;:&quot;0&quot;,&quot;title&quot;:&quot;&quot;,&quot;orientation&quot;:&quot;0&quot;}\" data-image-title=\"canap\u00e9 Filiph dd-design red dot award 2018\" data-image-description=\"\" data-image-caption=\"\" data-large-file=\"https:\/\/dd-design.ch\/wp-content\/uploads\/2019\/01\/canap\u00e9-Filiph-dd-design-red-dot-award-2018-.jpg\" src=\"https:\/\/dd-design.ch\/wp-content\/uploads\/2019\/01\/canap\u00e9-Filiph-dd-design-red-dot-award-2018-.jpg\" alt=\"\" data-id=\"243\" data-link=\"https:\/\/dd-design.ch\/index.php\/blog-2\/canape-filiph-dd-design-red-dot-award-2018\/\" class=\"wp-image-243\" srcset=\"https:\/\/dd-design.ch\/wp-content\/uploads\/2019\/01\/canap\u00e9-Filiph-dd-design-red-dot-award-2018-.jpg 980w, https:\/\/dd-design.ch\/wp-content\/uploads\/2019\/01\/canap\u00e9-Filiph-dd-design-red-dot-award-2018--300x231.jpg 300w, https:\/\/dd-design.ch\/wp-content\/uploads\/2019\/01\/canap\u00e9-Filiph-dd-design-red-dot-award-2018--768x590.jpg 768w\" sizes=\"(max-width: 767px) 89vw, (max-width: 1000px) 54vw, (max-width: 1071px) 543px, 580px\" \/><\/figure><\/li><\/ul>\n\n\n\n<p>En effet, en 2018, le canap\u00e9 FILIPH AIR a remport\u00e9 le prestigieux \u00ab\u00a0<strong>REDDOT DESIGN AWARD 2018<\/strong>\u00ab\u00a0, l&rsquo;un des prix internationaux les plus importants pour le design. En effet, depuis 1955, le prix Red Dot vise \u00e0 rendre hommage \u00e0 la qualit\u00e9 des <strong>meilleurs designers<\/strong> et <strong>producteurs du monde entier.<\/strong><\/p>\n\n\n\n<p>L&rsquo;\u00e9volution du syst\u00e8me FILIPH permet d&rsquo;interpr\u00e9ter diff\u00e9rents go\u00fbts esth\u00e9tiques et d&rsquo;enrichir une nouvelle version caract\u00e9ris\u00e9e par une grande l\u00e9g\u00e8ret\u00e9. Le dossier bouge \u00e0 votre guise sur le grand \u00eelot, avec un look suspendu a\u00e9r\u00e9 qui change, en s&rsquo;adaptant \u00e0 l&rsquo;espace et au confort personnel. Le Filip air est dot\u00e9 de mat\u00e9riaux innovants (le MEMOSOFF) et compl\u00e8tent l\u2019aspect composite de la base tout en offrant douceur et confort. Les \u00e9l\u00e9ments mobiles et les coussins poss\u00e8dent une polyvalence inn\u00e9e et m\u00e9langent diff\u00e9rentes textures et mat\u00e9riaux, cr\u00e9ant ainsi un bouquet sensoriel sophistiqu\u00e9. <\/p>\n\n\n\n<p>Une combinaison harmonieuse de diff\u00e9rents cuirs et de tissus rehausse le style raffin\u00e9 mais informel du canap\u00e9. <\/p>\n\n\n\n<p><\/p>\n\n\n\n<h2 class=\"wp-block-heading\"><strong><em>OPTIMISER L&rsquo;ESPACE AVEC UN MEUBLE TV PAS COMME LES AUTRES !<\/em><\/strong><\/h2>\n\n\n\n<p>Le meuble TV autoportant peut \u00eatre la solution id\u00e9ale pour ceux qui ont envie de changer la configuration de leur salon sans avoir la contrainte d\u2019un meuble TV fixe, ou tout simplement pour ceux qui ont envie de s\u00e9parer une ambiance.&nbsp;<\/p>\n\n\n\n<figure class=\"wp-block-image\"><img decoding=\"async\" width=\"1024\" height=\"683\" data-attachment-id=\"213\" data-permalink=\"https:\/\/dd-design.ch\/?attachment_id=213\" data-orig-file=\"https:\/\/dd-design.ch\/wp-content\/uploads\/2019\/01\/Meuble-TV-autoportant2-1.jpg\" data-orig-size=\"1500,1000\" data-comments-opened=\"1\" data-image-meta=\"{&quot;aperture&quot;:&quot;0&quot;,&quot;credit&quot;:&quot;&quot;,&quot;camera&quot;:&quot;&quot;,&quot;caption&quot;:&quot;&quot;,&quot;created_timestamp&quot;:&quot;0&quot;,&quot;copyright&quot;:&quot;&quot;,&quot;focal_length&quot;:&quot;0&quot;,&quot;iso&quot;:&quot;0&quot;,&quot;shutter_speed&quot;:&quot;0&quot;,&quot;title&quot;:&quot;&quot;,&quot;orientation&quot;:&quot;0&quot;}\" data-image-title=\"Meuble TV autoportant\" data-image-description=\"&lt;p&gt;Optimiser l\u2019espace avec un meuble TV pas comme les autres !&lt;\/p&gt;\n&lt;p&gt;Le meuble TV autoportant peut \u00eatre la solution id\u00e9ale pour ceux qui ont envie de changer la configuration de leur salon sans avoir la contrainte d\u2019un meuble TV fixe, ou tout simplement pour ceux qui ont envie de s\u00e9parer une ambiance. &lt;\/p&gt;\n&lt;p&gt;En effet, ce meuble peut \u00eatre agenc\u00e9 de diff\u00e9rentes mani\u00e8res, pas n\u00e9cessairement contre un mur mais utilis\u00e9 comme \u00e9l\u00e9ment s\u00e9parateur d\u2019ambiance. Une pr\u00e9sence de grand style et qui attire les regards en transmettant une v\u00e9ritable sensation de bien-\u00eatre. Ses formes ainsi que ses dimensions peuvent \u00eatre personnalis\u00e9es autant en hauteur qu\u2019en largeur, ce qui le rendra \u00ab unique \u00bb et \u00ab authentique \u00bb. L\u2019emplacement pour les t\u00e9l\u00e9viseurs est \u00e9galement personnalisable selon la grandeur de la TV. Une collection de mat\u00e9riaux de premi\u00e8re qualit\u00e9 compl\u00e9teront le choix de votre meuble ; comme l\u2019essence de bois, les laqu\u00e9s mat et brillant, le prestigieux marbre de Carrara, b\u00e9ton, ou le cuir. Quand le design et l\u2019excellence s\u2019installent chez vous. Laissez-vous inspirer par cette pi\u00e8ce unique.&lt;\/p&gt;\n&lt;p&gt;Ce meuble m\u2019a conquise au premier regard et vous ?&lt;\/p&gt;\n\" data-image-caption=\"\" data-large-file=\"https:\/\/dd-design.ch\/wp-content\/uploads\/2019\/01\/Meuble-TV-autoportant2-1-1024x683.jpg\" src=\"https:\/\/dd-design.ch\/wp-content\/uploads\/2019\/01\/Meuble-TV-autoportant2-1-1024x683.jpg\" alt=\"\" class=\"wp-image-213\" srcset=\"https:\/\/dd-design.ch\/wp-content\/uploads\/2019\/01\/Meuble-TV-autoportant2-1-1024x683.jpg 1024w, https:\/\/dd-design.ch\/wp-content\/uploads\/2019\/01\/Meuble-TV-autoportant2-1-300x200.jpg 300w, https:\/\/dd-design.ch\/wp-content\/uploads\/2019\/01\/Meuble-TV-autoportant2-1-768x512.jpg 768w, https:\/\/dd-design.ch\/wp-content\/uploads\/2019\/01\/Meuble-TV-autoportant2-1.jpg 1500w\" sizes=\"(max-width: 767px) 89vw, (max-width: 1000px) 54vw, (max-width: 1071px) 543px, 580px\" \/><\/figure>\n\n\n\n<p><em>Myriam, DD-Design<\/em>,&nbsp;Mars 2019<\/p>\n\n\n\n<p>En effet, ce meuble peut \u00eatre agenc\u00e9 de diff\u00e9rentes mani\u00e8res, pas n\u00e9cessairement contre un mur mais utilis\u00e9 comme \u00e9l\u00e9ment s\u00e9parateur d\u2019ambiance. Une pr\u00e9sence de grand style et qui attire les regards en transmettant une v\u00e9ritable sensation de bien-\u00eatre. Ses formes ainsi que ses dimensions peuvent \u00eatre personnalis\u00e9es autant en hauteur qu\u2019en largeur, ce qui le rendra \u00ab&nbsp;<strong>unique&nbsp;\u00bb&nbsp;<\/strong>et \u00ab&nbsp;<strong>authentique&nbsp;\u00bb<\/strong>. <\/p>\n\n\n\n<p>L\u2019emplacement pour les t\u00e9l\u00e9viseurs est \u00e9galement personnalisable selon la grandeur de la TV. Une collection de mat\u00e9riaux de premi\u00e8re qualit\u00e9 compl\u00e9teront le choix de votre meuble&nbsp;; comme l\u2019essence de bois, les laqu\u00e9s mat et brillant, le prestigieux marbre de Carrara, b\u00e9ton, ou le cuir. Quand le <strong>design et <\/strong>l\u2019<strong>excellence s\u2019installent chez vous<\/strong>. Laissez-vous inspirer par cette pi\u00e8ce unique.<\/p>\n\n\n\n<p>Ce meuble m\u2019a conquise au premier regard et vous&nbsp;?<\/p>\n","protected":false},"excerpt":{"rendered":"<p>Canap\u00e9 FILIPH AIR Je voulais vous faire d\u00e9couvrir le canap\u00e9 \u00ab&nbsp;Filiph Air \u00bbde Art Nova, qui m\u2019a compl\u00e8tement s\u00e9duite et qui est sans aucun doute mon \u00ab&nbsp;coup de c\u0153ur&nbsp;\u00bb. Ce &hellip; <\/p>\n<p class=\"link-more\"><a href=\"https:\/\/dd-design.ch\/?page_id=240\" class=\"more-link\">Continuer la lecture<span class=\"screen-reader-text\"> de &laquo;&nbsp;Blog&nbsp;&raquo;<\/span><\/a><\/p>\n","protected":false},"author":1,"featured_media":0,"parent":0,"menu_order":0,"comment_status":"closed","ping_status":"closed","template":"","meta":{"_monsterinsights_skip_tracking":false,"_monsterinsights_sitenote_active":false,"_monsterinsights_sitenote_note":"","_monsterinsights_sitenote_category":0,"_price":"","_stock":"","_tribe_ticket_header":"","_tribe_default_ticket_provider":"","_tribe_ticket_capacity":"0","_ticket_start_date":"","_ticket_end_date":"","_tribe_ticket_show_description":"","_tribe_ticket_show_not_going":false,"_tribe_ticket_use_global_stock":"","_tribe_ticket_global_stock_level":"","_global_stock_mode":"","_global_stock_cap":"","_tribe_rsvp_for_event":"","_tribe_ticket_going_count":"","_tribe_ticket_not_going_count":"","_tribe_tickets_list":"[]","_tribe_ticket_has_attendee_info_fields":false,"footnotes":"","_tec_slr_enabled":"","_tec_slr_layout":""},"class_list":["post-240","page","type-page","status-publish","hentry"],"yoast_head":"<!-- This site is optimized with the Yoast SEO plugin v27.3 - https:\/\/yoast.com\/product\/yoast-seo-wordpress\/ -->\n<title>Blog - DD-Design<\/title>\n<meta name=\"robots\" content=\"index, follow, max-snippet:-1, max-image-preview:large, max-video-preview:-1\" \/>\n<link rel=\"canonical\" href=\"https:\/\/dd-design.ch\/?page_id=240\" \/>\n<meta property=\"og:locale\" content=\"fr_FR\" \/>\n<meta property=\"og:type\" content=\"article\" \/>\n<meta property=\"og:title\" content=\"Blog - DD-Design\" \/>\n<meta property=\"og:description\" content=\"Canap\u00e9 FILIPH AIR Je voulais vous faire d\u00e9couvrir le canap\u00e9 \u00ab&nbsp;Filiph Air \u00bbde Art Nova, qui m\u2019a compl\u00e8tement s\u00e9duite et qui est sans aucun doute mon \u00ab&nbsp;coup de c\u0153ur&nbsp;\u00bb. Ce &hellip; Continuer la lecture de &laquo;&nbsp;Blog&nbsp;&raquo;\" \/>\n<meta property=\"og:url\" content=\"https:\/\/dd-design.ch\/?page_id=240\" \/>\n<meta property=\"og:site_name\" content=\"DD-Design\" \/>\n<meta property=\"article:publisher\" content=\"https:\/\/www.facebook.com\/dddesignch\" \/>\n<meta property=\"article:modified_time\" content=\"2019-03-08T12:56:48+00:00\" \/>\n<meta property=\"og:image\" content=\"http:\/\/dd-design.ch\/wp-content\/uploads\/2019\/01\/canap\u00e9-Filiph-dd-design-red-dot-award-2018-.jpg\" \/>\n<meta name=\"twitter:card\" content=\"summary_large_image\" \/>\n<meta name=\"twitter:label1\" content=\"Dur\u00e9e de lecture estim\u00e9e\" \/>\n\t<meta name=\"twitter:data1\" content=\"2 minutes\" \/>\n<script type=\"application\/ld+json\" class=\"yoast-schema-graph\">{\"@context\":\"https:\\\/\\\/schema.org\",\"@graph\":[{\"@type\":\"WebPage\",\"@id\":\"https:\\\/\\\/dd-design.ch\\\/?page_id=240\",\"url\":\"https:\\\/\\\/dd-design.ch\\\/?page_id=240\",\"name\":\"Blog - DD-Design\",\"isPartOf\":{\"@id\":\"https:\\\/\\\/dd-design.ch\\\/#website\"},\"primaryImageOfPage\":{\"@id\":\"https:\\\/\\\/dd-design.ch\\\/?page_id=240#primaryimage\"},\"image\":{\"@id\":\"https:\\\/\\\/dd-design.ch\\\/?page_id=240#primaryimage\"},\"thumbnailUrl\":\"http:\\\/\\\/dd-design.ch\\\/wp-content\\\/uploads\\\/2019\\\/01\\\/Meuble-TV-autoportant2-1-1024x683.jpg\",\"datePublished\":\"2019-01-23T19:51:36+00:00\",\"dateModified\":\"2019-03-08T12:56:48+00:00\",\"breadcrumb\":{\"@id\":\"https:\\\/\\\/dd-design.ch\\\/?page_id=240#breadcrumb\"},\"inLanguage\":\"fr-FR\",\"potentialAction\":[{\"@type\":\"ReadAction\",\"target\":[\"https:\\\/\\\/dd-design.ch\\\/?page_id=240\"]}]},{\"@type\":\"ImageObject\",\"inLanguage\":\"fr-FR\",\"@id\":\"https:\\\/\\\/dd-design.ch\\\/?page_id=240#primaryimage\",\"url\":\"http:\\\/\\\/dd-design.ch\\\/wp-content\\\/uploads\\\/2019\\\/01\\\/Meuble-TV-autoportant2-1-1024x683.jpg\",\"contentUrl\":\"http:\\\/\\\/dd-design.ch\\\/wp-content\\\/uploads\\\/2019\\\/01\\\/Meuble-TV-autoportant2-1-1024x683.jpg\"},{\"@type\":\"BreadcrumbList\",\"@id\":\"https:\\\/\\\/dd-design.ch\\\/?page_id=240#breadcrumb\",\"itemListElement\":[{\"@type\":\"ListItem\",\"position\":1,\"name\":\"Accueil\",\"item\":\"https:\\\/\\\/dd-design.ch\\\/\"},{\"@type\":\"ListItem\",\"position\":2,\"name\":\"Blog\"}]},{\"@type\":\"WebSite\",\"@id\":\"https:\\\/\\\/dd-design.ch\\\/#website\",\"url\":\"https:\\\/\\\/dd-design.ch\\\/\",\"name\":\"DD-Design\",\"description\":\"L&#039;excellence s&#039;installe chez vous\",\"publisher\":{\"@id\":\"https:\\\/\\\/dd-design.ch\\\/#organization\"},\"potentialAction\":[{\"@type\":\"SearchAction\",\"target\":{\"@type\":\"EntryPoint\",\"urlTemplate\":\"https:\\\/\\\/dd-design.ch\\\/?s={search_term_string}\"},\"query-input\":{\"@type\":\"PropertyValueSpecification\",\"valueRequired\":true,\"valueName\":\"search_term_string\"}}],\"inLanguage\":\"fr-FR\"},{\"@type\":\"Organization\",\"@id\":\"https:\\\/\\\/dd-design.ch\\\/#organization\",\"name\":\"DD-Design\",\"url\":\"https:\\\/\\\/dd-design.ch\\\/\",\"logo\":{\"@type\":\"ImageObject\",\"inLanguage\":\"fr-FR\",\"@id\":\"https:\\\/\\\/dd-design.ch\\\/#\\\/schema\\\/logo\\\/image\\\/\",\"url\":\"http:\\\/\\\/dd-design.ch\\\/wp-content\\\/uploads\\\/2019\\\/01\\\/logo-DD-design.png\",\"contentUrl\":\"http:\\\/\\\/dd-design.ch\\\/wp-content\\\/uploads\\\/2019\\\/01\\\/logo-DD-design.png\",\"width\":772,\"height\":624,\"caption\":\"DD-Design\"},\"image\":{\"@id\":\"https:\\\/\\\/dd-design.ch\\\/#\\\/schema\\\/logo\\\/image\\\/\"},\"sameAs\":[\"https:\\\/\\\/www.facebook.com\\\/dddesignch\",\"https:\\\/\\\/www.instagram.com\\\/dddesignch\",\"https:\\\/\\\/www.linkedin.com\\\/in\\\/dd-design\"]}]}<\/script>\n<!-- \/ Yoast SEO plugin. -->","yoast_head_json":{"title":"Blog - DD-Design","robots":{"index":"index","follow":"follow","max-snippet":"max-snippet:-1","max-image-preview":"max-image-preview:large","max-video-preview":"max-video-preview:-1"},"canonical":"https:\/\/dd-design.ch\/?page_id=240","og_locale":"fr_FR","og_type":"article","og_title":"Blog - DD-Design","og_description":"Canap\u00e9 FILIPH AIR Je voulais vous faire d\u00e9couvrir le canap\u00e9 \u00ab&nbsp;Filiph Air \u00bbde Art Nova, qui m\u2019a compl\u00e8tement s\u00e9duite et qui est sans aucun doute mon \u00ab&nbsp;coup de c\u0153ur&nbsp;\u00bb. Ce &hellip; Continuer la lecture de &laquo;&nbsp;Blog&nbsp;&raquo;","og_url":"https:\/\/dd-design.ch\/?page_id=240","og_site_name":"DD-Design","article_publisher":"https:\/\/www.facebook.com\/dddesignch","article_modified_time":"2019-03-08T12:56:48+00:00","og_image":[{"url":"http:\/\/dd-design.ch\/wp-content\/uploads\/2019\/01\/canap\u00e9-Filiph-dd-design-red-dot-award-2018-.jpg","type":"","width":"","height":""}],"twitter_card":"summary_large_image","twitter_misc":{"Dur\u00e9e de lecture estim\u00e9e":"2 minutes"},"schema":{"@context":"https:\/\/schema.org","@graph":[{"@type":"WebPage","@id":"https:\/\/dd-design.ch\/?page_id=240","url":"https:\/\/dd-design.ch\/?page_id=240","name":"Blog - DD-Design","isPartOf":{"@id":"https:\/\/dd-design.ch\/#website"},"primaryImageOfPage":{"@id":"https:\/\/dd-design.ch\/?page_id=240#primaryimage"},"image":{"@id":"https:\/\/dd-design.ch\/?page_id=240#primaryimage"},"thumbnailUrl":"http:\/\/dd-design.ch\/wp-content\/uploads\/2019\/01\/Meuble-TV-autoportant2-1-1024x683.jpg","datePublished":"2019-01-23T19:51:36+00:00","dateModified":"2019-03-08T12:56:48+00:00","breadcrumb":{"@id":"https:\/\/dd-design.ch\/?page_id=240#breadcrumb"},"inLanguage":"fr-FR","potentialAction":[{"@type":"ReadAction","target":["https:\/\/dd-design.ch\/?page_id=240"]}]},{"@type":"ImageObject","inLanguage":"fr-FR","@id":"https:\/\/dd-design.ch\/?page_id=240#primaryimage","url":"http:\/\/dd-design.ch\/wp-content\/uploads\/2019\/01\/Meuble-TV-autoportant2-1-1024x683.jpg","contentUrl":"http:\/\/dd-design.ch\/wp-content\/uploads\/2019\/01\/Meuble-TV-autoportant2-1-1024x683.jpg"},{"@type":"BreadcrumbList","@id":"https:\/\/dd-design.ch\/?page_id=240#breadcrumb","itemListElement":[{"@type":"ListItem","position":1,"name":"Accueil","item":"https:\/\/dd-design.ch\/"},{"@type":"ListItem","position":2,"name":"Blog"}]},{"@type":"WebSite","@id":"https:\/\/dd-design.ch\/#website","url":"https:\/\/dd-design.ch\/","name":"DD-Design","description":"L&#039;excellence s&#039;installe chez vous","publisher":{"@id":"https:\/\/dd-design.ch\/#organization"},"potentialAction":[{"@type":"SearchAction","target":{"@type":"EntryPoint","urlTemplate":"https:\/\/dd-design.ch\/?s={search_term_string}"},"query-input":{"@type":"PropertyValueSpecification","valueRequired":true,"valueName":"search_term_string"}}],"inLanguage":"fr-FR"},{"@type":"Organization","@id":"https:\/\/dd-design.ch\/#organization","name":"DD-Design","url":"https:\/\/dd-design.ch\/","logo":{"@type":"ImageObject","inLanguage":"fr-FR","@id":"https:\/\/dd-design.ch\/#\/schema\/logo\/image\/","url":"http:\/\/dd-design.ch\/wp-content\/uploads\/2019\/01\/logo-DD-design.png","contentUrl":"http:\/\/dd-design.ch\/wp-content\/uploads\/2019\/01\/logo-DD-design.png","width":772,"height":624,"caption":"DD-Design"},"image":{"@id":"https:\/\/dd-design.ch\/#\/schema\/logo\/image\/"},"sameAs":["https:\/\/www.facebook.com\/dddesignch","https:\/\/www.instagram.com\/dddesignch","https:\/\/www.linkedin.com\/in\/dd-design"]}]}},"featured_image_src":null,"featured_image_src_square":null,"jetpack_sharing_enabled":true,"ticketed":false,"_links":{"self":[{"href":"https:\/\/dd-design.ch\/index.php?rest_route=\/wp\/v2\/pages\/240","targetHints":{"allow":["GET"]}}],"collection":[{"href":"https:\/\/dd-design.ch\/index.php?rest_route=\/wp\/v2\/pages"}],"about":[{"href":"https:\/\/dd-design.ch\/index.php?rest_route=\/wp\/v2\/types\/page"}],"author":[{"embeddable":true,"href":"https:\/\/dd-design.ch\/index.php?rest_route=\/wp\/v2\/users\/1"}],"replies":[{"embeddable":true,"href":"https:\/\/dd-design.ch\/index.php?rest_route=%2Fwp%2Fv2%2Fcomments&post=240"}],"version-history":[{"count":11,"href":"https:\/\/dd-design.ch\/index.php?rest_route=\/wp\/v2\/pages\/240\/revisions"}],"predecessor-version":[{"id":534,"href":"https:\/\/dd-design.ch\/index.php?rest_route=\/wp\/v2\/pages\/240\/revisions\/534"}],"wp:attachment":[{"href":"https:\/\/dd-design.ch\/index.php?rest_route=%2Fwp%2Fv2%2Fmedia&parent=240"}],"curies":[{"name":"wp","href":"https:\/\/api.w.org\/{rel}","templated":true}]}}