{"id":188,"date":"2019-01-14T09:23:17","date_gmt":"2019-01-14T08:23:17","guid":{"rendered":"http:\/\/dd-design.ch\/?page_id=188"},"modified":"2020-04-07T14:26:31","modified_gmt":"2020-04-07T12:26:31","slug":"fauteuil","status":"publish","type":"page","link":"https:\/\/dd-design.ch\/?page_id=188","title":{"rendered":"Fauteuils"},"content":{"rendered":"\n<p>Une \u00e9l\u00e9gante collection de fauteuils aux <strong>formes enveloppantes<\/strong> et \/ou plus <strong>sobres<\/strong>, des assises <strong>confortables<\/strong> aux volumes l\u00e9gers et sc\u00e9nographiques qui sauront apporter \u00e0 votre int\u00e9rieur la touche finale dot\u00e9e d\u2019un design raffin\u00e9.<\/p>\n\n\n\n<figure class=\"wp-block-gallery columns-3 is-cropped wp-block-gallery-1 is-layout-flex wp-block-gallery-is-layout-flex\"><ul class=\"blocks-gallery-grid\"><li class=\"blocks-gallery-item\"><figure><a href=\"https:\/\/dd-design.ch\/wp-content\/uploads\/2019\/01\/gentileman-1024x377.jpg\"><img decoding=\"async\" width=\"1024\" height=\"377\" data-attachment-id=\"189\" data-permalink=\"https:\/\/dd-design.ch\/?attachment_id=189\" data-orig-file=\"https:\/\/dd-design.ch\/wp-content\/uploads\/2019\/01\/gentileman.jpg\" data-orig-size=\"1599,588\" data-comments-opened=\"1\" data-image-meta=\"{&quot;aperture&quot;:&quot;0&quot;,&quot;credit&quot;:&quot;&quot;,&quot;camera&quot;:&quot;&quot;,&quot;caption&quot;:&quot;&quot;,&quot;created_timestamp&quot;:&quot;0&quot;,&quot;copyright&quot;:&quot;&quot;,&quot;focal_length&quot;:&quot;0&quot;,&quot;iso&quot;:&quot;0&quot;,&quot;shutter_speed&quot;:&quot;0&quot;,&quot;title&quot;:&quot;&quot;,&quot;orientation&quot;:&quot;0&quot;}\" data-image-title=\"gentileman\" data-image-description=\"\" data-image-caption=\"\" data-large-file=\"https:\/\/dd-design.ch\/wp-content\/uploads\/2019\/01\/gentileman-1024x377.jpg\" src=\"https:\/\/dd-design.ch\/wp-content\/uploads\/2019\/01\/gentileman-1024x377.jpg\" alt=\"\" data-id=\"189\" data-link=\"https:\/\/dd-design.ch\/?attachment_id=189\" class=\"wp-image-189\" srcset=\"https:\/\/dd-design.ch\/wp-content\/uploads\/2019\/01\/gentileman-1024x377.jpg 1024w, https:\/\/dd-design.ch\/wp-content\/uploads\/2019\/01\/gentileman-300x110.jpg 300w, https:\/\/dd-design.ch\/wp-content\/uploads\/2019\/01\/gentileman-768x282.jpg 768w, https:\/\/dd-design.ch\/wp-content\/uploads\/2019\/01\/gentileman.jpg 1599w\" sizes=\"(max-width: 767px) 89vw, (max-width: 1000px) 54vw, (max-width: 1071px) 543px, 580px\" \/><\/a><\/figure><\/li><li class=\"blocks-gallery-item\"><figure><a href=\"https:\/\/dd-design.ch\/wp-content\/uploads\/2019\/01\/love-chair-1024x690.jpg\"><img decoding=\"async\" width=\"1024\" height=\"690\" data-attachment-id=\"190\" data-permalink=\"https:\/\/dd-design.ch\/?attachment_id=190\" data-orig-file=\"https:\/\/dd-design.ch\/wp-content\/uploads\/2019\/01\/love-chair.jpg\" data-orig-size=\"1960,1320\" data-comments-opened=\"1\" data-image-meta=\"{&quot;aperture&quot;:&quot;11&quot;,&quot;credit&quot;:&quot;&quot;,&quot;camera&quot;:&quot;Canon EOS 6D&quot;,&quot;caption&quot;:&quot;&quot;,&quot;created_timestamp&quot;:&quot;1426276542&quot;,&quot;copyright&quot;:&quot;&quot;,&quot;focal_length&quot;:&quot;97&quot;,&quot;iso&quot;:&quot;100&quot;,&quot;shutter_speed&quot;:&quot;1.6&quot;,&quot;title&quot;:&quot;&quot;,&quot;orientation&quot;:&quot;1&quot;}\" data-image-title=\"love chair\" data-image-description=\"\" data-image-caption=\"\" data-large-file=\"https:\/\/dd-design.ch\/wp-content\/uploads\/2019\/01\/love-chair-1024x690.jpg\" src=\"https:\/\/dd-design.ch\/wp-content\/uploads\/2019\/01\/love-chair-1024x690.jpg\" alt=\"\" data-id=\"190\" data-link=\"https:\/\/dd-design.ch\/?attachment_id=190\" class=\"wp-image-190\" srcset=\"https:\/\/dd-design.ch\/wp-content\/uploads\/2019\/01\/love-chair-1024x690.jpg 1024w, https:\/\/dd-design.ch\/wp-content\/uploads\/2019\/01\/love-chair-300x202.jpg 300w, https:\/\/dd-design.ch\/wp-content\/uploads\/2019\/01\/love-chair-768x517.jpg 768w, https:\/\/dd-design.ch\/wp-content\/uploads\/2019\/01\/love-chair.jpg 1960w\" sizes=\"(max-width: 767px) 89vw, (max-width: 1000px) 54vw, (max-width: 1071px) 543px, 580px\" \/><\/a><\/figure><\/li><li class=\"blocks-gallery-item\"><figure><a href=\"https:\/\/dd-design.ch\/wp-content\/uploads\/2019\/01\/fauteuil-tulip.jpg\"><img decoding=\"async\" width=\"980\" height=\"360\" data-attachment-id=\"191\" data-permalink=\"https:\/\/dd-design.ch\/?attachment_id=191\" data-orig-file=\"https:\/\/dd-design.ch\/wp-content\/uploads\/2019\/01\/fauteuil-tulip.jpg\" data-orig-size=\"980,360\" data-comments-opened=\"1\" data-image-meta=\"{&quot;aperture&quot;:&quot;0&quot;,&quot;credit&quot;:&quot;&quot;,&quot;camera&quot;:&quot;&quot;,&quot;caption&quot;:&quot;&quot;,&quot;created_timestamp&quot;:&quot;0&quot;,&quot;copyright&quot;:&quot;&quot;,&quot;focal_length&quot;:&quot;0&quot;,&quot;iso&quot;:&quot;0&quot;,&quot;shutter_speed&quot;:&quot;0&quot;,&quot;title&quot;:&quot;&quot;,&quot;orientation&quot;:&quot;0&quot;}\" data-image-title=\"fauteuil tulip\" data-image-description=\"\" data-image-caption=\"\" data-large-file=\"https:\/\/dd-design.ch\/wp-content\/uploads\/2019\/01\/fauteuil-tulip.jpg\" src=\"https:\/\/dd-design.ch\/wp-content\/uploads\/2019\/01\/fauteuil-tulip.jpg\" alt=\"\" data-id=\"191\" data-link=\"https:\/\/dd-design.ch\/?attachment_id=191\" class=\"wp-image-191\" srcset=\"https:\/\/dd-design.ch\/wp-content\/uploads\/2019\/01\/fauteuil-tulip.jpg 980w, https:\/\/dd-design.ch\/wp-content\/uploads\/2019\/01\/fauteuil-tulip-300x110.jpg 300w, https:\/\/dd-design.ch\/wp-content\/uploads\/2019\/01\/fauteuil-tulip-768x282.jpg 768w\" sizes=\"(max-width: 767px) 89vw, (max-width: 1000px) 54vw, (max-width: 1071px) 543px, 580px\" \/><\/a><\/figure><\/li><li class=\"blocks-gallery-item\"><figure><a href=\"https:\/\/dd-design.ch\/wp-content\/uploads\/2019\/01\/fauteuil-celine-1024x683.jpg\"><img decoding=\"async\" width=\"1024\" height=\"683\" data-attachment-id=\"192\" data-permalink=\"https:\/\/dd-design.ch\/?attachment_id=192\" data-orig-file=\"https:\/\/dd-design.ch\/wp-content\/uploads\/2019\/01\/fauteuil-celine.jpg\" data-orig-size=\"1600,1067\" data-comments-opened=\"1\" data-image-meta=\"{&quot;aperture&quot;:&quot;8&quot;,&quot;credit&quot;:&quot;&quot;,&quot;camera&quot;:&quot;Canon EOS 6D&quot;,&quot;caption&quot;:&quot;&quot;,&quot;created_timestamp&quot;:&quot;1523999023&quot;,&quot;copyright&quot;:&quot;&quot;,&quot;focal_length&quot;:&quot;50&quot;,&quot;iso&quot;:&quot;200&quot;,&quot;shutter_speed&quot;:&quot;0.5&quot;,&quot;title&quot;:&quot;&quot;,&quot;orientation&quot;:&quot;1&quot;}\" data-image-title=\"fauteuil celine\" data-image-description=\"\" data-image-caption=\"\" data-large-file=\"https:\/\/dd-design.ch\/wp-content\/uploads\/2019\/01\/fauteuil-celine-1024x683.jpg\" src=\"https:\/\/dd-design.ch\/wp-content\/uploads\/2019\/01\/fauteuil-celine-1024x683.jpg\" alt=\"\" data-id=\"192\" data-link=\"https:\/\/dd-design.ch\/?attachment_id=192\" class=\"wp-image-192\" srcset=\"https:\/\/dd-design.ch\/wp-content\/uploads\/2019\/01\/fauteuil-celine-1024x683.jpg 1024w, https:\/\/dd-design.ch\/wp-content\/uploads\/2019\/01\/fauteuil-celine-300x200.jpg 300w, https:\/\/dd-design.ch\/wp-content\/uploads\/2019\/01\/fauteuil-celine-768x512.jpg 768w, https:\/\/dd-design.ch\/wp-content\/uploads\/2019\/01\/fauteuil-celine.jpg 1600w\" sizes=\"(max-width: 767px) 89vw, (max-width: 1000px) 54vw, (max-width: 1071px) 543px, 580px\" \/><\/a><\/figure><\/li><\/ul><\/figure>\n","protected":false},"excerpt":{"rendered":"<p>Une \u00e9l\u00e9gante collection de fauteuils aux formes enveloppantes et \/ou plus sobres, des assises confortables aux volumes l\u00e9gers et sc\u00e9nographiques qui sauront apporter \u00e0 votre int\u00e9rieur la touche finale dot\u00e9e &hellip; <\/p>\n<p class=\"link-more\"><a href=\"https:\/\/dd-design.ch\/?page_id=188\" class=\"more-link\">Continuer la lecture<span class=\"screen-reader-text\"> de &laquo;&nbsp;Fauteuils&nbsp;&raquo;<\/span><\/a><\/p>\n","protected":false},"author":1,"featured_media":0,"parent":0,"menu_order":0,"comment_status":"closed","ping_status":"closed","template":"","meta":{"_monsterinsights_skip_tracking":false,"_monsterinsights_sitenote_active":false,"_monsterinsights_sitenote_note":"","_monsterinsights_sitenote_category":0,"_price":"","_stock":"","_tribe_ticket_header":"","_tribe_default_ticket_provider":"","_tribe_ticket_capacity":"0","_ticket_start_date":"","_ticket_end_date":"","_tribe_ticket_show_description":"","_tribe_ticket_show_not_going":false,"_tribe_ticket_use_global_stock":"","_tribe_ticket_global_stock_level":"","_global_stock_mode":"","_global_stock_cap":"","_tribe_rsvp_for_event":"","_tribe_ticket_going_count":"","_tribe_ticket_not_going_count":"","_tribe_tickets_list":"[]","_tribe_ticket_has_attendee_info_fields":false,"footnotes":"","_tec_slr_enabled":"","_tec_slr_layout":""},"class_list":["post-188","page","type-page","status-publish","hentry"],"yoast_head":"<!-- This site is optimized with the Yoast SEO plugin v27.3 - https:\/\/yoast.com\/product\/yoast-seo-wordpress\/ -->\n<title>Fauteuils - DD-Design<\/title>\n<meta name=\"robots\" content=\"index, follow, max-snippet:-1, max-image-preview:large, max-video-preview:-1\" \/>\n<link rel=\"canonical\" href=\"https:\/\/dd-design.ch\/?page_id=188\" \/>\n<meta property=\"og:locale\" content=\"fr_FR\" \/>\n<meta property=\"og:type\" content=\"article\" \/>\n<meta property=\"og:title\" content=\"Fauteuils - DD-Design\" \/>\n<meta property=\"og:description\" content=\"Une \u00e9l\u00e9gante collection de fauteuils aux formes enveloppantes et \/ou plus sobres, des assises confortables aux volumes l\u00e9gers et sc\u00e9nographiques qui sauront apporter \u00e0 votre int\u00e9rieur la touche finale dot\u00e9e &hellip; Continuer la lecture de &laquo;&nbsp;Fauteuils&nbsp;&raquo;\" \/>\n<meta property=\"og:url\" content=\"https:\/\/dd-design.ch\/?page_id=188\" \/>\n<meta property=\"og:site_name\" content=\"DD-Design\" \/>\n<meta property=\"article:publisher\" content=\"https:\/\/www.facebook.com\/dddesignch\" \/>\n<meta property=\"article:modified_time\" content=\"2020-04-07T12:26:31+00:00\" \/>\n<meta property=\"og:image\" content=\"http:\/\/dd-design.ch\/wp-content\/uploads\/2019\/01\/gentileman-1024x377.jpg\" \/>\n<meta name=\"twitter:card\" content=\"summary_large_image\" \/>\n<script type=\"application\/ld+json\" class=\"yoast-schema-graph\">{\"@context\":\"https:\\\/\\\/schema.org\",\"@graph\":[{\"@type\":\"WebPage\",\"@id\":\"https:\\\/\\\/dd-design.ch\\\/?page_id=188\",\"url\":\"https:\\\/\\\/dd-design.ch\\\/?page_id=188\",\"name\":\"Fauteuils - DD-Design\",\"isPartOf\":{\"@id\":\"https:\\\/\\\/dd-design.ch\\\/#website\"},\"primaryImageOfPage\":{\"@id\":\"https:\\\/\\\/dd-design.ch\\\/?page_id=188#primaryimage\"},\"image\":{\"@id\":\"https:\\\/\\\/dd-design.ch\\\/?page_id=188#primaryimage\"},\"thumbnailUrl\":\"http:\\\/\\\/dd-design.ch\\\/wp-content\\\/uploads\\\/2019\\\/01\\\/gentileman-1024x377.jpg\",\"datePublished\":\"2019-01-14T08:23:17+00:00\",\"dateModified\":\"2020-04-07T12:26:31+00:00\",\"breadcrumb\":{\"@id\":\"https:\\\/\\\/dd-design.ch\\\/?page_id=188#breadcrumb\"},\"inLanguage\":\"fr-FR\",\"potentialAction\":[{\"@type\":\"ReadAction\",\"target\":[\"https:\\\/\\\/dd-design.ch\\\/?page_id=188\"]}]},{\"@type\":\"ImageObject\",\"inLanguage\":\"fr-FR\",\"@id\":\"https:\\\/\\\/dd-design.ch\\\/?page_id=188#primaryimage\",\"url\":\"http:\\\/\\\/dd-design.ch\\\/wp-content\\\/uploads\\\/2019\\\/01\\\/gentileman-1024x377.jpg\",\"contentUrl\":\"http:\\\/\\\/dd-design.ch\\\/wp-content\\\/uploads\\\/2019\\\/01\\\/gentileman-1024x377.jpg\"},{\"@type\":\"BreadcrumbList\",\"@id\":\"https:\\\/\\\/dd-design.ch\\\/?page_id=188#breadcrumb\",\"itemListElement\":[{\"@type\":\"ListItem\",\"position\":1,\"name\":\"Accueil\",\"item\":\"https:\\\/\\\/dd-design.ch\\\/\"},{\"@type\":\"ListItem\",\"position\":2,\"name\":\"Fauteuils\"}]},{\"@type\":\"WebSite\",\"@id\":\"https:\\\/\\\/dd-design.ch\\\/#website\",\"url\":\"https:\\\/\\\/dd-design.ch\\\/\",\"name\":\"DD-Design\",\"description\":\"L&#039;excellence s&#039;installe chez vous\",\"publisher\":{\"@id\":\"https:\\\/\\\/dd-design.ch\\\/#organization\"},\"potentialAction\":[{\"@type\":\"SearchAction\",\"target\":{\"@type\":\"EntryPoint\",\"urlTemplate\":\"https:\\\/\\\/dd-design.ch\\\/?s={search_term_string}\"},\"query-input\":{\"@type\":\"PropertyValueSpecification\",\"valueRequired\":true,\"valueName\":\"search_term_string\"}}],\"inLanguage\":\"fr-FR\"},{\"@type\":\"Organization\",\"@id\":\"https:\\\/\\\/dd-design.ch\\\/#organization\",\"name\":\"DD-Design\",\"url\":\"https:\\\/\\\/dd-design.ch\\\/\",\"logo\":{\"@type\":\"ImageObject\",\"inLanguage\":\"fr-FR\",\"@id\":\"https:\\\/\\\/dd-design.ch\\\/#\\\/schema\\\/logo\\\/image\\\/\",\"url\":\"http:\\\/\\\/dd-design.ch\\\/wp-content\\\/uploads\\\/2019\\\/01\\\/logo-DD-design.png\",\"contentUrl\":\"http:\\\/\\\/dd-design.ch\\\/wp-content\\\/uploads\\\/2019\\\/01\\\/logo-DD-design.png\",\"width\":772,\"height\":624,\"caption\":\"DD-Design\"},\"image\":{\"@id\":\"https:\\\/\\\/dd-design.ch\\\/#\\\/schema\\\/logo\\\/image\\\/\"},\"sameAs\":[\"https:\\\/\\\/www.facebook.com\\\/dddesignch\",\"https:\\\/\\\/www.instagram.com\\\/dddesignch\",\"https:\\\/\\\/www.linkedin.com\\\/in\\\/dd-design\"]}]}<\/script>\n<!-- \/ Yoast SEO plugin. -->","yoast_head_json":{"title":"Fauteuils - DD-Design","robots":{"index":"index","follow":"follow","max-snippet":"max-snippet:-1","max-image-preview":"max-image-preview:large","max-video-preview":"max-video-preview:-1"},"canonical":"https:\/\/dd-design.ch\/?page_id=188","og_locale":"fr_FR","og_type":"article","og_title":"Fauteuils - DD-Design","og_description":"Une \u00e9l\u00e9gante collection de fauteuils aux formes enveloppantes et \/ou plus sobres, des assises confortables aux volumes l\u00e9gers et sc\u00e9nographiques qui sauront apporter \u00e0 votre int\u00e9rieur la touche finale dot\u00e9e &hellip; Continuer la lecture de &laquo;&nbsp;Fauteuils&nbsp;&raquo;","og_url":"https:\/\/dd-design.ch\/?page_id=188","og_site_name":"DD-Design","article_publisher":"https:\/\/www.facebook.com\/dddesignch","article_modified_time":"2020-04-07T12:26:31+00:00","og_image":[{"url":"http:\/\/dd-design.ch\/wp-content\/uploads\/2019\/01\/gentileman-1024x377.jpg","type":"","width":"","height":""}],"twitter_card":"summary_large_image","schema":{"@context":"https:\/\/schema.org","@graph":[{"@type":"WebPage","@id":"https:\/\/dd-design.ch\/?page_id=188","url":"https:\/\/dd-design.ch\/?page_id=188","name":"Fauteuils - DD-Design","isPartOf":{"@id":"https:\/\/dd-design.ch\/#website"},"primaryImageOfPage":{"@id":"https:\/\/dd-design.ch\/?page_id=188#primaryimage"},"image":{"@id":"https:\/\/dd-design.ch\/?page_id=188#primaryimage"},"thumbnailUrl":"http:\/\/dd-design.ch\/wp-content\/uploads\/2019\/01\/gentileman-1024x377.jpg","datePublished":"2019-01-14T08:23:17+00:00","dateModified":"2020-04-07T12:26:31+00:00","breadcrumb":{"@id":"https:\/\/dd-design.ch\/?page_id=188#breadcrumb"},"inLanguage":"fr-FR","potentialAction":[{"@type":"ReadAction","target":["https:\/\/dd-design.ch\/?page_id=188"]}]},{"@type":"ImageObject","inLanguage":"fr-FR","@id":"https:\/\/dd-design.ch\/?page_id=188#primaryimage","url":"http:\/\/dd-design.ch\/wp-content\/uploads\/2019\/01\/gentileman-1024x377.jpg","contentUrl":"http:\/\/dd-design.ch\/wp-content\/uploads\/2019\/01\/gentileman-1024x377.jpg"},{"@type":"BreadcrumbList","@id":"https:\/\/dd-design.ch\/?page_id=188#breadcrumb","itemListElement":[{"@type":"ListItem","position":1,"name":"Accueil","item":"https:\/\/dd-design.ch\/"},{"@type":"ListItem","position":2,"name":"Fauteuils"}]},{"@type":"WebSite","@id":"https:\/\/dd-design.ch\/#website","url":"https:\/\/dd-design.ch\/","name":"DD-Design","description":"L&#039;excellence s&#039;installe chez vous","publisher":{"@id":"https:\/\/dd-design.ch\/#organization"},"potentialAction":[{"@type":"SearchAction","target":{"@type":"EntryPoint","urlTemplate":"https:\/\/dd-design.ch\/?s={search_term_string}"},"query-input":{"@type":"PropertyValueSpecification","valueRequired":true,"valueName":"search_term_string"}}],"inLanguage":"fr-FR"},{"@type":"Organization","@id":"https:\/\/dd-design.ch\/#organization","name":"DD-Design","url":"https:\/\/dd-design.ch\/","logo":{"@type":"ImageObject","inLanguage":"fr-FR","@id":"https:\/\/dd-design.ch\/#\/schema\/logo\/image\/","url":"http:\/\/dd-design.ch\/wp-content\/uploads\/2019\/01\/logo-DD-design.png","contentUrl":"http:\/\/dd-design.ch\/wp-content\/uploads\/2019\/01\/logo-DD-design.png","width":772,"height":624,"caption":"DD-Design"},"image":{"@id":"https:\/\/dd-design.ch\/#\/schema\/logo\/image\/"},"sameAs":["https:\/\/www.facebook.com\/dddesignch","https:\/\/www.instagram.com\/dddesignch","https:\/\/www.linkedin.com\/in\/dd-design"]}]}},"featured_image_src":null,"featured_image_src_square":null,"jetpack_sharing_enabled":true,"ticketed":false,"_links":{"self":[{"href":"https:\/\/dd-design.ch\/index.php?rest_route=\/wp\/v2\/pages\/188","targetHints":{"allow":["GET"]}}],"collection":[{"href":"https:\/\/dd-design.ch\/index.php?rest_route=\/wp\/v2\/pages"}],"about":[{"href":"https:\/\/dd-design.ch\/index.php?rest_route=\/wp\/v2\/types\/page"}],"author":[{"embeddable":true,"href":"https:\/\/dd-design.ch\/index.php?rest_route=\/wp\/v2\/users\/1"}],"replies":[{"embeddable":true,"href":"https:\/\/dd-design.ch\/index.php?rest_route=%2Fwp%2Fv2%2Fcomments&post=188"}],"version-history":[{"count":5,"href":"https:\/\/dd-design.ch\/index.php?rest_route=\/wp\/v2\/pages\/188\/revisions"}],"predecessor-version":[{"id":1362,"href":"https:\/\/dd-design.ch\/index.php?rest_route=\/wp\/v2\/pages\/188\/revisions\/1362"}],"wp:attachment":[{"href":"https:\/\/dd-design.ch\/index.php?rest_route=%2Fwp%2Fv2%2Fmedia&parent=188"}],"curies":[{"name":"wp","href":"https:\/\/api.w.org\/{rel}","templated":true}]}}