{"id":178,"date":"2019-01-14T09:01:09","date_gmt":"2019-01-14T08:01:09","guid":{"rendered":"http:\/\/dd-design.ch\/?page_id=178"},"modified":"2025-05-24T19:08:45","modified_gmt":"2025-05-24T17:08:45","slug":"dressing","status":"publish","type":"page","link":"https:\/\/dd-design.ch\/?page_id=178","title":{"rendered":"Dressing"},"content":{"rendered":"\n<h3 class=\"wp-block-heading\"> Cr\u00e9ez un dressing personnalis\u00e9 pour chaque espace<\/h3>\n\n\n\n<p>Le <strong>dressing<\/strong> est bien plus qu\u2019un simple espace de rangement : c\u2019est un <strong>univers personnel<\/strong>, pens\u00e9 pour <strong>optimiser l\u2019organisation<\/strong> tout en refl\u00e9tant votre <strong>style de vie<\/strong> et votre <strong>esth\u00e9tique<\/strong>.<\/p>\n\n\n\n<p>Chez <strong>DD-Design<\/strong>, nous concevons des <strong>dressings sur mesure<\/strong> pour s\u2019adapter parfaitement \u00e0 votre int\u00e9rieur, qu\u2019il s\u2019agisse d\u2019un espace d\u00e9di\u00e9, d\u2019un coin de chambre ou d\u2019un couloir transform\u00e9 en zone de rangement. Notre objectif ? Allier <strong>fonctionnalit\u00e9 et \u00e9l\u00e9gance<\/strong>, avec des solutions innovantes et personnalisables.<\/p>\n\n\n\n<p>Choisissez parmi une vaste s\u00e9lection de :<\/p>\n\n\n\n<ul class=\"wp-block-list\">\n<li><strong>Mat\u00e9riaux de qualit\u00e9<\/strong> (bois, laque, verre, m\u00e9tal),<\/li>\n\n\n\n<li><strong>Finitions modernes ou classiques<\/strong>,<\/li>\n\n\n\n<li><strong>Rangements intelligents<\/strong> (tiroirs, penderies coulissantes, \u00e9tag\u00e8res, porte-chaussures, miroirs int\u00e9gr\u00e9s),<\/li>\n\n\n\n<li><strong>\u00c9clairages LED int\u00e9gr\u00e9s<\/strong> pour une visibilit\u00e9 optimale.<\/li>\n<\/ul>\n\n\n\n<p>Nos <strong>dressings design<\/strong> peuvent \u00eatre <strong>ouverts, semi-ouverts ou ferm\u00e9s<\/strong> avec portes battantes ou coulissantes, selon vos pr\u00e9f\u00e9rences d\u2019am\u00e9nagement et le style de votre pi\u00e8ce.<\/p>\n\n\n\n<p>Nous r\u00e9alisons \u00e9galement des <strong>dressing d\u2019entr\u00e9e<\/strong>, parfaits pour garder vestes, chaussures et accessoires bien organis\u00e9s tout en cr\u00e9ant une ambiance accueillante.<\/p>\n\n\n\n<figure class=\"wp-block-gallery has-nested-images columns-2 is-cropped wp-block-gallery-1 is-layout-flex wp-block-gallery-is-layout-flex\">\n<figure class=\"wp-block-image size-large\"><a href=\"https:\/\/dd-design.ch\/wp-content\/uploads\/2019\/01\/dressing-portale.jpg\"><img decoding=\"async\" width=\"980\" height=\"679\" data-attachment-id=\"183\" data-permalink=\"https:\/\/dd-design.ch\/?attachment_id=183\" data-orig-file=\"https:\/\/dd-design.ch\/wp-content\/uploads\/2019\/01\/dressing-portale.jpg\" data-orig-size=\"980,679\" data-comments-opened=\"1\" data-image-meta=\"{&quot;aperture&quot;:&quot;0&quot;,&quot;credit&quot;:&quot;&quot;,&quot;camera&quot;:&quot;&quot;,&quot;caption&quot;:&quot;&quot;,&quot;created_timestamp&quot;:&quot;0&quot;,&quot;copyright&quot;:&quot;&quot;,&quot;focal_length&quot;:&quot;0&quot;,&quot;iso&quot;:&quot;0&quot;,&quot;shutter_speed&quot;:&quot;0&quot;,&quot;title&quot;:&quot;&quot;,&quot;orientation&quot;:&quot;1&quot;}\" data-image-title=\"dressing portale\" data-image-description=\"\" data-image-caption=\"\" data-large-file=\"https:\/\/dd-design.ch\/wp-content\/uploads\/2019\/01\/dressing-portale.jpg\" data-id=\"183\" src=\"https:\/\/dd-design.ch\/wp-content\/uploads\/2019\/01\/dressing-portale.jpg\" alt=\"\" class=\"wp-image-183\" srcset=\"https:\/\/dd-design.ch\/wp-content\/uploads\/2019\/01\/dressing-portale.jpg 980w, https:\/\/dd-design.ch\/wp-content\/uploads\/2019\/01\/dressing-portale-300x208.jpg 300w, https:\/\/dd-design.ch\/wp-content\/uploads\/2019\/01\/dressing-portale-768x532.jpg 768w\" sizes=\"(max-width: 767px) 89vw, (max-width: 1000px) 54vw, (max-width: 1071px) 543px, 580px\" \/><\/a><\/figure>\n\n\n\n<figure class=\"wp-block-image size-large\"><a href=\"https:\/\/dd-design.ch\/wp-content\/uploads\/2019\/01\/dressing-roller.jpg\"><img decoding=\"async\" width=\"980\" height=\"688\" data-attachment-id=\"184\" data-permalink=\"https:\/\/dd-design.ch\/?attachment_id=184\" data-orig-file=\"https:\/\/dd-design.ch\/wp-content\/uploads\/2019\/01\/dressing-roller.jpg\" data-orig-size=\"980,688\" data-comments-opened=\"1\" data-image-meta=\"{&quot;aperture&quot;:&quot;0&quot;,&quot;credit&quot;:&quot;&quot;,&quot;camera&quot;:&quot;&quot;,&quot;caption&quot;:&quot;&quot;,&quot;created_timestamp&quot;:&quot;0&quot;,&quot;copyright&quot;:&quot;&quot;,&quot;focal_length&quot;:&quot;0&quot;,&quot;iso&quot;:&quot;0&quot;,&quot;shutter_speed&quot;:&quot;0&quot;,&quot;title&quot;:&quot;&quot;,&quot;orientation&quot;:&quot;1&quot;}\" data-image-title=\"dressing roller\" data-image-description=\"\" data-image-caption=\"\" data-large-file=\"https:\/\/dd-design.ch\/wp-content\/uploads\/2019\/01\/dressing-roller.jpg\" data-id=\"184\" src=\"https:\/\/dd-design.ch\/wp-content\/uploads\/2019\/01\/dressing-roller.jpg\" alt=\"\" class=\"wp-image-184\" srcset=\"https:\/\/dd-design.ch\/wp-content\/uploads\/2019\/01\/dressing-roller.jpg 980w, https:\/\/dd-design.ch\/wp-content\/uploads\/2019\/01\/dressing-roller-300x211.jpg 300w, https:\/\/dd-design.ch\/wp-content\/uploads\/2019\/01\/dressing-roller-768x539.jpg 768w\" sizes=\"(max-width: 767px) 89vw, (max-width: 1000px) 54vw, (max-width: 1071px) 543px, 580px\" \/><\/a><\/figure>\n\n\n\n<figure class=\"wp-block-image size-large\"><a href=\"https:\/\/dd-design.ch\/wp-content\/uploads\/2019\/01\/dressing-libera.jpg\"><img decoding=\"async\" width=\"980\" height=\"660\" data-attachment-id=\"185\" data-permalink=\"https:\/\/dd-design.ch\/?attachment_id=185\" data-orig-file=\"https:\/\/dd-design.ch\/wp-content\/uploads\/2019\/01\/dressing-libera.jpg\" data-orig-size=\"980,660\" data-comments-opened=\"1\" data-image-meta=\"{&quot;aperture&quot;:&quot;0&quot;,&quot;credit&quot;:&quot;&quot;,&quot;camera&quot;:&quot;&quot;,&quot;caption&quot;:&quot;&quot;,&quot;created_timestamp&quot;:&quot;0&quot;,&quot;copyright&quot;:&quot;&quot;,&quot;focal_length&quot;:&quot;0&quot;,&quot;iso&quot;:&quot;0&quot;,&quot;shutter_speed&quot;:&quot;0&quot;,&quot;title&quot;:&quot;&quot;,&quot;orientation&quot;:&quot;1&quot;}\" data-image-title=\"dressing libera\" data-image-description=\"\" data-image-caption=\"\" data-large-file=\"https:\/\/dd-design.ch\/wp-content\/uploads\/2019\/01\/dressing-libera.jpg\" data-id=\"185\" src=\"https:\/\/dd-design.ch\/wp-content\/uploads\/2019\/01\/dressing-libera.jpg\" alt=\"\" class=\"wp-image-185\" srcset=\"https:\/\/dd-design.ch\/wp-content\/uploads\/2019\/01\/dressing-libera.jpg 980w, https:\/\/dd-design.ch\/wp-content\/uploads\/2019\/01\/dressing-libera-300x202.jpg 300w, https:\/\/dd-design.ch\/wp-content\/uploads\/2019\/01\/dressing-libera-768x517.jpg 768w\" sizes=\"(max-width: 767px) 89vw, (max-width: 1000px) 54vw, (max-width: 1071px) 543px, 580px\" \/><\/a><\/figure>\n<\/figure>\n\n\n\n<p>Venez d\u00e9couvrir notre gamme de dressing <strong>sur mesure<\/strong> aux <strong>finitions<\/strong> de haute<strong> qualit\u00e9<\/strong>, ainsi que la gamme d\u2019armoires. Nous \u00e9tudierons ensemble votre projet, et les besoins en mati\u00e8re d\u2019agencement.<\/p>\n","protected":false},"excerpt":{"rendered":"<p>Cr\u00e9ez un dressing personnalis\u00e9 pour chaque espace Le dressing est bien plus qu\u2019un simple espace de rangement : c\u2019est un univers personnel, pens\u00e9 pour optimiser l\u2019organisation tout en refl\u00e9tant votre &hellip; <\/p>\n<p class=\"link-more\"><a href=\"https:\/\/dd-design.ch\/?page_id=178\" class=\"more-link\">Continuer la lecture<span class=\"screen-reader-text\"> de &laquo;&nbsp;Dressing&nbsp;&raquo;<\/span><\/a><\/p>\n","protected":false},"author":1,"featured_media":0,"parent":0,"menu_order":0,"comment_status":"closed","ping_status":"closed","template":"","meta":{"_monsterinsights_skip_tracking":false,"_monsterinsights_sitenote_active":false,"_monsterinsights_sitenote_note":"","_monsterinsights_sitenote_category":0,"_price":"","_stock":"","_tribe_ticket_header":"","_tribe_default_ticket_provider":"","_tribe_ticket_capacity":"0","_ticket_start_date":"","_ticket_end_date":"","_tribe_ticket_show_description":"","_tribe_ticket_show_not_going":false,"_tribe_ticket_use_global_stock":"","_tribe_ticket_global_stock_level":"","_global_stock_mode":"","_global_stock_cap":"","_tribe_rsvp_for_event":"","_tribe_ticket_going_count":"","_tribe_ticket_not_going_count":"","_tribe_tickets_list":"[]","_tribe_ticket_has_attendee_info_fields":false,"footnotes":"","_tec_slr_enabled":"","_tec_slr_layout":""},"class_list":["post-178","page","type-page","status-publish","hentry"],"yoast_head":"<!-- This site is optimized with the Yoast SEO plugin v27.3 - https:\/\/yoast.com\/product\/yoast-seo-wordpress\/ -->\n<title>Dressing - DD-Design<\/title>\n<meta name=\"robots\" content=\"index, follow, max-snippet:-1, max-image-preview:large, max-video-preview:-1\" \/>\n<link rel=\"canonical\" href=\"https:\/\/dd-design.ch\/?page_id=178\" \/>\n<meta property=\"og:locale\" content=\"fr_FR\" \/>\n<meta property=\"og:type\" content=\"article\" \/>\n<meta property=\"og:title\" content=\"Dressing - DD-Design\" \/>\n<meta property=\"og:description\" content=\"Cr\u00e9ez un dressing personnalis\u00e9 pour chaque espace Le dressing est bien plus qu\u2019un simple espace de rangement : c\u2019est un univers personnel, pens\u00e9 pour optimiser l\u2019organisation tout en refl\u00e9tant votre &hellip; Continuer la lecture de &laquo;&nbsp;Dressing&nbsp;&raquo;\" \/>\n<meta property=\"og:url\" content=\"https:\/\/dd-design.ch\/?page_id=178\" \/>\n<meta property=\"og:site_name\" content=\"DD-Design\" \/>\n<meta property=\"article:publisher\" content=\"https:\/\/www.facebook.com\/dddesignch\" \/>\n<meta property=\"article:modified_time\" content=\"2025-05-24T17:08:45+00:00\" \/>\n<meta property=\"og:image\" content=\"http:\/\/dd-design.ch\/wp-content\/uploads\/2019\/01\/dressing-portale.jpg\" \/>\n<meta name=\"twitter:card\" content=\"summary_large_image\" \/>\n<meta name=\"twitter:label1\" content=\"Dur\u00e9e de lecture estim\u00e9e\" \/>\n\t<meta name=\"twitter:data1\" content=\"2 minutes\" \/>\n<script type=\"application\/ld+json\" class=\"yoast-schema-graph\">{\"@context\":\"https:\\\/\\\/schema.org\",\"@graph\":[{\"@type\":\"WebPage\",\"@id\":\"https:\\\/\\\/dd-design.ch\\\/?page_id=178\",\"url\":\"https:\\\/\\\/dd-design.ch\\\/?page_id=178\",\"name\":\"Dressing - DD-Design\",\"isPartOf\":{\"@id\":\"https:\\\/\\\/dd-design.ch\\\/#website\"},\"primaryImageOfPage\":{\"@id\":\"https:\\\/\\\/dd-design.ch\\\/?page_id=178#primaryimage\"},\"image\":{\"@id\":\"https:\\\/\\\/dd-design.ch\\\/?page_id=178#primaryimage\"},\"thumbnailUrl\":\"http:\\\/\\\/dd-design.ch\\\/wp-content\\\/uploads\\\/2019\\\/01\\\/dressing-portale.jpg\",\"datePublished\":\"2019-01-14T08:01:09+00:00\",\"dateModified\":\"2025-05-24T17:08:45+00:00\",\"breadcrumb\":{\"@id\":\"https:\\\/\\\/dd-design.ch\\\/?page_id=178#breadcrumb\"},\"inLanguage\":\"fr-FR\",\"potentialAction\":[{\"@type\":\"ReadAction\",\"target\":[\"https:\\\/\\\/dd-design.ch\\\/?page_id=178\"]}]},{\"@type\":\"ImageObject\",\"inLanguage\":\"fr-FR\",\"@id\":\"https:\\\/\\\/dd-design.ch\\\/?page_id=178#primaryimage\",\"url\":\"http:\\\/\\\/dd-design.ch\\\/wp-content\\\/uploads\\\/2019\\\/01\\\/dressing-portale.jpg\",\"contentUrl\":\"http:\\\/\\\/dd-design.ch\\\/wp-content\\\/uploads\\\/2019\\\/01\\\/dressing-portale.jpg\"},{\"@type\":\"BreadcrumbList\",\"@id\":\"https:\\\/\\\/dd-design.ch\\\/?page_id=178#breadcrumb\",\"itemListElement\":[{\"@type\":\"ListItem\",\"position\":1,\"name\":\"Accueil\",\"item\":\"https:\\\/\\\/dd-design.ch\\\/\"},{\"@type\":\"ListItem\",\"position\":2,\"name\":\"Dressing\"}]},{\"@type\":\"WebSite\",\"@id\":\"https:\\\/\\\/dd-design.ch\\\/#website\",\"url\":\"https:\\\/\\\/dd-design.ch\\\/\",\"name\":\"DD-Design\",\"description\":\"L&#039;excellence s&#039;installe chez vous\",\"publisher\":{\"@id\":\"https:\\\/\\\/dd-design.ch\\\/#organization\"},\"potentialAction\":[{\"@type\":\"SearchAction\",\"target\":{\"@type\":\"EntryPoint\",\"urlTemplate\":\"https:\\\/\\\/dd-design.ch\\\/?s={search_term_string}\"},\"query-input\":{\"@type\":\"PropertyValueSpecification\",\"valueRequired\":true,\"valueName\":\"search_term_string\"}}],\"inLanguage\":\"fr-FR\"},{\"@type\":\"Organization\",\"@id\":\"https:\\\/\\\/dd-design.ch\\\/#organization\",\"name\":\"DD-Design\",\"url\":\"https:\\\/\\\/dd-design.ch\\\/\",\"logo\":{\"@type\":\"ImageObject\",\"inLanguage\":\"fr-FR\",\"@id\":\"https:\\\/\\\/dd-design.ch\\\/#\\\/schema\\\/logo\\\/image\\\/\",\"url\":\"http:\\\/\\\/dd-design.ch\\\/wp-content\\\/uploads\\\/2019\\\/01\\\/logo-DD-design.png\",\"contentUrl\":\"http:\\\/\\\/dd-design.ch\\\/wp-content\\\/uploads\\\/2019\\\/01\\\/logo-DD-design.png\",\"width\":772,\"height\":624,\"caption\":\"DD-Design\"},\"image\":{\"@id\":\"https:\\\/\\\/dd-design.ch\\\/#\\\/schema\\\/logo\\\/image\\\/\"},\"sameAs\":[\"https:\\\/\\\/www.facebook.com\\\/dddesignch\",\"https:\\\/\\\/www.instagram.com\\\/dddesignch\",\"https:\\\/\\\/www.linkedin.com\\\/in\\\/dd-design\"]}]}<\/script>\n<!-- \/ Yoast SEO plugin. -->","yoast_head_json":{"title":"Dressing - DD-Design","robots":{"index":"index","follow":"follow","max-snippet":"max-snippet:-1","max-image-preview":"max-image-preview:large","max-video-preview":"max-video-preview:-1"},"canonical":"https:\/\/dd-design.ch\/?page_id=178","og_locale":"fr_FR","og_type":"article","og_title":"Dressing - DD-Design","og_description":"Cr\u00e9ez un dressing personnalis\u00e9 pour chaque espace Le dressing est bien plus qu\u2019un simple espace de rangement : c\u2019est un univers personnel, pens\u00e9 pour optimiser l\u2019organisation tout en refl\u00e9tant votre &hellip; Continuer la lecture de &laquo;&nbsp;Dressing&nbsp;&raquo;","og_url":"https:\/\/dd-design.ch\/?page_id=178","og_site_name":"DD-Design","article_publisher":"https:\/\/www.facebook.com\/dddesignch","article_modified_time":"2025-05-24T17:08:45+00:00","og_image":[{"url":"http:\/\/dd-design.ch\/wp-content\/uploads\/2019\/01\/dressing-portale.jpg","type":"","width":"","height":""}],"twitter_card":"summary_large_image","twitter_misc":{"Dur\u00e9e de lecture estim\u00e9e":"2 minutes"},"schema":{"@context":"https:\/\/schema.org","@graph":[{"@type":"WebPage","@id":"https:\/\/dd-design.ch\/?page_id=178","url":"https:\/\/dd-design.ch\/?page_id=178","name":"Dressing - DD-Design","isPartOf":{"@id":"https:\/\/dd-design.ch\/#website"},"primaryImageOfPage":{"@id":"https:\/\/dd-design.ch\/?page_id=178#primaryimage"},"image":{"@id":"https:\/\/dd-design.ch\/?page_id=178#primaryimage"},"thumbnailUrl":"http:\/\/dd-design.ch\/wp-content\/uploads\/2019\/01\/dressing-portale.jpg","datePublished":"2019-01-14T08:01:09+00:00","dateModified":"2025-05-24T17:08:45+00:00","breadcrumb":{"@id":"https:\/\/dd-design.ch\/?page_id=178#breadcrumb"},"inLanguage":"fr-FR","potentialAction":[{"@type":"ReadAction","target":["https:\/\/dd-design.ch\/?page_id=178"]}]},{"@type":"ImageObject","inLanguage":"fr-FR","@id":"https:\/\/dd-design.ch\/?page_id=178#primaryimage","url":"http:\/\/dd-design.ch\/wp-content\/uploads\/2019\/01\/dressing-portale.jpg","contentUrl":"http:\/\/dd-design.ch\/wp-content\/uploads\/2019\/01\/dressing-portale.jpg"},{"@type":"BreadcrumbList","@id":"https:\/\/dd-design.ch\/?page_id=178#breadcrumb","itemListElement":[{"@type":"ListItem","position":1,"name":"Accueil","item":"https:\/\/dd-design.ch\/"},{"@type":"ListItem","position":2,"name":"Dressing"}]},{"@type":"WebSite","@id":"https:\/\/dd-design.ch\/#website","url":"https:\/\/dd-design.ch\/","name":"DD-Design","description":"L&#039;excellence s&#039;installe chez vous","publisher":{"@id":"https:\/\/dd-design.ch\/#organization"},"potentialAction":[{"@type":"SearchAction","target":{"@type":"EntryPoint","urlTemplate":"https:\/\/dd-design.ch\/?s={search_term_string}"},"query-input":{"@type":"PropertyValueSpecification","valueRequired":true,"valueName":"search_term_string"}}],"inLanguage":"fr-FR"},{"@type":"Organization","@id":"https:\/\/dd-design.ch\/#organization","name":"DD-Design","url":"https:\/\/dd-design.ch\/","logo":{"@type":"ImageObject","inLanguage":"fr-FR","@id":"https:\/\/dd-design.ch\/#\/schema\/logo\/image\/","url":"http:\/\/dd-design.ch\/wp-content\/uploads\/2019\/01\/logo-DD-design.png","contentUrl":"http:\/\/dd-design.ch\/wp-content\/uploads\/2019\/01\/logo-DD-design.png","width":772,"height":624,"caption":"DD-Design"},"image":{"@id":"https:\/\/dd-design.ch\/#\/schema\/logo\/image\/"},"sameAs":["https:\/\/www.facebook.com\/dddesignch","https:\/\/www.instagram.com\/dddesignch","https:\/\/www.linkedin.com\/in\/dd-design"]}]}},"featured_image_src":null,"featured_image_src_square":null,"jetpack_sharing_enabled":true,"ticketed":false,"_links":{"self":[{"href":"https:\/\/dd-design.ch\/index.php?rest_route=\/wp\/v2\/pages\/178","targetHints":{"allow":["GET"]}}],"collection":[{"href":"https:\/\/dd-design.ch\/index.php?rest_route=\/wp\/v2\/pages"}],"about":[{"href":"https:\/\/dd-design.ch\/index.php?rest_route=\/wp\/v2\/types\/page"}],"author":[{"embeddable":true,"href":"https:\/\/dd-design.ch\/index.php?rest_route=\/wp\/v2\/users\/1"}],"replies":[{"embeddable":true,"href":"https:\/\/dd-design.ch\/index.php?rest_route=%2Fwp%2Fv2%2Fcomments&post=178"}],"version-history":[{"count":6,"href":"https:\/\/dd-design.ch\/index.php?rest_route=\/wp\/v2\/pages\/178\/revisions"}],"predecessor-version":[{"id":2043,"href":"https:\/\/dd-design.ch\/index.php?rest_route=\/wp\/v2\/pages\/178\/revisions\/2043"}],"wp:attachment":[{"href":"https:\/\/dd-design.ch\/index.php?rest_route=%2Fwp%2Fv2%2Fmedia&parent=178"}],"curies":[{"name":"wp","href":"https:\/\/api.w.org\/{rel}","templated":true}]}}