{"id":1679,"date":"2023-02-13T19:10:23","date_gmt":"2023-02-13T18:10:23","guid":{"rendered":"https:\/\/dd-design.ch\/?page_id=1679"},"modified":"2023-02-13T19:10:25","modified_gmt":"2023-02-13T18:10:25","slug":"kintai","status":"publish","type":"page","link":"https:\/\/dd-design.ch\/?page_id=1679","title":{"rendered":"KINTAI"},"content":{"rendered":"\n<p>Les volumes a\u00e9riens et les formes sculpturales jouent ensemble pour dessiner les lignes accueillantes du syst\u00e8me de canap\u00e9s KINTAI. Les si\u00e8ges et les dossiers se fondent dans des formes entrelac\u00e9es nouvelles et inattendues. Des courbes g\u00e9n\u00e9reuses vivent en symbiose avec les g\u00e9om\u00e9tries architecturales, d\u00e9finissant un style contemporain et innovant.<\/p>\n\n\n\n<figure class=\"wp-block-gallery has-nested-images columns-default is-cropped wp-block-gallery-1 is-layout-flex wp-block-gallery-is-layout-flex\">\n<figure class=\"wp-block-image size-large\"><img decoding=\"async\" width=\"980\" height=\"548\" data-attachment-id=\"1689\" data-permalink=\"https:\/\/dd-design.ch\/?attachment_id=1689\" data-orig-file=\"https:\/\/dd-design.ch\/wp-content\/uploads\/2023\/02\/Kintai_dd-design_suisse.jpg\" data-orig-size=\"980,548\" data-comments-opened=\"1\" data-image-meta=\"{&quot;aperture&quot;:&quot;0&quot;,&quot;credit&quot;:&quot;&quot;,&quot;camera&quot;:&quot;&quot;,&quot;caption&quot;:&quot;&quot;,&quot;created_timestamp&quot;:&quot;0&quot;,&quot;copyright&quot;:&quot;&quot;,&quot;focal_length&quot;:&quot;0&quot;,&quot;iso&quot;:&quot;0&quot;,&quot;shutter_speed&quot;:&quot;0&quot;,&quot;title&quot;:&quot;&quot;,&quot;orientation&quot;:&quot;0&quot;}\" data-image-title=\"Kintai_dd-design_suisse\" data-image-description=\"\" data-image-caption=\"\" data-large-file=\"https:\/\/dd-design.ch\/wp-content\/uploads\/2023\/02\/Kintai_dd-design_suisse.jpg\" data-id=\"1689\" src=\"https:\/\/dd-design.ch\/wp-content\/uploads\/2023\/02\/Kintai_dd-design_suisse.jpg\" alt=\"\" class=\"wp-image-1689\" srcset=\"https:\/\/dd-design.ch\/wp-content\/uploads\/2023\/02\/Kintai_dd-design_suisse.jpg 980w, https:\/\/dd-design.ch\/wp-content\/uploads\/2023\/02\/Kintai_dd-design_suisse-300x168.jpg 300w, https:\/\/dd-design.ch\/wp-content\/uploads\/2023\/02\/Kintai_dd-design_suisse-768x429.jpg 768w\" sizes=\"(max-width: 767px) 89vw, (max-width: 1000px) 54vw, (max-width: 1071px) 543px, 580px\" \/><\/figure>\n\n\n\n<figure class=\"wp-block-image size-large\"><img decoding=\"async\" width=\"607\" height=\"800\" data-attachment-id=\"1686\" data-permalink=\"https:\/\/dd-design.ch\/?attachment_id=1686\" data-orig-file=\"https:\/\/dd-design.ch\/wp-content\/uploads\/2023\/02\/Kintai3_dd-design_suisse.jpg\" data-orig-size=\"607,800\" data-comments-opened=\"1\" data-image-meta=\"{&quot;aperture&quot;:&quot;0&quot;,&quot;credit&quot;:&quot;&quot;,&quot;camera&quot;:&quot;&quot;,&quot;caption&quot;:&quot;&quot;,&quot;created_timestamp&quot;:&quot;0&quot;,&quot;copyright&quot;:&quot;&quot;,&quot;focal_length&quot;:&quot;0&quot;,&quot;iso&quot;:&quot;0&quot;,&quot;shutter_speed&quot;:&quot;0&quot;,&quot;title&quot;:&quot;&quot;,&quot;orientation&quot;:&quot;0&quot;}\" data-image-title=\"Kintai3_dd-design_suisse\" data-image-description=\"\" data-image-caption=\"\" data-large-file=\"https:\/\/dd-design.ch\/wp-content\/uploads\/2023\/02\/Kintai3_dd-design_suisse.jpg\" data-id=\"1686\" src=\"https:\/\/dd-design.ch\/wp-content\/uploads\/2023\/02\/Kintai3_dd-design_suisse.jpg\" alt=\"\" class=\"wp-image-1686\" srcset=\"https:\/\/dd-design.ch\/wp-content\/uploads\/2023\/02\/Kintai3_dd-design_suisse.jpg 607w, https:\/\/dd-design.ch\/wp-content\/uploads\/2023\/02\/Kintai3_dd-design_suisse-228x300.jpg 228w\" sizes=\"(max-width: 607px) 100vw, 607px\" \/><\/figure>\n\n\n\n<figure class=\"wp-block-image size-large\"><img decoding=\"async\" width=\"980\" height=\"653\" data-attachment-id=\"1688\" data-permalink=\"https:\/\/dd-design.ch\/?attachment_id=1688\" data-orig-file=\"https:\/\/dd-design.ch\/wp-content\/uploads\/2023\/02\/Kintai4_dd-design_suisse.jpg\" data-orig-size=\"980,653\" data-comments-opened=\"1\" data-image-meta=\"{&quot;aperture&quot;:&quot;0&quot;,&quot;credit&quot;:&quot;&quot;,&quot;camera&quot;:&quot;&quot;,&quot;caption&quot;:&quot;&quot;,&quot;created_timestamp&quot;:&quot;0&quot;,&quot;copyright&quot;:&quot;&quot;,&quot;focal_length&quot;:&quot;0&quot;,&quot;iso&quot;:&quot;0&quot;,&quot;shutter_speed&quot;:&quot;0&quot;,&quot;title&quot;:&quot;&quot;,&quot;orientation&quot;:&quot;0&quot;}\" data-image-title=\"Kintai4_dd-design_suisse\" data-image-description=\"\" data-image-caption=\"\" data-large-file=\"https:\/\/dd-design.ch\/wp-content\/uploads\/2023\/02\/Kintai4_dd-design_suisse.jpg\" data-id=\"1688\" src=\"https:\/\/dd-design.ch\/wp-content\/uploads\/2023\/02\/Kintai4_dd-design_suisse.jpg\" alt=\"\" class=\"wp-image-1688\" srcset=\"https:\/\/dd-design.ch\/wp-content\/uploads\/2023\/02\/Kintai4_dd-design_suisse.jpg 980w, https:\/\/dd-design.ch\/wp-content\/uploads\/2023\/02\/Kintai4_dd-design_suisse-300x200.jpg 300w, https:\/\/dd-design.ch\/wp-content\/uploads\/2023\/02\/Kintai4_dd-design_suisse-768x512.jpg 768w, https:\/\/dd-design.ch\/wp-content\/uploads\/2023\/02\/Kintai4_dd-design_suisse-600x400.jpg 600w\" sizes=\"(max-width: 767px) 89vw, (max-width: 1000px) 54vw, (max-width: 1071px) 543px, 580px\" \/><\/figure>\n\n\n\n<figure class=\"wp-block-image size-large\"><img decoding=\"async\" width=\"980\" height=\"653\" data-attachment-id=\"1690\" data-permalink=\"https:\/\/dd-design.ch\/?attachment_id=1690\" data-orig-file=\"https:\/\/dd-design.ch\/wp-content\/uploads\/2023\/02\/Kintai5_dd-design_suisse.jpg\" data-orig-size=\"980,653\" data-comments-opened=\"1\" data-image-meta=\"{&quot;aperture&quot;:&quot;0&quot;,&quot;credit&quot;:&quot;&quot;,&quot;camera&quot;:&quot;&quot;,&quot;caption&quot;:&quot;&quot;,&quot;created_timestamp&quot;:&quot;0&quot;,&quot;copyright&quot;:&quot;&quot;,&quot;focal_length&quot;:&quot;0&quot;,&quot;iso&quot;:&quot;0&quot;,&quot;shutter_speed&quot;:&quot;0&quot;,&quot;title&quot;:&quot;&quot;,&quot;orientation&quot;:&quot;0&quot;}\" data-image-title=\"Kintai5_dd-design_suisse\" data-image-description=\"\" data-image-caption=\"\" data-large-file=\"https:\/\/dd-design.ch\/wp-content\/uploads\/2023\/02\/Kintai5_dd-design_suisse.jpg\" data-id=\"1690\" src=\"https:\/\/dd-design.ch\/wp-content\/uploads\/2023\/02\/Kintai5_dd-design_suisse.jpg\" alt=\"\" class=\"wp-image-1690\" srcset=\"https:\/\/dd-design.ch\/wp-content\/uploads\/2023\/02\/Kintai5_dd-design_suisse.jpg 980w, https:\/\/dd-design.ch\/wp-content\/uploads\/2023\/02\/Kintai5_dd-design_suisse-300x200.jpg 300w, https:\/\/dd-design.ch\/wp-content\/uploads\/2023\/02\/Kintai5_dd-design_suisse-768x512.jpg 768w, https:\/\/dd-design.ch\/wp-content\/uploads\/2023\/02\/Kintai5_dd-design_suisse-600x400.jpg 600w\" sizes=\"(max-width: 767px) 89vw, (max-width: 1000px) 54vw, (max-width: 1071px) 543px, 580px\" \/><\/figure>\n\n\n\n<figure class=\"wp-block-image size-large\"><img decoding=\"async\" width=\"1024\" height=\"376\" data-attachment-id=\"1687\" data-permalink=\"https:\/\/dd-design.ch\/?attachment_id=1687\" data-orig-file=\"https:\/\/dd-design.ch\/wp-content\/uploads\/2023\/02\/Kintai6_dd-design_suisse.jpg\" data-orig-size=\"1600,588\" data-comments-opened=\"1\" data-image-meta=\"{&quot;aperture&quot;:&quot;0&quot;,&quot;credit&quot;:&quot;&quot;,&quot;camera&quot;:&quot;&quot;,&quot;caption&quot;:&quot;&quot;,&quot;created_timestamp&quot;:&quot;0&quot;,&quot;copyright&quot;:&quot;&quot;,&quot;focal_length&quot;:&quot;0&quot;,&quot;iso&quot;:&quot;0&quot;,&quot;shutter_speed&quot;:&quot;0&quot;,&quot;title&quot;:&quot;&quot;,&quot;orientation&quot;:&quot;0&quot;}\" data-image-title=\"Kintai6_dd-design_suisse\" data-image-description=\"\" data-image-caption=\"\" data-large-file=\"https:\/\/dd-design.ch\/wp-content\/uploads\/2023\/02\/Kintai6_dd-design_suisse-1024x376.jpg\" data-id=\"1687\" src=\"https:\/\/dd-design.ch\/wp-content\/uploads\/2023\/02\/Kintai6_dd-design_suisse-1024x376.jpg\" alt=\"\" class=\"wp-image-1687\" srcset=\"https:\/\/dd-design.ch\/wp-content\/uploads\/2023\/02\/Kintai6_dd-design_suisse-1024x376.jpg 1024w, https:\/\/dd-design.ch\/wp-content\/uploads\/2023\/02\/Kintai6_dd-design_suisse-300x110.jpg 300w, https:\/\/dd-design.ch\/wp-content\/uploads\/2023\/02\/Kintai6_dd-design_suisse-768x282.jpg 768w, https:\/\/dd-design.ch\/wp-content\/uploads\/2023\/02\/Kintai6_dd-design_suisse-1536x564.jpg 1536w, https:\/\/dd-design.ch\/wp-content\/uploads\/2023\/02\/Kintai6_dd-design_suisse.jpg 1600w\" sizes=\"(max-width: 767px) 89vw, (max-width: 1000px) 54vw, (max-width: 1071px) 543px, 580px\" \/><\/figure>\n<\/figure>\n","protected":false},"excerpt":{"rendered":"<p>Les volumes a\u00e9riens et les formes sculpturales jouent ensemble pour dessiner les lignes accueillantes du syst\u00e8me de canap\u00e9s KINTAI. Les si\u00e8ges et les dossiers se fondent dans des formes entrelac\u00e9es &hellip; <\/p>\n<p class=\"link-more\"><a href=\"https:\/\/dd-design.ch\/?page_id=1679\" class=\"more-link\">Continuer la lecture<span class=\"screen-reader-text\"> de &laquo;&nbsp;KINTAI&nbsp;&raquo;<\/span><\/a><\/p>\n","protected":false},"author":1,"featured_media":0,"parent":0,"menu_order":0,"comment_status":"closed","ping_status":"closed","template":"","meta":{"_monsterinsights_skip_tracking":false,"_monsterinsights_sitenote_active":false,"_monsterinsights_sitenote_note":"","_monsterinsights_sitenote_category":0,"_price":"","_stock":"","_tribe_ticket_header":"","_tribe_default_ticket_provider":"","_tribe_ticket_capacity":"0","_ticket_start_date":"","_ticket_end_date":"","_tribe_ticket_show_description":"","_tribe_ticket_show_not_going":false,"_tribe_ticket_use_global_stock":"","_tribe_ticket_global_stock_level":"","_global_stock_mode":"","_global_stock_cap":"","_tribe_rsvp_for_event":"","_tribe_ticket_going_count":"","_tribe_ticket_not_going_count":"","_tribe_tickets_list":"[]","_tribe_ticket_has_attendee_info_fields":false,"footnotes":"","_tec_slr_enabled":"","_tec_slr_layout":""},"class_list":["post-1679","page","type-page","status-publish","hentry"],"yoast_head":"<!-- This site is optimized with the Yoast SEO plugin v27.3 - https:\/\/yoast.com\/product\/yoast-seo-wordpress\/ -->\n<title>KINTAI - DD-Design<\/title>\n<meta name=\"robots\" content=\"index, follow, max-snippet:-1, max-image-preview:large, max-video-preview:-1\" \/>\n<link rel=\"canonical\" href=\"https:\/\/dd-design.ch\/?page_id=1679\" \/>\n<meta property=\"og:locale\" content=\"fr_FR\" \/>\n<meta property=\"og:type\" content=\"article\" \/>\n<meta property=\"og:title\" content=\"KINTAI - DD-Design\" \/>\n<meta property=\"og:description\" content=\"Les volumes a\u00e9riens et les formes sculpturales jouent ensemble pour dessiner les lignes accueillantes du syst\u00e8me de canap\u00e9s KINTAI. Les si\u00e8ges et les dossiers se fondent dans des formes entrelac\u00e9es &hellip; Continuer la lecture de &laquo;&nbsp;KINTAI&nbsp;&raquo;\" \/>\n<meta property=\"og:url\" content=\"https:\/\/dd-design.ch\/?page_id=1679\" \/>\n<meta property=\"og:site_name\" content=\"DD-Design\" \/>\n<meta property=\"article:publisher\" content=\"https:\/\/www.facebook.com\/dddesignch\" \/>\n<meta property=\"article:modified_time\" content=\"2023-02-13T18:10:25+00:00\" \/>\n<meta property=\"og:image\" content=\"https:\/\/dd-design.ch\/wp-content\/uploads\/2023\/02\/Kintai_dd-design_suisse.jpg\" \/>\n<meta name=\"twitter:card\" content=\"summary_large_image\" \/>\n<meta name=\"twitter:label1\" content=\"Dur\u00e9e de lecture estim\u00e9e\" \/>\n\t<meta name=\"twitter:data1\" content=\"2 minutes\" \/>\n<script type=\"application\/ld+json\" class=\"yoast-schema-graph\">{\"@context\":\"https:\\\/\\\/schema.org\",\"@graph\":[{\"@type\":\"WebPage\",\"@id\":\"https:\\\/\\\/dd-design.ch\\\/?page_id=1679\",\"url\":\"https:\\\/\\\/dd-design.ch\\\/?page_id=1679\",\"name\":\"KINTAI - DD-Design\",\"isPartOf\":{\"@id\":\"https:\\\/\\\/dd-design.ch\\\/#website\"},\"primaryImageOfPage\":{\"@id\":\"https:\\\/\\\/dd-design.ch\\\/?page_id=1679#primaryimage\"},\"image\":{\"@id\":\"https:\\\/\\\/dd-design.ch\\\/?page_id=1679#primaryimage\"},\"thumbnailUrl\":\"https:\\\/\\\/dd-design.ch\\\/wp-content\\\/uploads\\\/2023\\\/02\\\/Kintai_dd-design_suisse.jpg\",\"datePublished\":\"2023-02-13T18:10:23+00:00\",\"dateModified\":\"2023-02-13T18:10:25+00:00\",\"breadcrumb\":{\"@id\":\"https:\\\/\\\/dd-design.ch\\\/?page_id=1679#breadcrumb\"},\"inLanguage\":\"fr-FR\",\"potentialAction\":[{\"@type\":\"ReadAction\",\"target\":[\"https:\\\/\\\/dd-design.ch\\\/?page_id=1679\"]}]},{\"@type\":\"ImageObject\",\"inLanguage\":\"fr-FR\",\"@id\":\"https:\\\/\\\/dd-design.ch\\\/?page_id=1679#primaryimage\",\"url\":\"https:\\\/\\\/dd-design.ch\\\/wp-content\\\/uploads\\\/2023\\\/02\\\/Kintai_dd-design_suisse.jpg\",\"contentUrl\":\"https:\\\/\\\/dd-design.ch\\\/wp-content\\\/uploads\\\/2023\\\/02\\\/Kintai_dd-design_suisse.jpg\",\"width\":980,\"height\":548},{\"@type\":\"BreadcrumbList\",\"@id\":\"https:\\\/\\\/dd-design.ch\\\/?page_id=1679#breadcrumb\",\"itemListElement\":[{\"@type\":\"ListItem\",\"position\":1,\"name\":\"Accueil\",\"item\":\"https:\\\/\\\/dd-design.ch\\\/\"},{\"@type\":\"ListItem\",\"position\":2,\"name\":\"KINTAI\"}]},{\"@type\":\"WebSite\",\"@id\":\"https:\\\/\\\/dd-design.ch\\\/#website\",\"url\":\"https:\\\/\\\/dd-design.ch\\\/\",\"name\":\"DD-Design\",\"description\":\"L&#039;excellence s&#039;installe chez vous\",\"publisher\":{\"@id\":\"https:\\\/\\\/dd-design.ch\\\/#organization\"},\"potentialAction\":[{\"@type\":\"SearchAction\",\"target\":{\"@type\":\"EntryPoint\",\"urlTemplate\":\"https:\\\/\\\/dd-design.ch\\\/?s={search_term_string}\"},\"query-input\":{\"@type\":\"PropertyValueSpecification\",\"valueRequired\":true,\"valueName\":\"search_term_string\"}}],\"inLanguage\":\"fr-FR\"},{\"@type\":\"Organization\",\"@id\":\"https:\\\/\\\/dd-design.ch\\\/#organization\",\"name\":\"DD-Design\",\"url\":\"https:\\\/\\\/dd-design.ch\\\/\",\"logo\":{\"@type\":\"ImageObject\",\"inLanguage\":\"fr-FR\",\"@id\":\"https:\\\/\\\/dd-design.ch\\\/#\\\/schema\\\/logo\\\/image\\\/\",\"url\":\"http:\\\/\\\/dd-design.ch\\\/wp-content\\\/uploads\\\/2019\\\/01\\\/logo-DD-design.png\",\"contentUrl\":\"http:\\\/\\\/dd-design.ch\\\/wp-content\\\/uploads\\\/2019\\\/01\\\/logo-DD-design.png\",\"width\":772,\"height\":624,\"caption\":\"DD-Design\"},\"image\":{\"@id\":\"https:\\\/\\\/dd-design.ch\\\/#\\\/schema\\\/logo\\\/image\\\/\"},\"sameAs\":[\"https:\\\/\\\/www.facebook.com\\\/dddesignch\",\"https:\\\/\\\/www.instagram.com\\\/dddesignch\",\"https:\\\/\\\/www.linkedin.com\\\/in\\\/dd-design\"]}]}<\/script>\n<!-- \/ Yoast SEO plugin. -->","yoast_head_json":{"title":"KINTAI - DD-Design","robots":{"index":"index","follow":"follow","max-snippet":"max-snippet:-1","max-image-preview":"max-image-preview:large","max-video-preview":"max-video-preview:-1"},"canonical":"https:\/\/dd-design.ch\/?page_id=1679","og_locale":"fr_FR","og_type":"article","og_title":"KINTAI - DD-Design","og_description":"Les volumes a\u00e9riens et les formes sculpturales jouent ensemble pour dessiner les lignes accueillantes du syst\u00e8me de canap\u00e9s KINTAI. Les si\u00e8ges et les dossiers se fondent dans des formes entrelac\u00e9es &hellip; Continuer la lecture de &laquo;&nbsp;KINTAI&nbsp;&raquo;","og_url":"https:\/\/dd-design.ch\/?page_id=1679","og_site_name":"DD-Design","article_publisher":"https:\/\/www.facebook.com\/dddesignch","article_modified_time":"2023-02-13T18:10:25+00:00","og_image":[{"url":"https:\/\/dd-design.ch\/wp-content\/uploads\/2023\/02\/Kintai_dd-design_suisse.jpg","type":"","width":"","height":""}],"twitter_card":"summary_large_image","twitter_misc":{"Dur\u00e9e de lecture estim\u00e9e":"2 minutes"},"schema":{"@context":"https:\/\/schema.org","@graph":[{"@type":"WebPage","@id":"https:\/\/dd-design.ch\/?page_id=1679","url":"https:\/\/dd-design.ch\/?page_id=1679","name":"KINTAI - DD-Design","isPartOf":{"@id":"https:\/\/dd-design.ch\/#website"},"primaryImageOfPage":{"@id":"https:\/\/dd-design.ch\/?page_id=1679#primaryimage"},"image":{"@id":"https:\/\/dd-design.ch\/?page_id=1679#primaryimage"},"thumbnailUrl":"https:\/\/dd-design.ch\/wp-content\/uploads\/2023\/02\/Kintai_dd-design_suisse.jpg","datePublished":"2023-02-13T18:10:23+00:00","dateModified":"2023-02-13T18:10:25+00:00","breadcrumb":{"@id":"https:\/\/dd-design.ch\/?page_id=1679#breadcrumb"},"inLanguage":"fr-FR","potentialAction":[{"@type":"ReadAction","target":["https:\/\/dd-design.ch\/?page_id=1679"]}]},{"@type":"ImageObject","inLanguage":"fr-FR","@id":"https:\/\/dd-design.ch\/?page_id=1679#primaryimage","url":"https:\/\/dd-design.ch\/wp-content\/uploads\/2023\/02\/Kintai_dd-design_suisse.jpg","contentUrl":"https:\/\/dd-design.ch\/wp-content\/uploads\/2023\/02\/Kintai_dd-design_suisse.jpg","width":980,"height":548},{"@type":"BreadcrumbList","@id":"https:\/\/dd-design.ch\/?page_id=1679#breadcrumb","itemListElement":[{"@type":"ListItem","position":1,"name":"Accueil","item":"https:\/\/dd-design.ch\/"},{"@type":"ListItem","position":2,"name":"KINTAI"}]},{"@type":"WebSite","@id":"https:\/\/dd-design.ch\/#website","url":"https:\/\/dd-design.ch\/","name":"DD-Design","description":"L&#039;excellence s&#039;installe chez vous","publisher":{"@id":"https:\/\/dd-design.ch\/#organization"},"potentialAction":[{"@type":"SearchAction","target":{"@type":"EntryPoint","urlTemplate":"https:\/\/dd-design.ch\/?s={search_term_string}"},"query-input":{"@type":"PropertyValueSpecification","valueRequired":true,"valueName":"search_term_string"}}],"inLanguage":"fr-FR"},{"@type":"Organization","@id":"https:\/\/dd-design.ch\/#organization","name":"DD-Design","url":"https:\/\/dd-design.ch\/","logo":{"@type":"ImageObject","inLanguage":"fr-FR","@id":"https:\/\/dd-design.ch\/#\/schema\/logo\/image\/","url":"http:\/\/dd-design.ch\/wp-content\/uploads\/2019\/01\/logo-DD-design.png","contentUrl":"http:\/\/dd-design.ch\/wp-content\/uploads\/2019\/01\/logo-DD-design.png","width":772,"height":624,"caption":"DD-Design"},"image":{"@id":"https:\/\/dd-design.ch\/#\/schema\/logo\/image\/"},"sameAs":["https:\/\/www.facebook.com\/dddesignch","https:\/\/www.instagram.com\/dddesignch","https:\/\/www.linkedin.com\/in\/dd-design"]}]}},"featured_image_src":null,"featured_image_src_square":null,"jetpack_sharing_enabled":true,"ticketed":false,"_links":{"self":[{"href":"https:\/\/dd-design.ch\/index.php?rest_route=\/wp\/v2\/pages\/1679","targetHints":{"allow":["GET"]}}],"collection":[{"href":"https:\/\/dd-design.ch\/index.php?rest_route=\/wp\/v2\/pages"}],"about":[{"href":"https:\/\/dd-design.ch\/index.php?rest_route=\/wp\/v2\/types\/page"}],"author":[{"embeddable":true,"href":"https:\/\/dd-design.ch\/index.php?rest_route=\/wp\/v2\/users\/1"}],"replies":[{"embeddable":true,"href":"https:\/\/dd-design.ch\/index.php?rest_route=%2Fwp%2Fv2%2Fcomments&post=1679"}],"version-history":[{"count":2,"href":"https:\/\/dd-design.ch\/index.php?rest_route=\/wp\/v2\/pages\/1679\/revisions"}],"predecessor-version":[{"id":1691,"href":"https:\/\/dd-design.ch\/index.php?rest_route=\/wp\/v2\/pages\/1679\/revisions\/1691"}],"wp:attachment":[{"href":"https:\/\/dd-design.ch\/index.php?rest_route=%2Fwp%2Fv2%2Fmedia&parent=1679"}],"curies":[{"name":"wp","href":"https:\/\/api.w.org\/{rel}","templated":true}]}}