{"id":1302,"date":"2020-04-06T21:02:34","date_gmt":"2020-04-06T19:02:34","guid":{"rendered":"http:\/\/dd-design.ch\/?page_id=1302"},"modified":"2025-05-24T16:03:35","modified_gmt":"2025-05-24T14:03:35","slug":"blum","status":"publish","type":"page","link":"https:\/\/dd-design.ch\/?page_id=1302","title":{"rendered":"BLUM"},"content":{"rendered":"\n<p><strong>BLUM : l\u00e9g\u00e8ret\u00e9, \u00e9l\u00e9gance et confort absolu.<\/strong><br>Ce canap\u00e9 aux <strong>lignes raffin\u00e9es<\/strong> \u00e9pouse le corps avec douceur gr\u00e2ce \u00e0 un savant m\u00e9lange de <strong>mat\u00e9riaux traditionnels et innovants<\/strong>.<br>Son assise g\u00e9n\u00e9reuse, ses rembourrages diff\u00e9renci\u00e9s et ses dossiers ergonomiques offrent un <strong>soutien sur mesure<\/strong>, pour un bien-\u00eatre imm\u00e9diat.<\/p>\n\n\n\n<figure class=\"wp-block-gallery has-nested-images columns-default is-cropped wp-block-gallery-1 is-layout-flex wp-block-gallery-is-layout-flex\">\n<figure class=\"wp-block-image size-large\"><img decoding=\"async\" width=\"980\" height=\"660\" data-attachment-id=\"1303\" data-permalink=\"https:\/\/dd-design.ch\/?attachment_id=1303\" data-orig-file=\"https:\/\/dd-design.ch\/wp-content\/uploads\/2020\/04\/blum-2-dd-design.jpg\" data-orig-size=\"980,660\" data-comments-opened=\"1\" data-image-meta=\"{&quot;aperture&quot;:&quot;0&quot;,&quot;credit&quot;:&quot;&quot;,&quot;camera&quot;:&quot;&quot;,&quot;caption&quot;:&quot;&quot;,&quot;created_timestamp&quot;:&quot;0&quot;,&quot;copyright&quot;:&quot;&quot;,&quot;focal_length&quot;:&quot;0&quot;,&quot;iso&quot;:&quot;0&quot;,&quot;shutter_speed&quot;:&quot;0&quot;,&quot;title&quot;:&quot;&quot;,&quot;orientation&quot;:&quot;0&quot;}\" data-image-title=\"blum-2-dd-design\" data-image-description=\"\" data-image-caption=\"\" data-large-file=\"https:\/\/dd-design.ch\/wp-content\/uploads\/2020\/04\/blum-2-dd-design.jpg\" data-id=\"1303\" src=\"https:\/\/dd-design.ch\/wp-content\/uploads\/2020\/04\/blum-2-dd-design.jpg\" alt=\"\" class=\"wp-image-1303\" srcset=\"https:\/\/dd-design.ch\/wp-content\/uploads\/2020\/04\/blum-2-dd-design.jpg 980w, https:\/\/dd-design.ch\/wp-content\/uploads\/2020\/04\/blum-2-dd-design-300x202.jpg 300w, https:\/\/dd-design.ch\/wp-content\/uploads\/2020\/04\/blum-2-dd-design-768x517.jpg 768w\" sizes=\"(max-width: 767px) 89vw, (max-width: 1000px) 54vw, (max-width: 1071px) 543px, 580px\" \/><\/figure>\n\n\n\n<figure class=\"wp-block-image size-large\"><img decoding=\"async\" width=\"533\" height=\"800\" data-attachment-id=\"1304\" data-permalink=\"https:\/\/dd-design.ch\/?attachment_id=1304\" data-orig-file=\"https:\/\/dd-design.ch\/wp-content\/uploads\/2020\/04\/blum-3-dd-design.jpg\" data-orig-size=\"533,800\" data-comments-opened=\"1\" data-image-meta=\"{&quot;aperture&quot;:&quot;0&quot;,&quot;credit&quot;:&quot;&quot;,&quot;camera&quot;:&quot;&quot;,&quot;caption&quot;:&quot;&quot;,&quot;created_timestamp&quot;:&quot;0&quot;,&quot;copyright&quot;:&quot;&quot;,&quot;focal_length&quot;:&quot;0&quot;,&quot;iso&quot;:&quot;0&quot;,&quot;shutter_speed&quot;:&quot;0&quot;,&quot;title&quot;:&quot;&quot;,&quot;orientation&quot;:&quot;0&quot;}\" data-image-title=\"blum-3-dd-design\" data-image-description=\"\" data-image-caption=\"\" data-large-file=\"https:\/\/dd-design.ch\/wp-content\/uploads\/2020\/04\/blum-3-dd-design.jpg\" data-id=\"1304\" src=\"https:\/\/dd-design.ch\/wp-content\/uploads\/2020\/04\/blum-3-dd-design.jpg\" alt=\"\" class=\"wp-image-1304\" srcset=\"https:\/\/dd-design.ch\/wp-content\/uploads\/2020\/04\/blum-3-dd-design.jpg 533w, https:\/\/dd-design.ch\/wp-content\/uploads\/2020\/04\/blum-3-dd-design-200x300.jpg 200w\" sizes=\"(max-width: 533px) 100vw, 533px\" \/><\/figure>\n\n\n\n<figure class=\"wp-block-image size-large\"><img decoding=\"async\" width=\"980\" height=\"660\" data-attachment-id=\"1305\" data-permalink=\"https:\/\/dd-design.ch\/?attachment_id=1305\" data-orig-file=\"https:\/\/dd-design.ch\/wp-content\/uploads\/2020\/04\/blum-4-dd-design.jpg\" data-orig-size=\"980,660\" data-comments-opened=\"1\" data-image-meta=\"{&quot;aperture&quot;:&quot;0&quot;,&quot;credit&quot;:&quot;&quot;,&quot;camera&quot;:&quot;&quot;,&quot;caption&quot;:&quot;&quot;,&quot;created_timestamp&quot;:&quot;0&quot;,&quot;copyright&quot;:&quot;&quot;,&quot;focal_length&quot;:&quot;0&quot;,&quot;iso&quot;:&quot;0&quot;,&quot;shutter_speed&quot;:&quot;0&quot;,&quot;title&quot;:&quot;&quot;,&quot;orientation&quot;:&quot;0&quot;}\" data-image-title=\"blum-4-dd-design\" data-image-description=\"\" data-image-caption=\"\" data-large-file=\"https:\/\/dd-design.ch\/wp-content\/uploads\/2020\/04\/blum-4-dd-design.jpg\" data-id=\"1305\" src=\"https:\/\/dd-design.ch\/wp-content\/uploads\/2020\/04\/blum-4-dd-design.jpg\" alt=\"\" class=\"wp-image-1305\" srcset=\"https:\/\/dd-design.ch\/wp-content\/uploads\/2020\/04\/blum-4-dd-design.jpg 980w, https:\/\/dd-design.ch\/wp-content\/uploads\/2020\/04\/blum-4-dd-design-300x202.jpg 300w, https:\/\/dd-design.ch\/wp-content\/uploads\/2020\/04\/blum-4-dd-design-768x517.jpg 768w\" sizes=\"(max-width: 767px) 89vw, (max-width: 1000px) 54vw, (max-width: 1071px) 543px, 580px\" \/><\/figure>\n\n\n\n<figure class=\"wp-block-image size-large\"><img decoding=\"async\" width=\"533\" height=\"800\" data-attachment-id=\"1306\" data-permalink=\"https:\/\/dd-design.ch\/?attachment_id=1306\" data-orig-file=\"https:\/\/dd-design.ch\/wp-content\/uploads\/2020\/04\/blum-5-dd-design.jpg\" data-orig-size=\"533,800\" data-comments-opened=\"1\" data-image-meta=\"{&quot;aperture&quot;:&quot;0&quot;,&quot;credit&quot;:&quot;&quot;,&quot;camera&quot;:&quot;&quot;,&quot;caption&quot;:&quot;&quot;,&quot;created_timestamp&quot;:&quot;0&quot;,&quot;copyright&quot;:&quot;&quot;,&quot;focal_length&quot;:&quot;0&quot;,&quot;iso&quot;:&quot;0&quot;,&quot;shutter_speed&quot;:&quot;0&quot;,&quot;title&quot;:&quot;&quot;,&quot;orientation&quot;:&quot;0&quot;}\" data-image-title=\"blum-5-dd-design\" data-image-description=\"\" data-image-caption=\"\" data-large-file=\"https:\/\/dd-design.ch\/wp-content\/uploads\/2020\/04\/blum-5-dd-design.jpg\" data-id=\"1306\" src=\"https:\/\/dd-design.ch\/wp-content\/uploads\/2020\/04\/blum-5-dd-design.jpg\" alt=\"\" class=\"wp-image-1306\" srcset=\"https:\/\/dd-design.ch\/wp-content\/uploads\/2020\/04\/blum-5-dd-design.jpg 533w, https:\/\/dd-design.ch\/wp-content\/uploads\/2020\/04\/blum-5-dd-design-200x300.jpg 200w\" sizes=\"(max-width: 533px) 100vw, 533px\" \/><\/figure>\n\n\n\n<figure class=\"wp-block-image size-large\"><img decoding=\"async\" width=\"980\" height=\"660\" data-attachment-id=\"1307\" data-permalink=\"https:\/\/dd-design.ch\/?attachment_id=1307\" data-orig-file=\"https:\/\/dd-design.ch\/wp-content\/uploads\/2020\/04\/blum-6-dd-design.jpg\" data-orig-size=\"980,660\" data-comments-opened=\"1\" data-image-meta=\"{&quot;aperture&quot;:&quot;0&quot;,&quot;credit&quot;:&quot;&quot;,&quot;camera&quot;:&quot;&quot;,&quot;caption&quot;:&quot;&quot;,&quot;created_timestamp&quot;:&quot;0&quot;,&quot;copyright&quot;:&quot;&quot;,&quot;focal_length&quot;:&quot;0&quot;,&quot;iso&quot;:&quot;0&quot;,&quot;shutter_speed&quot;:&quot;0&quot;,&quot;title&quot;:&quot;&quot;,&quot;orientation&quot;:&quot;0&quot;}\" data-image-title=\"blum-6-dd-design\" data-image-description=\"\" data-image-caption=\"\" data-large-file=\"https:\/\/dd-design.ch\/wp-content\/uploads\/2020\/04\/blum-6-dd-design.jpg\" data-id=\"1307\" src=\"https:\/\/dd-design.ch\/wp-content\/uploads\/2020\/04\/blum-6-dd-design.jpg\" alt=\"\" class=\"wp-image-1307\" srcset=\"https:\/\/dd-design.ch\/wp-content\/uploads\/2020\/04\/blum-6-dd-design.jpg 980w, https:\/\/dd-design.ch\/wp-content\/uploads\/2020\/04\/blum-6-dd-design-300x202.jpg 300w, https:\/\/dd-design.ch\/wp-content\/uploads\/2020\/04\/blum-6-dd-design-768x517.jpg 768w\" sizes=\"(max-width: 767px) 89vw, (max-width: 1000px) 54vw, (max-width: 1071px) 543px, 580px\" \/><\/figure>\n\n\n\n<figure class=\"wp-block-image size-large\"><img decoding=\"async\" width=\"980\" height=\"360\" data-attachment-id=\"1308\" data-permalink=\"https:\/\/dd-design.ch\/?attachment_id=1308\" data-orig-file=\"https:\/\/dd-design.ch\/wp-content\/uploads\/2020\/04\/blum-dd-design.jpg\" data-orig-size=\"980,360\" data-comments-opened=\"1\" data-image-meta=\"{&quot;aperture&quot;:&quot;0&quot;,&quot;credit&quot;:&quot;&quot;,&quot;camera&quot;:&quot;&quot;,&quot;caption&quot;:&quot;&quot;,&quot;created_timestamp&quot;:&quot;0&quot;,&quot;copyright&quot;:&quot;&quot;,&quot;focal_length&quot;:&quot;0&quot;,&quot;iso&quot;:&quot;0&quot;,&quot;shutter_speed&quot;:&quot;0&quot;,&quot;title&quot;:&quot;&quot;,&quot;orientation&quot;:&quot;0&quot;}\" data-image-title=\"blum-dd-design\" data-image-description=\"\" data-image-caption=\"\" data-large-file=\"https:\/\/dd-design.ch\/wp-content\/uploads\/2020\/04\/blum-dd-design.jpg\" data-id=\"1308\" src=\"https:\/\/dd-design.ch\/wp-content\/uploads\/2020\/04\/blum-dd-design.jpg\" alt=\"\" class=\"wp-image-1308\" srcset=\"https:\/\/dd-design.ch\/wp-content\/uploads\/2020\/04\/blum-dd-design.jpg 980w, https:\/\/dd-design.ch\/wp-content\/uploads\/2020\/04\/blum-dd-design-300x110.jpg 300w, https:\/\/dd-design.ch\/wp-content\/uploads\/2020\/04\/blum-dd-design-768x282.jpg 768w\" sizes=\"(max-width: 767px) 89vw, (max-width: 1000px) 54vw, (max-width: 1071px) 543px, 580px\" \/><\/figure>\n\n\n\n<figure class=\"wp-block-image size-large\"><img decoding=\"async\" width=\"1024\" height=\"377\" data-attachment-id=\"1309\" data-permalink=\"https:\/\/dd-design.ch\/?attachment_id=1309\" data-orig-file=\"https:\/\/dd-design.ch\/wp-content\/uploads\/2020\/04\/blum-dd-design-1.jpg\" data-orig-size=\"1599,588\" data-comments-opened=\"1\" data-image-meta=\"{&quot;aperture&quot;:&quot;0&quot;,&quot;credit&quot;:&quot;&quot;,&quot;camera&quot;:&quot;&quot;,&quot;caption&quot;:&quot;&quot;,&quot;created_timestamp&quot;:&quot;0&quot;,&quot;copyright&quot;:&quot;&quot;,&quot;focal_length&quot;:&quot;0&quot;,&quot;iso&quot;:&quot;0&quot;,&quot;shutter_speed&quot;:&quot;0&quot;,&quot;title&quot;:&quot;&quot;,&quot;orientation&quot;:&quot;0&quot;}\" data-image-title=\"blum-dd-design-1\" data-image-description=\"\" data-image-caption=\"\" data-large-file=\"https:\/\/dd-design.ch\/wp-content\/uploads\/2020\/04\/blum-dd-design-1-1024x377.jpg\" data-id=\"1309\" src=\"https:\/\/dd-design.ch\/wp-content\/uploads\/2020\/04\/blum-dd-design-1-1024x377.jpg\" alt=\"\" class=\"wp-image-1309\" srcset=\"https:\/\/dd-design.ch\/wp-content\/uploads\/2020\/04\/blum-dd-design-1-1024x377.jpg 1024w, https:\/\/dd-design.ch\/wp-content\/uploads\/2020\/04\/blum-dd-design-1-300x110.jpg 300w, https:\/\/dd-design.ch\/wp-content\/uploads\/2020\/04\/blum-dd-design-1-768x282.jpg 768w, https:\/\/dd-design.ch\/wp-content\/uploads\/2020\/04\/blum-dd-design-1-1536x565.jpg 1536w, https:\/\/dd-design.ch\/wp-content\/uploads\/2020\/04\/blum-dd-design-1.jpg 1599w\" sizes=\"(max-width: 767px) 89vw, (max-width: 1000px) 54vw, (max-width: 1071px) 543px, 580px\" \/><\/figure>\n<\/figure>\n","protected":false},"excerpt":{"rendered":"<p>BLUM : l\u00e9g\u00e8ret\u00e9, \u00e9l\u00e9gance et confort absolu.Ce canap\u00e9 aux lignes raffin\u00e9es \u00e9pouse le corps avec douceur gr\u00e2ce \u00e0 un savant m\u00e9lange de mat\u00e9riaux traditionnels et innovants.Son assise g\u00e9n\u00e9reuse, ses rembourrages &hellip; <\/p>\n<p class=\"link-more\"><a href=\"https:\/\/dd-design.ch\/?page_id=1302\" class=\"more-link\">Continuer la lecture<span class=\"screen-reader-text\"> de &laquo;&nbsp;BLUM&nbsp;&raquo;<\/span><\/a><\/p>\n","protected":false},"author":1,"featured_media":0,"parent":58,"menu_order":12,"comment_status":"closed","ping_status":"closed","template":"","meta":{"_monsterinsights_skip_tracking":false,"_monsterinsights_sitenote_active":false,"_monsterinsights_sitenote_note":"","_monsterinsights_sitenote_category":0,"_price":"","_stock":"","_tribe_ticket_header":"","_tribe_default_ticket_provider":"","_tribe_ticket_capacity":"0","_ticket_start_date":"","_ticket_end_date":"","_tribe_ticket_show_description":"","_tribe_ticket_show_not_going":false,"_tribe_ticket_use_global_stock":"","_tribe_ticket_global_stock_level":"","_global_stock_mode":"","_global_stock_cap":"","_tribe_rsvp_for_event":"","_tribe_ticket_going_count":"","_tribe_ticket_not_going_count":"","_tribe_tickets_list":"[]","_tribe_ticket_has_attendee_info_fields":false,"footnotes":"","_tec_slr_enabled":"","_tec_slr_layout":""},"class_list":["post-1302","page","type-page","status-publish","hentry"],"yoast_head":"<!-- This site is optimized with the Yoast SEO plugin v27.3 - https:\/\/yoast.com\/product\/yoast-seo-wordpress\/ -->\n<title>BLUM - DD-Design<\/title>\n<meta name=\"robots\" content=\"index, follow, max-snippet:-1, max-image-preview:large, max-video-preview:-1\" \/>\n<link rel=\"canonical\" href=\"https:\/\/dd-design.ch\/?page_id=1302\" \/>\n<meta property=\"og:locale\" content=\"fr_FR\" \/>\n<meta property=\"og:type\" content=\"article\" \/>\n<meta property=\"og:title\" content=\"BLUM - DD-Design\" \/>\n<meta property=\"og:description\" content=\"BLUM : l\u00e9g\u00e8ret\u00e9, \u00e9l\u00e9gance et confort absolu.Ce canap\u00e9 aux lignes raffin\u00e9es \u00e9pouse le corps avec douceur gr\u00e2ce \u00e0 un savant m\u00e9lange de mat\u00e9riaux traditionnels et innovants.Son assise g\u00e9n\u00e9reuse, ses rembourrages &hellip; Continuer la lecture de &laquo;&nbsp;BLUM&nbsp;&raquo;\" \/>\n<meta property=\"og:url\" content=\"https:\/\/dd-design.ch\/?page_id=1302\" \/>\n<meta property=\"og:site_name\" content=\"DD-Design\" \/>\n<meta property=\"article:publisher\" content=\"https:\/\/www.facebook.com\/dddesignch\" \/>\n<meta property=\"article:modified_time\" content=\"2025-05-24T14:03:35+00:00\" \/>\n<meta property=\"og:image\" content=\"https:\/\/dd-design.ch\/wp-content\/uploads\/2020\/04\/blum-2-dd-design.jpg\" \/>\n\t<meta property=\"og:image:width\" content=\"980\" \/>\n\t<meta property=\"og:image:height\" content=\"660\" \/>\n\t<meta property=\"og:image:type\" content=\"image\/jpeg\" \/>\n<meta name=\"twitter:card\" content=\"summary_large_image\" \/>\n<meta name=\"twitter:label1\" content=\"Dur\u00e9e de lecture estim\u00e9e\" \/>\n\t<meta name=\"twitter:data1\" content=\"2 minutes\" \/>\n<script type=\"application\/ld+json\" class=\"yoast-schema-graph\">{\"@context\":\"https:\\\/\\\/schema.org\",\"@graph\":[{\"@type\":\"WebPage\",\"@id\":\"https:\\\/\\\/dd-design.ch\\\/?page_id=1302\",\"url\":\"https:\\\/\\\/dd-design.ch\\\/?page_id=1302\",\"name\":\"BLUM - DD-Design\",\"isPartOf\":{\"@id\":\"https:\\\/\\\/dd-design.ch\\\/#website\"},\"primaryImageOfPage\":{\"@id\":\"https:\\\/\\\/dd-design.ch\\\/?page_id=1302#primaryimage\"},\"image\":{\"@id\":\"https:\\\/\\\/dd-design.ch\\\/?page_id=1302#primaryimage\"},\"thumbnailUrl\":\"https:\\\/\\\/dd-design.ch\\\/wp-content\\\/uploads\\\/2020\\\/04\\\/blum-2-dd-design.jpg\",\"datePublished\":\"2020-04-06T19:02:34+00:00\",\"dateModified\":\"2025-05-24T14:03:35+00:00\",\"breadcrumb\":{\"@id\":\"https:\\\/\\\/dd-design.ch\\\/?page_id=1302#breadcrumb\"},\"inLanguage\":\"fr-FR\",\"potentialAction\":[{\"@type\":\"ReadAction\",\"target\":[\"https:\\\/\\\/dd-design.ch\\\/?page_id=1302\"]}]},{\"@type\":\"ImageObject\",\"inLanguage\":\"fr-FR\",\"@id\":\"https:\\\/\\\/dd-design.ch\\\/?page_id=1302#primaryimage\",\"url\":\"https:\\\/\\\/dd-design.ch\\\/wp-content\\\/uploads\\\/2020\\\/04\\\/blum-2-dd-design.jpg\",\"contentUrl\":\"https:\\\/\\\/dd-design.ch\\\/wp-content\\\/uploads\\\/2020\\\/04\\\/blum-2-dd-design.jpg\",\"width\":980,\"height\":660},{\"@type\":\"BreadcrumbList\",\"@id\":\"https:\\\/\\\/dd-design.ch\\\/?page_id=1302#breadcrumb\",\"itemListElement\":[{\"@type\":\"ListItem\",\"position\":1,\"name\":\"Accueil\",\"item\":\"https:\\\/\\\/dd-design.ch\\\/\"},{\"@type\":\"ListItem\",\"position\":2,\"name\":\"Canap\u00e9\",\"item\":\"https:\\\/\\\/dd-design.ch\\\/?page_id=58\"},{\"@type\":\"ListItem\",\"position\":3,\"name\":\"BLUM\"}]},{\"@type\":\"WebSite\",\"@id\":\"https:\\\/\\\/dd-design.ch\\\/#website\",\"url\":\"https:\\\/\\\/dd-design.ch\\\/\",\"name\":\"DD-Design\",\"description\":\"L&#039;excellence s&#039;installe chez vous\",\"publisher\":{\"@id\":\"https:\\\/\\\/dd-design.ch\\\/#organization\"},\"potentialAction\":[{\"@type\":\"SearchAction\",\"target\":{\"@type\":\"EntryPoint\",\"urlTemplate\":\"https:\\\/\\\/dd-design.ch\\\/?s={search_term_string}\"},\"query-input\":{\"@type\":\"PropertyValueSpecification\",\"valueRequired\":true,\"valueName\":\"search_term_string\"}}],\"inLanguage\":\"fr-FR\"},{\"@type\":\"Organization\",\"@id\":\"https:\\\/\\\/dd-design.ch\\\/#organization\",\"name\":\"DD-Design\",\"url\":\"https:\\\/\\\/dd-design.ch\\\/\",\"logo\":{\"@type\":\"ImageObject\",\"inLanguage\":\"fr-FR\",\"@id\":\"https:\\\/\\\/dd-design.ch\\\/#\\\/schema\\\/logo\\\/image\\\/\",\"url\":\"http:\\\/\\\/dd-design.ch\\\/wp-content\\\/uploads\\\/2019\\\/01\\\/logo-DD-design.png\",\"contentUrl\":\"http:\\\/\\\/dd-design.ch\\\/wp-content\\\/uploads\\\/2019\\\/01\\\/logo-DD-design.png\",\"width\":772,\"height\":624,\"caption\":\"DD-Design\"},\"image\":{\"@id\":\"https:\\\/\\\/dd-design.ch\\\/#\\\/schema\\\/logo\\\/image\\\/\"},\"sameAs\":[\"https:\\\/\\\/www.facebook.com\\\/dddesignch\",\"https:\\\/\\\/www.instagram.com\\\/dddesignch\",\"https:\\\/\\\/www.linkedin.com\\\/in\\\/dd-design\"]}]}<\/script>\n<!-- \/ Yoast SEO plugin. -->","yoast_head_json":{"title":"BLUM - DD-Design","robots":{"index":"index","follow":"follow","max-snippet":"max-snippet:-1","max-image-preview":"max-image-preview:large","max-video-preview":"max-video-preview:-1"},"canonical":"https:\/\/dd-design.ch\/?page_id=1302","og_locale":"fr_FR","og_type":"article","og_title":"BLUM - DD-Design","og_description":"BLUM : l\u00e9g\u00e8ret\u00e9, \u00e9l\u00e9gance et confort absolu.Ce canap\u00e9 aux lignes raffin\u00e9es \u00e9pouse le corps avec douceur gr\u00e2ce \u00e0 un savant m\u00e9lange de mat\u00e9riaux traditionnels et innovants.Son assise g\u00e9n\u00e9reuse, ses rembourrages &hellip; Continuer la lecture de &laquo;&nbsp;BLUM&nbsp;&raquo;","og_url":"https:\/\/dd-design.ch\/?page_id=1302","og_site_name":"DD-Design","article_publisher":"https:\/\/www.facebook.com\/dddesignch","article_modified_time":"2025-05-24T14:03:35+00:00","og_image":[{"width":980,"height":660,"url":"https:\/\/dd-design.ch\/wp-content\/uploads\/2020\/04\/blum-2-dd-design.jpg","type":"image\/jpeg"}],"twitter_card":"summary_large_image","twitter_misc":{"Dur\u00e9e de lecture estim\u00e9e":"2 minutes"},"schema":{"@context":"https:\/\/schema.org","@graph":[{"@type":"WebPage","@id":"https:\/\/dd-design.ch\/?page_id=1302","url":"https:\/\/dd-design.ch\/?page_id=1302","name":"BLUM - DD-Design","isPartOf":{"@id":"https:\/\/dd-design.ch\/#website"},"primaryImageOfPage":{"@id":"https:\/\/dd-design.ch\/?page_id=1302#primaryimage"},"image":{"@id":"https:\/\/dd-design.ch\/?page_id=1302#primaryimage"},"thumbnailUrl":"https:\/\/dd-design.ch\/wp-content\/uploads\/2020\/04\/blum-2-dd-design.jpg","datePublished":"2020-04-06T19:02:34+00:00","dateModified":"2025-05-24T14:03:35+00:00","breadcrumb":{"@id":"https:\/\/dd-design.ch\/?page_id=1302#breadcrumb"},"inLanguage":"fr-FR","potentialAction":[{"@type":"ReadAction","target":["https:\/\/dd-design.ch\/?page_id=1302"]}]},{"@type":"ImageObject","inLanguage":"fr-FR","@id":"https:\/\/dd-design.ch\/?page_id=1302#primaryimage","url":"https:\/\/dd-design.ch\/wp-content\/uploads\/2020\/04\/blum-2-dd-design.jpg","contentUrl":"https:\/\/dd-design.ch\/wp-content\/uploads\/2020\/04\/blum-2-dd-design.jpg","width":980,"height":660},{"@type":"BreadcrumbList","@id":"https:\/\/dd-design.ch\/?page_id=1302#breadcrumb","itemListElement":[{"@type":"ListItem","position":1,"name":"Accueil","item":"https:\/\/dd-design.ch\/"},{"@type":"ListItem","position":2,"name":"Canap\u00e9","item":"https:\/\/dd-design.ch\/?page_id=58"},{"@type":"ListItem","position":3,"name":"BLUM"}]},{"@type":"WebSite","@id":"https:\/\/dd-design.ch\/#website","url":"https:\/\/dd-design.ch\/","name":"DD-Design","description":"L&#039;excellence s&#039;installe chez vous","publisher":{"@id":"https:\/\/dd-design.ch\/#organization"},"potentialAction":[{"@type":"SearchAction","target":{"@type":"EntryPoint","urlTemplate":"https:\/\/dd-design.ch\/?s={search_term_string}"},"query-input":{"@type":"PropertyValueSpecification","valueRequired":true,"valueName":"search_term_string"}}],"inLanguage":"fr-FR"},{"@type":"Organization","@id":"https:\/\/dd-design.ch\/#organization","name":"DD-Design","url":"https:\/\/dd-design.ch\/","logo":{"@type":"ImageObject","inLanguage":"fr-FR","@id":"https:\/\/dd-design.ch\/#\/schema\/logo\/image\/","url":"http:\/\/dd-design.ch\/wp-content\/uploads\/2019\/01\/logo-DD-design.png","contentUrl":"http:\/\/dd-design.ch\/wp-content\/uploads\/2019\/01\/logo-DD-design.png","width":772,"height":624,"caption":"DD-Design"},"image":{"@id":"https:\/\/dd-design.ch\/#\/schema\/logo\/image\/"},"sameAs":["https:\/\/www.facebook.com\/dddesignch","https:\/\/www.instagram.com\/dddesignch","https:\/\/www.linkedin.com\/in\/dd-design"]}]}},"featured_image_src":null,"featured_image_src_square":null,"jetpack_sharing_enabled":true,"ticketed":false,"_links":{"self":[{"href":"https:\/\/dd-design.ch\/index.php?rest_route=\/wp\/v2\/pages\/1302","targetHints":{"allow":["GET"]}}],"collection":[{"href":"https:\/\/dd-design.ch\/index.php?rest_route=\/wp\/v2\/pages"}],"about":[{"href":"https:\/\/dd-design.ch\/index.php?rest_route=\/wp\/v2\/types\/page"}],"author":[{"embeddable":true,"href":"https:\/\/dd-design.ch\/index.php?rest_route=\/wp\/v2\/users\/1"}],"replies":[{"embeddable":true,"href":"https:\/\/dd-design.ch\/index.php?rest_route=%2Fwp%2Fv2%2Fcomments&post=1302"}],"version-history":[{"count":2,"href":"https:\/\/dd-design.ch\/index.php?rest_route=\/wp\/v2\/pages\/1302\/revisions"}],"predecessor-version":[{"id":2000,"href":"https:\/\/dd-design.ch\/index.php?rest_route=\/wp\/v2\/pages\/1302\/revisions\/2000"}],"up":[{"embeddable":true,"href":"https:\/\/dd-design.ch\/index.php?rest_route=\/wp\/v2\/pages\/58"}],"wp:attachment":[{"href":"https:\/\/dd-design.ch\/index.php?rest_route=%2Fwp%2Fv2%2Fmedia&parent=1302"}],"curies":[{"name":"wp","href":"https:\/\/api.w.org\/{rel}","templated":true}]}}