{"id":128,"date":"2019-01-13T00:23:27","date_gmt":"2019-01-12T23:23:27","guid":{"rendered":"http:\/\/dd-design.ch\/?page_id=128"},"modified":"2020-04-07T14:51:28","modified_gmt":"2020-04-07T12:51:28","slug":"librairie","status":"publish","type":"page","link":"https:\/\/dd-design.ch\/?page_id=128","title":{"rendered":"Biblioth\u00e8que"},"content":{"rendered":"\n<p>La biblioth\u00e8que est souvent synonyme d\u2019<strong>\u00e9l\u00e9gance<\/strong>, de <strong>culture<\/strong>, de <strong>curiosit\u00e9<\/strong>, mais aussi de rangement, d\u2019optimisation et design. Nous \u00e9tudions avec vous quelle est la meilleure solution de rangement d\u2019optimisation, de fonctionnalit\u00e9 comme par exemple en lui int\u00e9grant un espace TV en respectant vos besoins et en y apportant une touche contemporaine ou classique. Faites de votre biblioth\u00e8que l\u2019objet phare de votre salon, ou de votre chambre, bureau etc&#8230;, et faites refl\u00e9ter votre personnalit\u00e9 par son interm\u00e9diaire. Nous nous empresserons de vous concocter un projet sur mesure avec des mat\u00e9riaux soigneusement s\u00e9lectionn\u00e9s afin de vous garantir une <strong>haute qualit\u00e9<\/strong> et <strong>long\u00e9vit\u00e9 <\/strong>du <strong>produit<\/strong>.<\/p>\n\n\n\n<figure class=\"wp-block-gallery aligncenter columns-2 is-cropped wp-block-gallery-1 is-layout-flex wp-block-gallery-is-layout-flex\"><ul class=\"blocks-gallery-grid\"><li class=\"blocks-gallery-item\"><figure><a href=\"https:\/\/dd-design.ch\/wp-content\/uploads\/2019\/01\/librarie-1-1024x636.jpg\"><img loading=\"lazy\" decoding=\"async\" width=\"1024\" height=\"636\" data-attachment-id=\"131\" data-permalink=\"https:\/\/dd-design.ch\/?attachment_id=131\" data-orig-file=\"https:\/\/dd-design.ch\/wp-content\/uploads\/2019\/01\/librarie-1.jpg\" data-orig-size=\"1500,932\" data-comments-opened=\"1\" data-image-meta=\"{&quot;aperture&quot;:&quot;0&quot;,&quot;credit&quot;:&quot;&quot;,&quot;camera&quot;:&quot;&quot;,&quot;caption&quot;:&quot;&quot;,&quot;created_timestamp&quot;:&quot;0&quot;,&quot;copyright&quot;:&quot;&quot;,&quot;focal_length&quot;:&quot;0&quot;,&quot;iso&quot;:&quot;0&quot;,&quot;shutter_speed&quot;:&quot;0&quot;,&quot;title&quot;:&quot;&quot;,&quot;orientation&quot;:&quot;0&quot;}\" data-image-title=\"librarie 1\" data-image-description=\"\" data-image-caption=\"\" data-medium-file=\"https:\/\/dd-design.ch\/wp-content\/uploads\/2019\/01\/librarie-1-300x186.jpg\" data-large-file=\"https:\/\/dd-design.ch\/wp-content\/uploads\/2019\/01\/librarie-1-1024x636.jpg\" src=\"https:\/\/dd-design.ch\/wp-content\/uploads\/2019\/01\/librarie-1-1024x636.jpg\" alt=\"\" data-id=\"131\" data-link=\"https:\/\/dd-design.ch\/index.php\/librairie\/librarie-1\/\" class=\"wp-image-131\" srcset=\"https:\/\/dd-design.ch\/wp-content\/uploads\/2019\/01\/librarie-1-1024x636.jpg 1024w, https:\/\/dd-design.ch\/wp-content\/uploads\/2019\/01\/librarie-1-300x186.jpg 300w, https:\/\/dd-design.ch\/wp-content\/uploads\/2019\/01\/librarie-1-768x477.jpg 768w, https:\/\/dd-design.ch\/wp-content\/uploads\/2019\/01\/librarie-1.jpg 1500w\" sizes=\"auto, (max-width: 767px) 89vw, (max-width: 1000px) 54vw, (max-width: 1071px) 543px, 580px\" \/><\/a><\/figure><\/li><li class=\"blocks-gallery-item\"><figure><a href=\"https:\/\/dd-design.ch\/wp-content\/uploads\/2019\/01\/librarie-2-1024x511.jpg\"><img loading=\"lazy\" decoding=\"async\" width=\"1024\" height=\"511\" data-attachment-id=\"132\" data-permalink=\"https:\/\/dd-design.ch\/?attachment_id=132\" data-orig-file=\"https:\/\/dd-design.ch\/wp-content\/uploads\/2019\/01\/librarie-2.jpg\" data-orig-size=\"1500,748\" data-comments-opened=\"1\" data-image-meta=\"{&quot;aperture&quot;:&quot;0&quot;,&quot;credit&quot;:&quot;&quot;,&quot;camera&quot;:&quot;&quot;,&quot;caption&quot;:&quot;&quot;,&quot;created_timestamp&quot;:&quot;0&quot;,&quot;copyright&quot;:&quot;&quot;,&quot;focal_length&quot;:&quot;0&quot;,&quot;iso&quot;:&quot;0&quot;,&quot;shutter_speed&quot;:&quot;0&quot;,&quot;title&quot;:&quot;&quot;,&quot;orientation&quot;:&quot;0&quot;}\" data-image-title=\"librarie 2\" data-image-description=\"\" data-image-caption=\"\" data-medium-file=\"https:\/\/dd-design.ch\/wp-content\/uploads\/2019\/01\/librarie-2-300x150.jpg\" data-large-file=\"https:\/\/dd-design.ch\/wp-content\/uploads\/2019\/01\/librarie-2-1024x511.jpg\" src=\"https:\/\/dd-design.ch\/wp-content\/uploads\/2019\/01\/librarie-2-1024x511.jpg\" alt=\"\" data-id=\"132\" data-link=\"https:\/\/dd-design.ch\/index.php\/librairie\/librarie-2\/\" class=\"wp-image-132\" srcset=\"https:\/\/dd-design.ch\/wp-content\/uploads\/2019\/01\/librarie-2-1024x511.jpg 1024w, https:\/\/dd-design.ch\/wp-content\/uploads\/2019\/01\/librarie-2-300x150.jpg 300w, https:\/\/dd-design.ch\/wp-content\/uploads\/2019\/01\/librarie-2-768x383.jpg 768w, https:\/\/dd-design.ch\/wp-content\/uploads\/2019\/01\/librarie-2.jpg 1500w\" sizes=\"auto, (max-width: 767px) 89vw, (max-width: 1000px) 54vw, (max-width: 1071px) 543px, 580px\" \/><\/a><\/figure><\/li><li class=\"blocks-gallery-item\"><figure><a href=\"https:\/\/dd-design.ch\/wp-content\/uploads\/2019\/01\/librarie-3-1024x528.jpg\"><img loading=\"lazy\" decoding=\"async\" width=\"1024\" height=\"528\" data-attachment-id=\"133\" data-permalink=\"https:\/\/dd-design.ch\/?attachment_id=133\" data-orig-file=\"https:\/\/dd-design.ch\/wp-content\/uploads\/2019\/01\/librarie-3.jpg\" data-orig-size=\"1500,773\" data-comments-opened=\"1\" data-image-meta=\"{&quot;aperture&quot;:&quot;0&quot;,&quot;credit&quot;:&quot;&quot;,&quot;camera&quot;:&quot;&quot;,&quot;caption&quot;:&quot;&quot;,&quot;created_timestamp&quot;:&quot;0&quot;,&quot;copyright&quot;:&quot;&quot;,&quot;focal_length&quot;:&quot;0&quot;,&quot;iso&quot;:&quot;0&quot;,&quot;shutter_speed&quot;:&quot;0&quot;,&quot;title&quot;:&quot;&quot;,&quot;orientation&quot;:&quot;0&quot;}\" data-image-title=\"librarie 3\" data-image-description=\"\" data-image-caption=\"\" data-medium-file=\"https:\/\/dd-design.ch\/wp-content\/uploads\/2019\/01\/librarie-3-300x155.jpg\" data-large-file=\"https:\/\/dd-design.ch\/wp-content\/uploads\/2019\/01\/librarie-3-1024x528.jpg\" src=\"https:\/\/dd-design.ch\/wp-content\/uploads\/2019\/01\/librarie-3-1024x528.jpg\" alt=\"\" data-id=\"133\" data-link=\"https:\/\/dd-design.ch\/index.php\/librairie\/librarie-3\/\" class=\"wp-image-133\" srcset=\"https:\/\/dd-design.ch\/wp-content\/uploads\/2019\/01\/librarie-3-1024x528.jpg 1024w, https:\/\/dd-design.ch\/wp-content\/uploads\/2019\/01\/librarie-3-300x155.jpg 300w, https:\/\/dd-design.ch\/wp-content\/uploads\/2019\/01\/librarie-3-768x396.jpg 768w, https:\/\/dd-design.ch\/wp-content\/uploads\/2019\/01\/librarie-3.jpg 1500w\" sizes=\"auto, (max-width: 767px) 89vw, (max-width: 1000px) 54vw, (max-width: 1071px) 543px, 580px\" \/><\/a><\/figure><\/li><li class=\"blocks-gallery-item\"><figure><a href=\"https:\/\/dd-design.ch\/wp-content\/uploads\/2019\/01\/librarie-4-1024x522.jpg\"><img loading=\"lazy\" decoding=\"async\" width=\"1024\" height=\"522\" data-attachment-id=\"134\" data-permalink=\"https:\/\/dd-design.ch\/?attachment_id=134\" data-orig-file=\"https:\/\/dd-design.ch\/wp-content\/uploads\/2019\/01\/librarie-4.jpg\" data-orig-size=\"1500,765\" data-comments-opened=\"1\" data-image-meta=\"{&quot;aperture&quot;:&quot;0&quot;,&quot;credit&quot;:&quot;&quot;,&quot;camera&quot;:&quot;&quot;,&quot;caption&quot;:&quot;&quot;,&quot;created_timestamp&quot;:&quot;0&quot;,&quot;copyright&quot;:&quot;&quot;,&quot;focal_length&quot;:&quot;0&quot;,&quot;iso&quot;:&quot;0&quot;,&quot;shutter_speed&quot;:&quot;0&quot;,&quot;title&quot;:&quot;&quot;,&quot;orientation&quot;:&quot;0&quot;}\" data-image-title=\"librarie 4\" data-image-description=\"\" data-image-caption=\"\" data-medium-file=\"https:\/\/dd-design.ch\/wp-content\/uploads\/2019\/01\/librarie-4-300x153.jpg\" data-large-file=\"https:\/\/dd-design.ch\/wp-content\/uploads\/2019\/01\/librarie-4-1024x522.jpg\" src=\"https:\/\/dd-design.ch\/wp-content\/uploads\/2019\/01\/librarie-4-1024x522.jpg\" alt=\"\" data-id=\"134\" data-link=\"https:\/\/dd-design.ch\/index.php\/librairie\/librarie-4\/\" class=\"wp-image-134\" srcset=\"https:\/\/dd-design.ch\/wp-content\/uploads\/2019\/01\/librarie-4-1024x522.jpg 1024w, https:\/\/dd-design.ch\/wp-content\/uploads\/2019\/01\/librarie-4-300x153.jpg 300w, https:\/\/dd-design.ch\/wp-content\/uploads\/2019\/01\/librarie-4-768x392.jpg 768w, https:\/\/dd-design.ch\/wp-content\/uploads\/2019\/01\/librarie-4.jpg 1500w\" sizes=\"auto, (max-width: 767px) 89vw, (max-width: 1000px) 54vw, (max-width: 1071px) 543px, 580px\" \/><\/a><\/figure><\/li><li class=\"blocks-gallery-item\"><figure><a href=\"https:\/\/dd-design.ch\/wp-content\/uploads\/2019\/01\/librarie-5-1024x568.jpg\"><img loading=\"lazy\" decoding=\"async\" width=\"1024\" height=\"568\" data-attachment-id=\"135\" data-permalink=\"https:\/\/dd-design.ch\/?attachment_id=135\" data-orig-file=\"https:\/\/dd-design.ch\/wp-content\/uploads\/2019\/01\/librarie-5.jpg\" data-orig-size=\"1500,832\" data-comments-opened=\"1\" data-image-meta=\"{&quot;aperture&quot;:&quot;0&quot;,&quot;credit&quot;:&quot;&quot;,&quot;camera&quot;:&quot;&quot;,&quot;caption&quot;:&quot;&quot;,&quot;created_timestamp&quot;:&quot;0&quot;,&quot;copyright&quot;:&quot;&quot;,&quot;focal_length&quot;:&quot;0&quot;,&quot;iso&quot;:&quot;0&quot;,&quot;shutter_speed&quot;:&quot;0&quot;,&quot;title&quot;:&quot;&quot;,&quot;orientation&quot;:&quot;0&quot;}\" data-image-title=\"librarie 5\" data-image-description=\"\" data-image-caption=\"\" data-medium-file=\"https:\/\/dd-design.ch\/wp-content\/uploads\/2019\/01\/librarie-5-300x166.jpg\" data-large-file=\"https:\/\/dd-design.ch\/wp-content\/uploads\/2019\/01\/librarie-5-1024x568.jpg\" src=\"https:\/\/dd-design.ch\/wp-content\/uploads\/2019\/01\/librarie-5-1024x568.jpg\" alt=\"\" data-id=\"135\" data-link=\"https:\/\/dd-design.ch\/index.php\/librairie\/librarie-5\/\" class=\"wp-image-135\" srcset=\"https:\/\/dd-design.ch\/wp-content\/uploads\/2019\/01\/librarie-5-1024x568.jpg 1024w, https:\/\/dd-design.ch\/wp-content\/uploads\/2019\/01\/librarie-5-300x166.jpg 300w, https:\/\/dd-design.ch\/wp-content\/uploads\/2019\/01\/librarie-5-768x426.jpg 768w, https:\/\/dd-design.ch\/wp-content\/uploads\/2019\/01\/librarie-5.jpg 1500w\" sizes=\"auto, (max-width: 767px) 89vw, (max-width: 1000px) 54vw, (max-width: 1071px) 543px, 580px\" \/><\/a><\/figure><\/li><li class=\"blocks-gallery-item\"><figure><a href=\"https:\/\/dd-design.ch\/wp-content\/uploads\/2019\/01\/librarie-6-1024x650.jpg\"><img loading=\"lazy\" decoding=\"async\" width=\"1024\" height=\"650\" data-attachment-id=\"136\" data-permalink=\"https:\/\/dd-design.ch\/?attachment_id=136\" data-orig-file=\"https:\/\/dd-design.ch\/wp-content\/uploads\/2019\/01\/librarie-6.jpg\" data-orig-size=\"1500,952\" data-comments-opened=\"1\" data-image-meta=\"{&quot;aperture&quot;:&quot;0&quot;,&quot;credit&quot;:&quot;&quot;,&quot;camera&quot;:&quot;&quot;,&quot;caption&quot;:&quot;&quot;,&quot;created_timestamp&quot;:&quot;0&quot;,&quot;copyright&quot;:&quot;&quot;,&quot;focal_length&quot;:&quot;0&quot;,&quot;iso&quot;:&quot;0&quot;,&quot;shutter_speed&quot;:&quot;0&quot;,&quot;title&quot;:&quot;&quot;,&quot;orientation&quot;:&quot;0&quot;}\" data-image-title=\"librarie 6\" data-image-description=\"\" data-image-caption=\"\" data-medium-file=\"https:\/\/dd-design.ch\/wp-content\/uploads\/2019\/01\/librarie-6-300x190.jpg\" data-large-file=\"https:\/\/dd-design.ch\/wp-content\/uploads\/2019\/01\/librarie-6-1024x650.jpg\" src=\"https:\/\/dd-design.ch\/wp-content\/uploads\/2019\/01\/librarie-6-1024x650.jpg\" alt=\"\" data-id=\"136\" data-link=\"https:\/\/dd-design.ch\/index.php\/librairie\/librarie-6\/\" class=\"wp-image-136\" srcset=\"https:\/\/dd-design.ch\/wp-content\/uploads\/2019\/01\/librarie-6-1024x650.jpg 1024w, https:\/\/dd-design.ch\/wp-content\/uploads\/2019\/01\/librarie-6-300x190.jpg 300w, https:\/\/dd-design.ch\/wp-content\/uploads\/2019\/01\/librarie-6-768x487.jpg 768w, https:\/\/dd-design.ch\/wp-content\/uploads\/2019\/01\/librarie-6.jpg 1500w\" sizes=\"auto, (max-width: 767px) 89vw, (max-width: 1000px) 54vw, (max-width: 1071px) 543px, 580px\" \/><\/a><\/figure><\/li><\/ul><\/figure>\n","protected":false},"excerpt":{"rendered":"<p>La biblioth\u00e8que est souvent synonyme d\u2019\u00e9l\u00e9gance, de culture, de curiosit\u00e9, mais aussi de rangement, d\u2019optimisation et design. Nous \u00e9tudions avec vous quelle est la meilleure solution de rangement d\u2019optimisation, de &hellip; <\/p>\n<p class=\"link-more\"><a href=\"https:\/\/dd-design.ch\/?page_id=128\" class=\"more-link\">Continuer la lecture<span class=\"screen-reader-text\"> de &laquo;&nbsp;Biblioth\u00e8que&nbsp;&raquo;<\/span><\/a><\/p>\n","protected":false},"author":1,"featured_media":0,"parent":97,"menu_order":1,"comment_status":"closed","ping_status":"closed","template":"","meta":{"_monsterinsights_skip_tracking":false,"_monsterinsights_sitenote_active":false,"_monsterinsights_sitenote_note":"","_monsterinsights_sitenote_category":0,"_price":"","_stock":"","_tribe_ticket_header":"","_tribe_default_ticket_provider":"","_tribe_ticket_capacity":"0","_ticket_start_date":"","_ticket_end_date":"","_tribe_ticket_show_description":"","_tribe_ticket_show_not_going":false,"_tribe_ticket_use_global_stock":"","_tribe_ticket_global_stock_level":"","_global_stock_mode":"","_global_stock_cap":"","_tribe_rsvp_for_event":"","_tribe_ticket_going_count":"","_tribe_ticket_not_going_count":"","_tribe_tickets_list":"[]","_tribe_ticket_has_attendee_info_fields":false,"footnotes":"","_tec_slr_enabled":"","_tec_slr_layout":""},"class_list":["post-128","page","type-page","status-publish","hentry"],"yoast_head":"<!-- This site is optimized with the Yoast SEO plugin v26.6 - https:\/\/yoast.com\/wordpress\/plugins\/seo\/ -->\n<title>Biblioth\u00e8que - DD-Design<\/title>\n<meta name=\"robots\" content=\"index, follow, max-snippet:-1, max-image-preview:large, max-video-preview:-1\" \/>\n<link rel=\"canonical\" href=\"https:\/\/dd-design.ch\/?page_id=128\" \/>\n<meta property=\"og:locale\" content=\"fr_FR\" \/>\n<meta property=\"og:type\" content=\"article\" \/>\n<meta property=\"og:title\" content=\"Biblioth\u00e8que - DD-Design\" \/>\n<meta property=\"og:description\" content=\"La biblioth\u00e8que est souvent synonyme d\u2019\u00e9l\u00e9gance, de culture, de curiosit\u00e9, mais aussi de rangement, d\u2019optimisation et design. Nous \u00e9tudions avec vous quelle est la meilleure solution de rangement d\u2019optimisation, de &hellip; Continuer la lecture de &laquo;&nbsp;Biblioth\u00e8que&nbsp;&raquo;\" \/>\n<meta property=\"og:url\" content=\"https:\/\/dd-design.ch\/?page_id=128\" \/>\n<meta property=\"og:site_name\" content=\"DD-Design\" \/>\n<meta property=\"article:publisher\" content=\"https:\/\/www.facebook.com\/dddesignch\" \/>\n<meta property=\"article:modified_time\" content=\"2020-04-07T12:51:28+00:00\" \/>\n<meta property=\"og:image\" content=\"http:\/\/dd-design.ch\/wp-content\/uploads\/2019\/01\/librarie-1-1024x636.jpg\" \/>\n<meta name=\"twitter:card\" content=\"summary_large_image\" \/>\n<meta name=\"twitter:label1\" content=\"Dur\u00e9e de lecture estim\u00e9e\" \/>\n\t<meta name=\"twitter:data1\" content=\"1 minute\" \/>\n<script type=\"application\/ld+json\" class=\"yoast-schema-graph\">{\"@context\":\"https:\/\/schema.org\",\"@graph\":[{\"@type\":\"WebPage\",\"@id\":\"https:\/\/dd-design.ch\/?page_id=128\",\"url\":\"https:\/\/dd-design.ch\/?page_id=128\",\"name\":\"Biblioth\u00e8que - DD-Design\",\"isPartOf\":{\"@id\":\"https:\/\/dd-design.ch\/#website\"},\"primaryImageOfPage\":{\"@id\":\"https:\/\/dd-design.ch\/?page_id=128#primaryimage\"},\"image\":{\"@id\":\"https:\/\/dd-design.ch\/?page_id=128#primaryimage\"},\"thumbnailUrl\":\"http:\/\/dd-design.ch\/wp-content\/uploads\/2019\/01\/librarie-1-1024x636.jpg\",\"datePublished\":\"2019-01-12T23:23:27+00:00\",\"dateModified\":\"2020-04-07T12:51:28+00:00\",\"breadcrumb\":{\"@id\":\"https:\/\/dd-design.ch\/?page_id=128#breadcrumb\"},\"inLanguage\":\"fr-FR\",\"potentialAction\":[{\"@type\":\"ReadAction\",\"target\":[\"https:\/\/dd-design.ch\/?page_id=128\"]}]},{\"@type\":\"ImageObject\",\"inLanguage\":\"fr-FR\",\"@id\":\"https:\/\/dd-design.ch\/?page_id=128#primaryimage\",\"url\":\"http:\/\/dd-design.ch\/wp-content\/uploads\/2019\/01\/librarie-1-1024x636.jpg\",\"contentUrl\":\"http:\/\/dd-design.ch\/wp-content\/uploads\/2019\/01\/librarie-1-1024x636.jpg\"},{\"@type\":\"BreadcrumbList\",\"@id\":\"https:\/\/dd-design.ch\/?page_id=128#breadcrumb\",\"itemListElement\":[{\"@type\":\"ListItem\",\"position\":1,\"name\":\"Accueil\",\"item\":\"https:\/\/dd-design.ch\/\"},{\"@type\":\"ListItem\",\"position\":2,\"name\":\"Jour\",\"item\":\"https:\/\/dd-design.ch\/?page_id=97\"},{\"@type\":\"ListItem\",\"position\":3,\"name\":\"Biblioth\u00e8que\"}]},{\"@type\":\"WebSite\",\"@id\":\"https:\/\/dd-design.ch\/#website\",\"url\":\"https:\/\/dd-design.ch\/\",\"name\":\"DD-Design\",\"description\":\"L&#039;excellence s&#039;installe chez vous\",\"publisher\":{\"@id\":\"https:\/\/dd-design.ch\/#organization\"},\"potentialAction\":[{\"@type\":\"SearchAction\",\"target\":{\"@type\":\"EntryPoint\",\"urlTemplate\":\"https:\/\/dd-design.ch\/?s={search_term_string}\"},\"query-input\":{\"@type\":\"PropertyValueSpecification\",\"valueRequired\":true,\"valueName\":\"search_term_string\"}}],\"inLanguage\":\"fr-FR\"},{\"@type\":\"Organization\",\"@id\":\"https:\/\/dd-design.ch\/#organization\",\"name\":\"DD-Design\",\"url\":\"https:\/\/dd-design.ch\/\",\"logo\":{\"@type\":\"ImageObject\",\"inLanguage\":\"fr-FR\",\"@id\":\"https:\/\/dd-design.ch\/#\/schema\/logo\/image\/\",\"url\":\"http:\/\/dd-design.ch\/wp-content\/uploads\/2019\/01\/logo-DD-design.png\",\"contentUrl\":\"http:\/\/dd-design.ch\/wp-content\/uploads\/2019\/01\/logo-DD-design.png\",\"width\":772,\"height\":624,\"caption\":\"DD-Design\"},\"image\":{\"@id\":\"https:\/\/dd-design.ch\/#\/schema\/logo\/image\/\"},\"sameAs\":[\"https:\/\/www.facebook.com\/dddesignch\",\"https:\/\/www.instagram.com\/dddesignch\",\"https:\/\/www.linkedin.com\/in\/dd-design\"]}]}<\/script>\n<!-- \/ Yoast SEO plugin. -->","yoast_head_json":{"title":"Biblioth\u00e8que - DD-Design","robots":{"index":"index","follow":"follow","max-snippet":"max-snippet:-1","max-image-preview":"max-image-preview:large","max-video-preview":"max-video-preview:-1"},"canonical":"https:\/\/dd-design.ch\/?page_id=128","og_locale":"fr_FR","og_type":"article","og_title":"Biblioth\u00e8que - DD-Design","og_description":"La biblioth\u00e8que est souvent synonyme d\u2019\u00e9l\u00e9gance, de culture, de curiosit\u00e9, mais aussi de rangement, d\u2019optimisation et design. Nous \u00e9tudions avec vous quelle est la meilleure solution de rangement d\u2019optimisation, de &hellip; Continuer la lecture de &laquo;&nbsp;Biblioth\u00e8que&nbsp;&raquo;","og_url":"https:\/\/dd-design.ch\/?page_id=128","og_site_name":"DD-Design","article_publisher":"https:\/\/www.facebook.com\/dddesignch","article_modified_time":"2020-04-07T12:51:28+00:00","og_image":[{"url":"http:\/\/dd-design.ch\/wp-content\/uploads\/2019\/01\/librarie-1-1024x636.jpg","type":"","width":"","height":""}],"twitter_card":"summary_large_image","twitter_misc":{"Dur\u00e9e de lecture estim\u00e9e":"1 minute"},"schema":{"@context":"https:\/\/schema.org","@graph":[{"@type":"WebPage","@id":"https:\/\/dd-design.ch\/?page_id=128","url":"https:\/\/dd-design.ch\/?page_id=128","name":"Biblioth\u00e8que - DD-Design","isPartOf":{"@id":"https:\/\/dd-design.ch\/#website"},"primaryImageOfPage":{"@id":"https:\/\/dd-design.ch\/?page_id=128#primaryimage"},"image":{"@id":"https:\/\/dd-design.ch\/?page_id=128#primaryimage"},"thumbnailUrl":"http:\/\/dd-design.ch\/wp-content\/uploads\/2019\/01\/librarie-1-1024x636.jpg","datePublished":"2019-01-12T23:23:27+00:00","dateModified":"2020-04-07T12:51:28+00:00","breadcrumb":{"@id":"https:\/\/dd-design.ch\/?page_id=128#breadcrumb"},"inLanguage":"fr-FR","potentialAction":[{"@type":"ReadAction","target":["https:\/\/dd-design.ch\/?page_id=128"]}]},{"@type":"ImageObject","inLanguage":"fr-FR","@id":"https:\/\/dd-design.ch\/?page_id=128#primaryimage","url":"http:\/\/dd-design.ch\/wp-content\/uploads\/2019\/01\/librarie-1-1024x636.jpg","contentUrl":"http:\/\/dd-design.ch\/wp-content\/uploads\/2019\/01\/librarie-1-1024x636.jpg"},{"@type":"BreadcrumbList","@id":"https:\/\/dd-design.ch\/?page_id=128#breadcrumb","itemListElement":[{"@type":"ListItem","position":1,"name":"Accueil","item":"https:\/\/dd-design.ch\/"},{"@type":"ListItem","position":2,"name":"Jour","item":"https:\/\/dd-design.ch\/?page_id=97"},{"@type":"ListItem","position":3,"name":"Biblioth\u00e8que"}]},{"@type":"WebSite","@id":"https:\/\/dd-design.ch\/#website","url":"https:\/\/dd-design.ch\/","name":"DD-Design","description":"L&#039;excellence s&#039;installe chez vous","publisher":{"@id":"https:\/\/dd-design.ch\/#organization"},"potentialAction":[{"@type":"SearchAction","target":{"@type":"EntryPoint","urlTemplate":"https:\/\/dd-design.ch\/?s={search_term_string}"},"query-input":{"@type":"PropertyValueSpecification","valueRequired":true,"valueName":"search_term_string"}}],"inLanguage":"fr-FR"},{"@type":"Organization","@id":"https:\/\/dd-design.ch\/#organization","name":"DD-Design","url":"https:\/\/dd-design.ch\/","logo":{"@type":"ImageObject","inLanguage":"fr-FR","@id":"https:\/\/dd-design.ch\/#\/schema\/logo\/image\/","url":"http:\/\/dd-design.ch\/wp-content\/uploads\/2019\/01\/logo-DD-design.png","contentUrl":"http:\/\/dd-design.ch\/wp-content\/uploads\/2019\/01\/logo-DD-design.png","width":772,"height":624,"caption":"DD-Design"},"image":{"@id":"https:\/\/dd-design.ch\/#\/schema\/logo\/image\/"},"sameAs":["https:\/\/www.facebook.com\/dddesignch","https:\/\/www.instagram.com\/dddesignch","https:\/\/www.linkedin.com\/in\/dd-design"]}]}},"featured_image_src":null,"featured_image_src_square":null,"jetpack_sharing_enabled":true,"ticketed":false,"_links":{"self":[{"href":"https:\/\/dd-design.ch\/index.php?rest_route=\/wp\/v2\/pages\/128","targetHints":{"allow":["GET"]}}],"collection":[{"href":"https:\/\/dd-design.ch\/index.php?rest_route=\/wp\/v2\/pages"}],"about":[{"href":"https:\/\/dd-design.ch\/index.php?rest_route=\/wp\/v2\/types\/page"}],"author":[{"embeddable":true,"href":"https:\/\/dd-design.ch\/index.php?rest_route=\/wp\/v2\/users\/1"}],"replies":[{"embeddable":true,"href":"https:\/\/dd-design.ch\/index.php?rest_route=%2Fwp%2Fv2%2Fcomments&post=128"}],"version-history":[{"count":5,"href":"https:\/\/dd-design.ch\/index.php?rest_route=\/wp\/v2\/pages\/128\/revisions"}],"predecessor-version":[{"id":1365,"href":"https:\/\/dd-design.ch\/index.php?rest_route=\/wp\/v2\/pages\/128\/revisions\/1365"}],"up":[{"embeddable":true,"href":"https:\/\/dd-design.ch\/index.php?rest_route=\/wp\/v2\/pages\/97"}],"wp:attachment":[{"href":"https:\/\/dd-design.ch\/index.php?rest_route=%2Fwp%2Fv2%2Fmedia&parent=128"}],"curies":[{"name":"wp","href":"https:\/\/api.w.org\/{rel}","templated":true}]}}