{"id":1183,"date":"2020-04-06T18:44:39","date_gmt":"2020-04-06T16:44:39","guid":{"rendered":"http:\/\/dd-design.ch\/?page_id=1183"},"modified":"2025-05-24T16:12:20","modified_gmt":"2025-05-24T14:12:20","slug":"chaisesoutdoor","status":"publish","type":"page","link":"https:\/\/dd-design.ch\/?page_id=1183","title":{"rendered":"Chaises"},"content":{"rendered":"\n<p><strong>Chaises design, confort sur mesure, pour int\u00e9rieur et ext\u00e9rieur.<\/strong><br>D\u00e9couvrez notre collection exclusive de chaises alliant <strong>\u00e9l\u00e9gance, ergonomie et personnalisation<\/strong>, adapt\u00e9es aussi bien aux espaces int\u00e9rieurs qu\u2019ext\u00e9rieurs.<br>Chaque mod\u00e8le est con\u00e7u pour offrir une assise confortable et enveloppante, parfaite pour tous les environnements, de la maison au bureau, en passant par la terrasse ou le jardin.<\/p>\n\n\n\n<p>Choisissez parmi une large gamme de <strong>mat\u00e9riaux haut de gamme<\/strong> : tissus raffin\u00e9s, cuir, velours, mat\u00e9riaux r\u00e9sistants aux intemp\u00e9ries et bien plus, pour cr\u00e9er des chaises uniques refl\u00e9tant votre style.<br>Les options de personnalisation vont au-del\u00e0 du rev\u00eatement : structure, couleurs et finitions s\u2019adaptent \u00e0 vos envies esth\u00e9tiques et besoins fonctionnels.<\/p>\n\n\n\n<p><strong>De nombreux mod\u00e8les exclusifs ne sont pas encore pr\u00e9sents sur notre site : contactez-nous pour d\u00e9couvrir toute notre offre.<\/strong><\/p>\n\n\n\n<p>Sublimez vos espaces avec des chaises qui marient <strong>design contemporain<\/strong> et <strong>confort absolu<\/strong>.<\/p>\n\n\n\n<figure class=\"wp-block-gallery has-nested-images columns-default is-cropped wp-block-gallery-1 is-layout-flex wp-block-gallery-is-layout-flex\">\n<figure class=\"wp-block-image size-large\"><img decoding=\"async\" width=\"259\" height=\"194\" data-attachment-id=\"1186\" data-permalink=\"https:\/\/dd-design.ch\/?attachment_id=1186\" data-orig-file=\"https:\/\/dd-design.ch\/wp-content\/uploads\/2020\/04\/dd-design-elephant.jpeg\" data-orig-size=\"259,194\" data-comments-opened=\"1\" data-image-meta=\"{&quot;aperture&quot;:&quot;0&quot;,&quot;credit&quot;:&quot;&quot;,&quot;camera&quot;:&quot;&quot;,&quot;caption&quot;:&quot;&quot;,&quot;created_timestamp&quot;:&quot;0&quot;,&quot;copyright&quot;:&quot;&quot;,&quot;focal_length&quot;:&quot;0&quot;,&quot;iso&quot;:&quot;0&quot;,&quot;shutter_speed&quot;:&quot;0&quot;,&quot;title&quot;:&quot;&quot;,&quot;orientation&quot;:&quot;0&quot;}\" data-image-title=\"dd-design-elephant\" data-image-description=\"\" data-image-caption=\"\" data-large-file=\"https:\/\/dd-design.ch\/wp-content\/uploads\/2020\/04\/dd-design-elephant.jpeg\" data-id=\"1186\" src=\"https:\/\/dd-design.ch\/wp-content\/uploads\/2020\/04\/dd-design-elephant.jpeg\" alt=\"\" class=\"wp-image-1186\"\/><\/figure>\n\n\n\n<figure class=\"wp-block-image size-large\"><img decoding=\"async\" width=\"731\" height=\"1024\" data-attachment-id=\"1187\" data-permalink=\"https:\/\/dd-design.ch\/?attachment_id=1187\" data-orig-file=\"https:\/\/dd-design.ch\/wp-content\/uploads\/2020\/04\/dd-design-pueblita-1.jpg\" data-orig-size=\"1000,1400\" data-comments-opened=\"1\" data-image-meta=\"{&quot;aperture&quot;:&quot;16&quot;,&quot;credit&quot;:&quot;&quot;,&quot;camera&quot;:&quot;Canon EOS 60D&quot;,&quot;caption&quot;:&quot;&quot;,&quot;created_timestamp&quot;:&quot;1496938367&quot;,&quot;copyright&quot;:&quot;&quot;,&quot;focal_length&quot;:&quot;55&quot;,&quot;iso&quot;:&quot;100&quot;,&quot;shutter_speed&quot;:&quot;0.008&quot;,&quot;title&quot;:&quot;&quot;,&quot;orientation&quot;:&quot;1&quot;}\" data-image-title=\"dd-design-pueblita-1\" data-image-description=\"\" data-image-caption=\"\" data-large-file=\"https:\/\/dd-design.ch\/wp-content\/uploads\/2020\/04\/dd-design-pueblita-1-731x1024.jpg\" data-id=\"1187\" src=\"https:\/\/dd-design.ch\/wp-content\/uploads\/2020\/04\/dd-design-pueblita-1-731x1024.jpg\" alt=\"\" class=\"wp-image-1187\" srcset=\"https:\/\/dd-design.ch\/wp-content\/uploads\/2020\/04\/dd-design-pueblita-1-731x1024.jpg 731w, https:\/\/dd-design.ch\/wp-content\/uploads\/2020\/04\/dd-design-pueblita-1-214x300.jpg 214w, https:\/\/dd-design.ch\/wp-content\/uploads\/2020\/04\/dd-design-pueblita-1-768x1075.jpg 768w, https:\/\/dd-design.ch\/wp-content\/uploads\/2020\/04\/dd-design-pueblita-1.jpg 1000w\" sizes=\"(max-width: 731px) 100vw, 731px\" \/><\/figure>\n\n\n\n<figure class=\"wp-block-image size-large\"><img decoding=\"async\" width=\"1000\" height=\"1000\" data-attachment-id=\"1188\" data-permalink=\"https:\/\/dd-design.ch\/?attachment_id=1188\" data-orig-file=\"https:\/\/dd-design.ch\/wp-content\/uploads\/2020\/04\/dd-design-tizi.jpg\" data-orig-size=\"1000,1000\" data-comments-opened=\"1\" data-image-meta=\"{&quot;aperture&quot;:&quot;0&quot;,&quot;credit&quot;:&quot;&quot;,&quot;camera&quot;:&quot;&quot;,&quot;caption&quot;:&quot;&quot;,&quot;created_timestamp&quot;:&quot;0&quot;,&quot;copyright&quot;:&quot;&quot;,&quot;focal_length&quot;:&quot;0&quot;,&quot;iso&quot;:&quot;0&quot;,&quot;shutter_speed&quot;:&quot;0&quot;,&quot;title&quot;:&quot;&quot;,&quot;orientation&quot;:&quot;1&quot;}\" data-image-title=\"dd-design-tizi\" data-image-description=\"\" data-image-caption=\"\" data-large-file=\"https:\/\/dd-design.ch\/wp-content\/uploads\/2020\/04\/dd-design-tizi.jpg\" data-id=\"1188\" src=\"https:\/\/dd-design.ch\/wp-content\/uploads\/2020\/04\/dd-design-tizi.jpg\" alt=\"\" class=\"wp-image-1188\" srcset=\"https:\/\/dd-design.ch\/wp-content\/uploads\/2020\/04\/dd-design-tizi.jpg 1000w, https:\/\/dd-design.ch\/wp-content\/uploads\/2020\/04\/dd-design-tizi-300x300.jpg 300w, https:\/\/dd-design.ch\/wp-content\/uploads\/2020\/04\/dd-design-tizi-150x150.jpg 150w, https:\/\/dd-design.ch\/wp-content\/uploads\/2020\/04\/dd-design-tizi-768x768.jpg 768w, https:\/\/dd-design.ch\/wp-content\/uploads\/2020\/04\/dd-design-tizi-600x600.jpg 600w, https:\/\/dd-design.ch\/wp-content\/uploads\/2020\/04\/dd-design-tizi-100x100.jpg 100w\" sizes=\"(max-width: 767px) 89vw, (max-width: 1000px) 54vw, (max-width: 1071px) 543px, 580px\" \/><\/figure>\n\n\n\n<figure class=\"wp-block-image size-large\"><img decoding=\"async\" width=\"731\" height=\"1024\" data-attachment-id=\"1189\" data-permalink=\"https:\/\/dd-design.ch\/?attachment_id=1189\" data-orig-file=\"https:\/\/dd-design.ch\/wp-content\/uploads\/2020\/04\/dd-design-ice-s.jpg\" data-orig-size=\"1000,1400\" data-comments-opened=\"1\" data-image-meta=\"{&quot;aperture&quot;:&quot;16&quot;,&quot;credit&quot;:&quot;&quot;,&quot;camera&quot;:&quot;Canon EOS 60D&quot;,&quot;caption&quot;:&quot;&quot;,&quot;created_timestamp&quot;:&quot;1496938367&quot;,&quot;copyright&quot;:&quot;&quot;,&quot;focal_length&quot;:&quot;55&quot;,&quot;iso&quot;:&quot;100&quot;,&quot;shutter_speed&quot;:&quot;0.008&quot;,&quot;title&quot;:&quot;&quot;,&quot;orientation&quot;:&quot;1&quot;}\" data-image-title=\"dd-design-ice-s\" data-image-description=\"\" data-image-caption=\"\" data-large-file=\"https:\/\/dd-design.ch\/wp-content\/uploads\/2020\/04\/dd-design-ice-s-731x1024.jpg\" data-id=\"1189\" src=\"https:\/\/dd-design.ch\/wp-content\/uploads\/2020\/04\/dd-design-ice-s-731x1024.jpg\" alt=\"\" class=\"wp-image-1189\" srcset=\"https:\/\/dd-design.ch\/wp-content\/uploads\/2020\/04\/dd-design-ice-s-731x1024.jpg 731w, https:\/\/dd-design.ch\/wp-content\/uploads\/2020\/04\/dd-design-ice-s-214x300.jpg 214w, https:\/\/dd-design.ch\/wp-content\/uploads\/2020\/04\/dd-design-ice-s-768x1075.jpg 768w, https:\/\/dd-design.ch\/wp-content\/uploads\/2020\/04\/dd-design-ice-s.jpg 1000w\" sizes=\"(max-width: 731px) 100vw, 731px\" \/><\/figure>\n\n\n\n<figure class=\"wp-block-image size-large\"><img decoding=\"async\" width=\"731\" height=\"1024\" data-attachment-id=\"1190\" data-permalink=\"https:\/\/dd-design.ch\/?attachment_id=1190\" data-orig-file=\"https:\/\/dd-design.ch\/wp-content\/uploads\/2020\/04\/dd-design-regista-alu.jpg\" data-orig-size=\"1000,1400\" data-comments-opened=\"1\" data-image-meta=\"{&quot;aperture&quot;:&quot;16&quot;,&quot;credit&quot;:&quot;&quot;,&quot;camera&quot;:&quot;Canon EOS 60D&quot;,&quot;caption&quot;:&quot;&quot;,&quot;created_timestamp&quot;:&quot;1496938367&quot;,&quot;copyright&quot;:&quot;&quot;,&quot;focal_length&quot;:&quot;55&quot;,&quot;iso&quot;:&quot;100&quot;,&quot;shutter_speed&quot;:&quot;0.008&quot;,&quot;title&quot;:&quot;&quot;,&quot;orientation&quot;:&quot;1&quot;}\" data-image-title=\"dd-design-regista-alu\" data-image-description=\"\" data-image-caption=\"\" data-large-file=\"https:\/\/dd-design.ch\/wp-content\/uploads\/2020\/04\/dd-design-regista-alu-731x1024.jpg\" data-id=\"1190\" src=\"https:\/\/dd-design.ch\/wp-content\/uploads\/2020\/04\/dd-design-regista-alu-731x1024.jpg\" alt=\"\" class=\"wp-image-1190\" srcset=\"https:\/\/dd-design.ch\/wp-content\/uploads\/2020\/04\/dd-design-regista-alu-731x1024.jpg 731w, https:\/\/dd-design.ch\/wp-content\/uploads\/2020\/04\/dd-design-regista-alu-214x300.jpg 214w, https:\/\/dd-design.ch\/wp-content\/uploads\/2020\/04\/dd-design-regista-alu-768x1075.jpg 768w, https:\/\/dd-design.ch\/wp-content\/uploads\/2020\/04\/dd-design-regista-alu.jpg 1000w\" sizes=\"(max-width: 731px) 100vw, 731px\" \/><\/figure>\n<\/figure>\n","protected":false},"excerpt":{"rendered":"<p>Chaises design, confort sur mesure, pour int\u00e9rieur et ext\u00e9rieur.D\u00e9couvrez notre collection exclusive de chaises alliant \u00e9l\u00e9gance, ergonomie et personnalisation, adapt\u00e9es aussi bien aux espaces int\u00e9rieurs qu\u2019ext\u00e9rieurs.Chaque mod\u00e8le est con\u00e7u pour &hellip; <\/p>\n<p class=\"link-more\"><a href=\"https:\/\/dd-design.ch\/?page_id=1183\" class=\"more-link\">Continuer la lecture<span class=\"screen-reader-text\"> de &laquo;&nbsp;Chaises&nbsp;&raquo;<\/span><\/a><\/p>\n","protected":false},"author":1,"featured_media":0,"parent":0,"menu_order":0,"comment_status":"closed","ping_status":"closed","template":"","meta":{"_monsterinsights_skip_tracking":false,"_monsterinsights_sitenote_active":false,"_monsterinsights_sitenote_note":"","_monsterinsights_sitenote_category":0,"_price":"","_stock":"","_tribe_ticket_header":"","_tribe_default_ticket_provider":"","_tribe_ticket_capacity":"0","_ticket_start_date":"","_ticket_end_date":"","_tribe_ticket_show_description":"","_tribe_ticket_show_not_going":false,"_tribe_ticket_use_global_stock":"","_tribe_ticket_global_stock_level":"","_global_stock_mode":"","_global_stock_cap":"","_tribe_rsvp_for_event":"","_tribe_ticket_going_count":"","_tribe_ticket_not_going_count":"","_tribe_tickets_list":"[]","_tribe_ticket_has_attendee_info_fields":false,"footnotes":"","_tec_slr_enabled":"","_tec_slr_layout":""},"class_list":["post-1183","page","type-page","status-publish","hentry"],"yoast_head":"<!-- This site is optimized with the Yoast SEO plugin v27.3 - https:\/\/yoast.com\/product\/yoast-seo-wordpress\/ -->\n<title>Chaises - DD-Design<\/title>\n<meta name=\"robots\" content=\"index, follow, max-snippet:-1, max-image-preview:large, max-video-preview:-1\" \/>\n<link rel=\"canonical\" href=\"https:\/\/dd-design.ch\/?page_id=1183\" \/>\n<meta property=\"og:locale\" content=\"fr_FR\" \/>\n<meta property=\"og:type\" content=\"article\" \/>\n<meta property=\"og:title\" content=\"Chaises - DD-Design\" \/>\n<meta property=\"og:description\" content=\"Chaises design, confort sur mesure, pour int\u00e9rieur et ext\u00e9rieur.D\u00e9couvrez notre collection exclusive de chaises alliant \u00e9l\u00e9gance, ergonomie et personnalisation, adapt\u00e9es aussi bien aux espaces int\u00e9rieurs qu\u2019ext\u00e9rieurs.Chaque mod\u00e8le est con\u00e7u pour &hellip; Continuer la lecture de &laquo;&nbsp;Chaises&nbsp;&raquo;\" \/>\n<meta property=\"og:url\" content=\"https:\/\/dd-design.ch\/?page_id=1183\" \/>\n<meta property=\"og:site_name\" content=\"DD-Design\" \/>\n<meta property=\"article:publisher\" content=\"https:\/\/www.facebook.com\/dddesignch\" \/>\n<meta property=\"article:modified_time\" content=\"2025-05-24T14:12:20+00:00\" \/>\n<meta property=\"og:image\" content=\"http:\/\/dd-design.ch\/wp-content\/uploads\/2020\/04\/dd-design-elephant.jpeg\" \/>\n<meta name=\"twitter:card\" content=\"summary_large_image\" \/>\n<meta name=\"twitter:label1\" content=\"Dur\u00e9e de lecture estim\u00e9e\" \/>\n\t<meta name=\"twitter:data1\" content=\"2 minutes\" \/>\n<script type=\"application\/ld+json\" class=\"yoast-schema-graph\">{\"@context\":\"https:\\\/\\\/schema.org\",\"@graph\":[{\"@type\":\"WebPage\",\"@id\":\"https:\\\/\\\/dd-design.ch\\\/?page_id=1183\",\"url\":\"https:\\\/\\\/dd-design.ch\\\/?page_id=1183\",\"name\":\"Chaises - DD-Design\",\"isPartOf\":{\"@id\":\"https:\\\/\\\/dd-design.ch\\\/#website\"},\"primaryImageOfPage\":{\"@id\":\"https:\\\/\\\/dd-design.ch\\\/?page_id=1183#primaryimage\"},\"image\":{\"@id\":\"https:\\\/\\\/dd-design.ch\\\/?page_id=1183#primaryimage\"},\"thumbnailUrl\":\"http:\\\/\\\/dd-design.ch\\\/wp-content\\\/uploads\\\/2020\\\/04\\\/dd-design-elephant.jpeg\",\"datePublished\":\"2020-04-06T16:44:39+00:00\",\"dateModified\":\"2025-05-24T14:12:20+00:00\",\"breadcrumb\":{\"@id\":\"https:\\\/\\\/dd-design.ch\\\/?page_id=1183#breadcrumb\"},\"inLanguage\":\"fr-FR\",\"potentialAction\":[{\"@type\":\"ReadAction\",\"target\":[\"https:\\\/\\\/dd-design.ch\\\/?page_id=1183\"]}]},{\"@type\":\"ImageObject\",\"inLanguage\":\"fr-FR\",\"@id\":\"https:\\\/\\\/dd-design.ch\\\/?page_id=1183#primaryimage\",\"url\":\"http:\\\/\\\/dd-design.ch\\\/wp-content\\\/uploads\\\/2020\\\/04\\\/dd-design-elephant.jpeg\",\"contentUrl\":\"http:\\\/\\\/dd-design.ch\\\/wp-content\\\/uploads\\\/2020\\\/04\\\/dd-design-elephant.jpeg\"},{\"@type\":\"BreadcrumbList\",\"@id\":\"https:\\\/\\\/dd-design.ch\\\/?page_id=1183#breadcrumb\",\"itemListElement\":[{\"@type\":\"ListItem\",\"position\":1,\"name\":\"Accueil\",\"item\":\"https:\\\/\\\/dd-design.ch\\\/\"},{\"@type\":\"ListItem\",\"position\":2,\"name\":\"Chaises\"}]},{\"@type\":\"WebSite\",\"@id\":\"https:\\\/\\\/dd-design.ch\\\/#website\",\"url\":\"https:\\\/\\\/dd-design.ch\\\/\",\"name\":\"DD-Design\",\"description\":\"L&#039;excellence s&#039;installe chez vous\",\"publisher\":{\"@id\":\"https:\\\/\\\/dd-design.ch\\\/#organization\"},\"potentialAction\":[{\"@type\":\"SearchAction\",\"target\":{\"@type\":\"EntryPoint\",\"urlTemplate\":\"https:\\\/\\\/dd-design.ch\\\/?s={search_term_string}\"},\"query-input\":{\"@type\":\"PropertyValueSpecification\",\"valueRequired\":true,\"valueName\":\"search_term_string\"}}],\"inLanguage\":\"fr-FR\"},{\"@type\":\"Organization\",\"@id\":\"https:\\\/\\\/dd-design.ch\\\/#organization\",\"name\":\"DD-Design\",\"url\":\"https:\\\/\\\/dd-design.ch\\\/\",\"logo\":{\"@type\":\"ImageObject\",\"inLanguage\":\"fr-FR\",\"@id\":\"https:\\\/\\\/dd-design.ch\\\/#\\\/schema\\\/logo\\\/image\\\/\",\"url\":\"http:\\\/\\\/dd-design.ch\\\/wp-content\\\/uploads\\\/2019\\\/01\\\/logo-DD-design.png\",\"contentUrl\":\"http:\\\/\\\/dd-design.ch\\\/wp-content\\\/uploads\\\/2019\\\/01\\\/logo-DD-design.png\",\"width\":772,\"height\":624,\"caption\":\"DD-Design\"},\"image\":{\"@id\":\"https:\\\/\\\/dd-design.ch\\\/#\\\/schema\\\/logo\\\/image\\\/\"},\"sameAs\":[\"https:\\\/\\\/www.facebook.com\\\/dddesignch\",\"https:\\\/\\\/www.instagram.com\\\/dddesignch\",\"https:\\\/\\\/www.linkedin.com\\\/in\\\/dd-design\"]}]}<\/script>\n<!-- \/ Yoast SEO plugin. -->","yoast_head_json":{"title":"Chaises - DD-Design","robots":{"index":"index","follow":"follow","max-snippet":"max-snippet:-1","max-image-preview":"max-image-preview:large","max-video-preview":"max-video-preview:-1"},"canonical":"https:\/\/dd-design.ch\/?page_id=1183","og_locale":"fr_FR","og_type":"article","og_title":"Chaises - DD-Design","og_description":"Chaises design, confort sur mesure, pour int\u00e9rieur et ext\u00e9rieur.D\u00e9couvrez notre collection exclusive de chaises alliant \u00e9l\u00e9gance, ergonomie et personnalisation, adapt\u00e9es aussi bien aux espaces int\u00e9rieurs qu\u2019ext\u00e9rieurs.Chaque mod\u00e8le est con\u00e7u pour &hellip; Continuer la lecture de &laquo;&nbsp;Chaises&nbsp;&raquo;","og_url":"https:\/\/dd-design.ch\/?page_id=1183","og_site_name":"DD-Design","article_publisher":"https:\/\/www.facebook.com\/dddesignch","article_modified_time":"2025-05-24T14:12:20+00:00","og_image":[{"url":"http:\/\/dd-design.ch\/wp-content\/uploads\/2020\/04\/dd-design-elephant.jpeg","type":"","width":"","height":""}],"twitter_card":"summary_large_image","twitter_misc":{"Dur\u00e9e de lecture estim\u00e9e":"2 minutes"},"schema":{"@context":"https:\/\/schema.org","@graph":[{"@type":"WebPage","@id":"https:\/\/dd-design.ch\/?page_id=1183","url":"https:\/\/dd-design.ch\/?page_id=1183","name":"Chaises - DD-Design","isPartOf":{"@id":"https:\/\/dd-design.ch\/#website"},"primaryImageOfPage":{"@id":"https:\/\/dd-design.ch\/?page_id=1183#primaryimage"},"image":{"@id":"https:\/\/dd-design.ch\/?page_id=1183#primaryimage"},"thumbnailUrl":"http:\/\/dd-design.ch\/wp-content\/uploads\/2020\/04\/dd-design-elephant.jpeg","datePublished":"2020-04-06T16:44:39+00:00","dateModified":"2025-05-24T14:12:20+00:00","breadcrumb":{"@id":"https:\/\/dd-design.ch\/?page_id=1183#breadcrumb"},"inLanguage":"fr-FR","potentialAction":[{"@type":"ReadAction","target":["https:\/\/dd-design.ch\/?page_id=1183"]}]},{"@type":"ImageObject","inLanguage":"fr-FR","@id":"https:\/\/dd-design.ch\/?page_id=1183#primaryimage","url":"http:\/\/dd-design.ch\/wp-content\/uploads\/2020\/04\/dd-design-elephant.jpeg","contentUrl":"http:\/\/dd-design.ch\/wp-content\/uploads\/2020\/04\/dd-design-elephant.jpeg"},{"@type":"BreadcrumbList","@id":"https:\/\/dd-design.ch\/?page_id=1183#breadcrumb","itemListElement":[{"@type":"ListItem","position":1,"name":"Accueil","item":"https:\/\/dd-design.ch\/"},{"@type":"ListItem","position":2,"name":"Chaises"}]},{"@type":"WebSite","@id":"https:\/\/dd-design.ch\/#website","url":"https:\/\/dd-design.ch\/","name":"DD-Design","description":"L&#039;excellence s&#039;installe chez vous","publisher":{"@id":"https:\/\/dd-design.ch\/#organization"},"potentialAction":[{"@type":"SearchAction","target":{"@type":"EntryPoint","urlTemplate":"https:\/\/dd-design.ch\/?s={search_term_string}"},"query-input":{"@type":"PropertyValueSpecification","valueRequired":true,"valueName":"search_term_string"}}],"inLanguage":"fr-FR"},{"@type":"Organization","@id":"https:\/\/dd-design.ch\/#organization","name":"DD-Design","url":"https:\/\/dd-design.ch\/","logo":{"@type":"ImageObject","inLanguage":"fr-FR","@id":"https:\/\/dd-design.ch\/#\/schema\/logo\/image\/","url":"http:\/\/dd-design.ch\/wp-content\/uploads\/2019\/01\/logo-DD-design.png","contentUrl":"http:\/\/dd-design.ch\/wp-content\/uploads\/2019\/01\/logo-DD-design.png","width":772,"height":624,"caption":"DD-Design"},"image":{"@id":"https:\/\/dd-design.ch\/#\/schema\/logo\/image\/"},"sameAs":["https:\/\/www.facebook.com\/dddesignch","https:\/\/www.instagram.com\/dddesignch","https:\/\/www.linkedin.com\/in\/dd-design"]}]}},"featured_image_src":null,"featured_image_src_square":null,"jetpack_sharing_enabled":true,"ticketed":false,"_links":{"self":[{"href":"https:\/\/dd-design.ch\/index.php?rest_route=\/wp\/v2\/pages\/1183","targetHints":{"allow":["GET"]}}],"collection":[{"href":"https:\/\/dd-design.ch\/index.php?rest_route=\/wp\/v2\/pages"}],"about":[{"href":"https:\/\/dd-design.ch\/index.php?rest_route=\/wp\/v2\/types\/page"}],"author":[{"embeddable":true,"href":"https:\/\/dd-design.ch\/index.php?rest_route=\/wp\/v2\/users\/1"}],"replies":[{"embeddable":true,"href":"https:\/\/dd-design.ch\/index.php?rest_route=%2Fwp%2Fv2%2Fcomments&post=1183"}],"version-history":[{"count":5,"href":"https:\/\/dd-design.ch\/index.php?rest_route=\/wp\/v2\/pages\/1183\/revisions"}],"predecessor-version":[{"id":2005,"href":"https:\/\/dd-design.ch\/index.php?rest_route=\/wp\/v2\/pages\/1183\/revisions\/2005"}],"wp:attachment":[{"href":"https:\/\/dd-design.ch\/index.php?rest_route=%2Fwp%2Fv2%2Fmedia&parent=1183"}],"curies":[{"name":"wp","href":"https:\/\/api.w.org\/{rel}","templated":true}]}}