{"id":1153,"date":"2020-04-06T15:03:19","date_gmt":"2020-04-06T13:03:19","guid":{"rendered":"http:\/\/dd-design.ch\/?page_id=1153"},"modified":"2020-04-06T19:02:30","modified_gmt":"2020-04-06T17:02:30","slug":"outdoor","status":"publish","type":"page","link":"https:\/\/dd-design.ch\/?page_id=1153","title":{"rendered":"Outdoor"},"content":{"rendered":"\n<p>L\u2019outdoor fait partie int\u00e9grante de votre chez vous et est une extension de votre int\u00e9rieur, donc le rendre chaleureux, harmonieux et fonctionnel est une n\u00e9cessit\u00e9. Nous collaborons avec plusieurs fournisseurs qui seront satisfaire vos exigences en qualit\u00e9 et design. Nous proposons une vaste gamme de produits qui va du <strong>parasol<\/strong> au <strong>mobilier de jardin<\/strong>, <strong>salon<\/strong>, <strong>canap\u00e9<\/strong>, etc.. et pour la grande majorit\u00e9 dessin\u00e9s par des <strong>designers internationaux<\/strong>  r\u00e9compens\u00e9s par des prix prestigieux du design.<\/p>\n\n\n\n<figure class=\"wp-block-image size-large\"><img decoding=\"async\" width=\"700\" height=\"441\" data-attachment-id=\"1154\" data-permalink=\"https:\/\/dd-design.ch\/?attachment_id=1154\" data-orig-file=\"https:\/\/dd-design.ch\/wp-content\/uploads\/2020\/04\/DD-design-revonew-700x441-1.jpg\" data-orig-size=\"700,441\" data-comments-opened=\"1\" data-image-meta=\"{&quot;aperture&quot;:&quot;0&quot;,&quot;credit&quot;:&quot;&quot;,&quot;camera&quot;:&quot;&quot;,&quot;caption&quot;:&quot;&quot;,&quot;created_timestamp&quot;:&quot;0&quot;,&quot;copyright&quot;:&quot;&quot;,&quot;focal_length&quot;:&quot;0&quot;,&quot;iso&quot;:&quot;0&quot;,&quot;shutter_speed&quot;:&quot;0&quot;,&quot;title&quot;:&quot;&quot;,&quot;orientation&quot;:&quot;0&quot;}\" data-image-title=\"DD-design-revonew-700&amp;#215;441-1\" data-image-description=\"\" data-image-caption=\"\" data-large-file=\"https:\/\/dd-design.ch\/wp-content\/uploads\/2020\/04\/DD-design-revonew-700x441-1.jpg\" src=\"https:\/\/dd-design.ch\/wp-content\/uploads\/2020\/04\/DD-design-revonew-700x441-1.jpg\" alt=\"\" class=\"wp-image-1154\" srcset=\"https:\/\/dd-design.ch\/wp-content\/uploads\/2020\/04\/DD-design-revonew-700x441-1.jpg 700w, https:\/\/dd-design.ch\/wp-content\/uploads\/2020\/04\/DD-design-revonew-700x441-1-300x189.jpg 300w\" sizes=\"(max-width: 700px) 100vw, 700px\" \/><\/figure>\n","protected":false},"excerpt":{"rendered":"<p>L\u2019outdoor fait partie int\u00e9grante de votre chez vous et est une extension de votre int\u00e9rieur, donc le rendre chaleureux, harmonieux et fonctionnel est une n\u00e9cessit\u00e9. Nous collaborons avec plusieurs fournisseurs &hellip; <\/p>\n<p class=\"link-more\"><a href=\"https:\/\/dd-design.ch\/?page_id=1153\" class=\"more-link\">Continuer la lecture<span class=\"screen-reader-text\"> de &laquo;&nbsp;Outdoor&nbsp;&raquo;<\/span><\/a><\/p>\n","protected":false},"author":1,"featured_media":0,"parent":0,"menu_order":0,"comment_status":"closed","ping_status":"closed","template":"","meta":{"_monsterinsights_skip_tracking":false,"_monsterinsights_sitenote_active":false,"_monsterinsights_sitenote_note":"","_monsterinsights_sitenote_category":0,"_price":"","_stock":"","_tribe_ticket_header":"","_tribe_default_ticket_provider":"","_tribe_ticket_capacity":"0","_ticket_start_date":"","_ticket_end_date":"","_tribe_ticket_show_description":"","_tribe_ticket_show_not_going":false,"_tribe_ticket_use_global_stock":"","_tribe_ticket_global_stock_level":"","_global_stock_mode":"","_global_stock_cap":"","_tribe_rsvp_for_event":"","_tribe_ticket_going_count":"","_tribe_ticket_not_going_count":"","_tribe_tickets_list":"[]","_tribe_ticket_has_attendee_info_fields":false,"footnotes":"","_tec_slr_enabled":"","_tec_slr_layout":""},"class_list":["post-1153","page","type-page","status-publish","hentry"],"yoast_head":"<!-- This site is optimized with the Yoast SEO plugin v27.3 - https:\/\/yoast.com\/product\/yoast-seo-wordpress\/ -->\n<title>Outdoor - DD-Design<\/title>\n<meta name=\"robots\" content=\"index, follow, max-snippet:-1, max-image-preview:large, max-video-preview:-1\" \/>\n<link rel=\"canonical\" href=\"https:\/\/dd-design.ch\/?page_id=1153\" \/>\n<meta property=\"og:locale\" content=\"fr_FR\" \/>\n<meta property=\"og:type\" content=\"article\" \/>\n<meta property=\"og:title\" content=\"Outdoor - DD-Design\" \/>\n<meta property=\"og:description\" content=\"L\u2019outdoor fait partie int\u00e9grante de votre chez vous et est une extension de votre int\u00e9rieur, donc le rendre chaleureux, harmonieux et fonctionnel est une n\u00e9cessit\u00e9. Nous collaborons avec plusieurs fournisseurs &hellip; Continuer la lecture de &laquo;&nbsp;Outdoor&nbsp;&raquo;\" \/>\n<meta property=\"og:url\" content=\"https:\/\/dd-design.ch\/?page_id=1153\" \/>\n<meta property=\"og:site_name\" content=\"DD-Design\" \/>\n<meta property=\"article:publisher\" content=\"https:\/\/www.facebook.com\/dddesignch\" \/>\n<meta property=\"article:modified_time\" content=\"2020-04-06T17:02:30+00:00\" \/>\n<meta property=\"og:image\" content=\"http:\/\/dd-design.ch\/wp-content\/uploads\/2020\/04\/DD-design-revonew-700x441-1.jpg\" \/>\n<meta name=\"twitter:card\" content=\"summary_large_image\" \/>\n<script type=\"application\/ld+json\" class=\"yoast-schema-graph\">{\"@context\":\"https:\\\/\\\/schema.org\",\"@graph\":[{\"@type\":\"WebPage\",\"@id\":\"https:\\\/\\\/dd-design.ch\\\/?page_id=1153\",\"url\":\"https:\\\/\\\/dd-design.ch\\\/?page_id=1153\",\"name\":\"Outdoor - DD-Design\",\"isPartOf\":{\"@id\":\"https:\\\/\\\/dd-design.ch\\\/#website\"},\"primaryImageOfPage\":{\"@id\":\"https:\\\/\\\/dd-design.ch\\\/?page_id=1153#primaryimage\"},\"image\":{\"@id\":\"https:\\\/\\\/dd-design.ch\\\/?page_id=1153#primaryimage\"},\"thumbnailUrl\":\"http:\\\/\\\/dd-design.ch\\\/wp-content\\\/uploads\\\/2020\\\/04\\\/DD-design-revonew-700x441-1.jpg\",\"datePublished\":\"2020-04-06T13:03:19+00:00\",\"dateModified\":\"2020-04-06T17:02:30+00:00\",\"breadcrumb\":{\"@id\":\"https:\\\/\\\/dd-design.ch\\\/?page_id=1153#breadcrumb\"},\"inLanguage\":\"fr-FR\",\"potentialAction\":[{\"@type\":\"ReadAction\",\"target\":[\"https:\\\/\\\/dd-design.ch\\\/?page_id=1153\"]}]},{\"@type\":\"ImageObject\",\"inLanguage\":\"fr-FR\",\"@id\":\"https:\\\/\\\/dd-design.ch\\\/?page_id=1153#primaryimage\",\"url\":\"http:\\\/\\\/dd-design.ch\\\/wp-content\\\/uploads\\\/2020\\\/04\\\/DD-design-revonew-700x441-1.jpg\",\"contentUrl\":\"http:\\\/\\\/dd-design.ch\\\/wp-content\\\/uploads\\\/2020\\\/04\\\/DD-design-revonew-700x441-1.jpg\"},{\"@type\":\"BreadcrumbList\",\"@id\":\"https:\\\/\\\/dd-design.ch\\\/?page_id=1153#breadcrumb\",\"itemListElement\":[{\"@type\":\"ListItem\",\"position\":1,\"name\":\"Accueil\",\"item\":\"https:\\\/\\\/dd-design.ch\\\/\"},{\"@type\":\"ListItem\",\"position\":2,\"name\":\"Outdoor\"}]},{\"@type\":\"WebSite\",\"@id\":\"https:\\\/\\\/dd-design.ch\\\/#website\",\"url\":\"https:\\\/\\\/dd-design.ch\\\/\",\"name\":\"DD-Design\",\"description\":\"L&#039;excellence s&#039;installe chez vous\",\"publisher\":{\"@id\":\"https:\\\/\\\/dd-design.ch\\\/#organization\"},\"potentialAction\":[{\"@type\":\"SearchAction\",\"target\":{\"@type\":\"EntryPoint\",\"urlTemplate\":\"https:\\\/\\\/dd-design.ch\\\/?s={search_term_string}\"},\"query-input\":{\"@type\":\"PropertyValueSpecification\",\"valueRequired\":true,\"valueName\":\"search_term_string\"}}],\"inLanguage\":\"fr-FR\"},{\"@type\":\"Organization\",\"@id\":\"https:\\\/\\\/dd-design.ch\\\/#organization\",\"name\":\"DD-Design\",\"url\":\"https:\\\/\\\/dd-design.ch\\\/\",\"logo\":{\"@type\":\"ImageObject\",\"inLanguage\":\"fr-FR\",\"@id\":\"https:\\\/\\\/dd-design.ch\\\/#\\\/schema\\\/logo\\\/image\\\/\",\"url\":\"http:\\\/\\\/dd-design.ch\\\/wp-content\\\/uploads\\\/2019\\\/01\\\/logo-DD-design.png\",\"contentUrl\":\"http:\\\/\\\/dd-design.ch\\\/wp-content\\\/uploads\\\/2019\\\/01\\\/logo-DD-design.png\",\"width\":772,\"height\":624,\"caption\":\"DD-Design\"},\"image\":{\"@id\":\"https:\\\/\\\/dd-design.ch\\\/#\\\/schema\\\/logo\\\/image\\\/\"},\"sameAs\":[\"https:\\\/\\\/www.facebook.com\\\/dddesignch\",\"https:\\\/\\\/www.instagram.com\\\/dddesignch\",\"https:\\\/\\\/www.linkedin.com\\\/in\\\/dd-design\"]}]}<\/script>\n<!-- \/ Yoast SEO plugin. -->","yoast_head_json":{"title":"Outdoor - DD-Design","robots":{"index":"index","follow":"follow","max-snippet":"max-snippet:-1","max-image-preview":"max-image-preview:large","max-video-preview":"max-video-preview:-1"},"canonical":"https:\/\/dd-design.ch\/?page_id=1153","og_locale":"fr_FR","og_type":"article","og_title":"Outdoor - DD-Design","og_description":"L\u2019outdoor fait partie int\u00e9grante de votre chez vous et est une extension de votre int\u00e9rieur, donc le rendre chaleureux, harmonieux et fonctionnel est une n\u00e9cessit\u00e9. Nous collaborons avec plusieurs fournisseurs &hellip; Continuer la lecture de &laquo;&nbsp;Outdoor&nbsp;&raquo;","og_url":"https:\/\/dd-design.ch\/?page_id=1153","og_site_name":"DD-Design","article_publisher":"https:\/\/www.facebook.com\/dddesignch","article_modified_time":"2020-04-06T17:02:30+00:00","og_image":[{"url":"http:\/\/dd-design.ch\/wp-content\/uploads\/2020\/04\/DD-design-revonew-700x441-1.jpg","type":"","width":"","height":""}],"twitter_card":"summary_large_image","schema":{"@context":"https:\/\/schema.org","@graph":[{"@type":"WebPage","@id":"https:\/\/dd-design.ch\/?page_id=1153","url":"https:\/\/dd-design.ch\/?page_id=1153","name":"Outdoor - DD-Design","isPartOf":{"@id":"https:\/\/dd-design.ch\/#website"},"primaryImageOfPage":{"@id":"https:\/\/dd-design.ch\/?page_id=1153#primaryimage"},"image":{"@id":"https:\/\/dd-design.ch\/?page_id=1153#primaryimage"},"thumbnailUrl":"http:\/\/dd-design.ch\/wp-content\/uploads\/2020\/04\/DD-design-revonew-700x441-1.jpg","datePublished":"2020-04-06T13:03:19+00:00","dateModified":"2020-04-06T17:02:30+00:00","breadcrumb":{"@id":"https:\/\/dd-design.ch\/?page_id=1153#breadcrumb"},"inLanguage":"fr-FR","potentialAction":[{"@type":"ReadAction","target":["https:\/\/dd-design.ch\/?page_id=1153"]}]},{"@type":"ImageObject","inLanguage":"fr-FR","@id":"https:\/\/dd-design.ch\/?page_id=1153#primaryimage","url":"http:\/\/dd-design.ch\/wp-content\/uploads\/2020\/04\/DD-design-revonew-700x441-1.jpg","contentUrl":"http:\/\/dd-design.ch\/wp-content\/uploads\/2020\/04\/DD-design-revonew-700x441-1.jpg"},{"@type":"BreadcrumbList","@id":"https:\/\/dd-design.ch\/?page_id=1153#breadcrumb","itemListElement":[{"@type":"ListItem","position":1,"name":"Accueil","item":"https:\/\/dd-design.ch\/"},{"@type":"ListItem","position":2,"name":"Outdoor"}]},{"@type":"WebSite","@id":"https:\/\/dd-design.ch\/#website","url":"https:\/\/dd-design.ch\/","name":"DD-Design","description":"L&#039;excellence s&#039;installe chez vous","publisher":{"@id":"https:\/\/dd-design.ch\/#organization"},"potentialAction":[{"@type":"SearchAction","target":{"@type":"EntryPoint","urlTemplate":"https:\/\/dd-design.ch\/?s={search_term_string}"},"query-input":{"@type":"PropertyValueSpecification","valueRequired":true,"valueName":"search_term_string"}}],"inLanguage":"fr-FR"},{"@type":"Organization","@id":"https:\/\/dd-design.ch\/#organization","name":"DD-Design","url":"https:\/\/dd-design.ch\/","logo":{"@type":"ImageObject","inLanguage":"fr-FR","@id":"https:\/\/dd-design.ch\/#\/schema\/logo\/image\/","url":"http:\/\/dd-design.ch\/wp-content\/uploads\/2019\/01\/logo-DD-design.png","contentUrl":"http:\/\/dd-design.ch\/wp-content\/uploads\/2019\/01\/logo-DD-design.png","width":772,"height":624,"caption":"DD-Design"},"image":{"@id":"https:\/\/dd-design.ch\/#\/schema\/logo\/image\/"},"sameAs":["https:\/\/www.facebook.com\/dddesignch","https:\/\/www.instagram.com\/dddesignch","https:\/\/www.linkedin.com\/in\/dd-design"]}]}},"featured_image_src":null,"featured_image_src_square":null,"jetpack_sharing_enabled":true,"ticketed":false,"_links":{"self":[{"href":"https:\/\/dd-design.ch\/index.php?rest_route=\/wp\/v2\/pages\/1153","targetHints":{"allow":["GET"]}}],"collection":[{"href":"https:\/\/dd-design.ch\/index.php?rest_route=\/wp\/v2\/pages"}],"about":[{"href":"https:\/\/dd-design.ch\/index.php?rest_route=\/wp\/v2\/types\/page"}],"author":[{"embeddable":true,"href":"https:\/\/dd-design.ch\/index.php?rest_route=\/wp\/v2\/users\/1"}],"replies":[{"embeddable":true,"href":"https:\/\/dd-design.ch\/index.php?rest_route=%2Fwp%2Fv2%2Fcomments&post=1153"}],"version-history":[{"count":3,"href":"https:\/\/dd-design.ch\/index.php?rest_route=\/wp\/v2\/pages\/1153\/revisions"}],"predecessor-version":[{"id":1197,"href":"https:\/\/dd-design.ch\/index.php?rest_route=\/wp\/v2\/pages\/1153\/revisions\/1197"}],"wp:attachment":[{"href":"https:\/\/dd-design.ch\/index.php?rest_route=%2Fwp%2Fv2%2Fmedia&parent=1153"}],"curies":[{"name":"wp","href":"https:\/\/api.w.org\/{rel}","templated":true}]}}